{"id":398,"date":"2021-06-04T14:36:08","date_gmt":"2021-06-04T11:36:08","guid":{"rendered":"https:\/\/paulberg.eu\/?page_id=398"},"modified":"2023-12-06T12:21:17","modified_gmt":"2023-12-06T09:21:17","slug":"meist","status":"publish","type":"page","link":"https:\/\/paulbergoutdoors.com\/et\/meist\/","title":{"rendered":"Meist"},"content":{"rendered":"\n<div id=\"two-column-block-block_8fc2b094ebd7480d0d26a07df2a219d7\" class=\"two-column-block withimages\">\n\n                                            <div class=\"row\">\n                                    <div class=\"left col-lg col-12 d-flex flex-column justify-content-between\">\n                        <div class=\"left_content\">\n                            <h2>Olen taliujuja!<\/h2>\n<p>Talisuplus ei ole n\u00f5rkadele! Loomulikult v\u00f5ivad seda k\u00f5ik proovida, aga see n\u00f5uab midagi enamat kui tavaline harrastus. See n\u00f5uab julgust! Julgust tulla v\u00e4lja oma mugavustsoonist ning taluda karmi k\u00fclma. Just sel p\u00f5hjusel ei ole talisuplus iga\u00fche jaoks. T\u00e4nu sellele v\u00f5ivad talisuplejad auga tunda ennast erilisena, sest olgem ausad \u2013 seda nad ju on! Pole paremat viisi enda premeerimiseks, kui kanda jakki, mis kuulutab kaugele: \u201eMa olen taliujuja!\u201c.<\/p>\n                        <\/div>\n                        <div class=\"bg-center\" style=\"background-image:url(https:\/\/paulbergoutdoors.com\/wp-content\/uploads\/2021\/06\/DSC_4071.jpg);\"><\/div>\n                    <\/div>\n                                                    <div class=\"right col-lg col-12 d-flex flex-column justify-content-between\">\n                                                                                <div class=\"portrait bg-center\" style=\"background-image:url(https:\/\/paulbergoutdoors.com\/wp-content\/uploads\/2021\/06\/DSC_3635_2.jpg);\"><\/div>\n                                                                                <div class=\"landscape bg-center\" style=\"background-image:url(https:\/\/paulbergoutdoors.com\/wp-content\/uploads\/2021\/06\/DSC_5186.jpg);\"><\/div>\n                                            <\/div>\n                            <\/div>\n            \n    \n    \n    \n    <\/div>\n\n\n<div id=\"two-column-block-block_fa4eb071f303b3d5cb0f7bc096d25296\" class=\"two-column-block imagetext\">\n\n    \n                                            <div class=\"row\">\n                                    <div class=\"left col-lg-4 col-12 order-lg-1 order-2\">\n                        <div class=\"bg-center\" style=\"background-image:url(https:\/\/paulbergoutdoors.com\/wp-content\/uploads\/2021\/06\/DSC_4335.jpg);\"><\/div>\n                    <\/div>\n                                                    <div class=\"right col-lg-8 col-12 order-lg-2 order-1\">\n                        <div class=\"right_content\">\n                            <h2>Soov kuuluda<\/h2>\n<p>Inimene on sotsiaalne olend. Ta soovib kuuluda. Olla \u00fcks omadest. V\u00e4ga sageli, kui oleme enda \u00fcle uhked, soovime seda ka teistega jagada. Muidugi v\u00f5id sa jalutada j\u00e4\u00e4ugu poole t\u00e4iesti tavalises, peaaegu et igavas jopes, kuid see pole pooltki nii v\u00f5imas tunne, kui minna ujuma \u00fches v\u00e4ga erilises r\u00f5ivastuses. Pane t\u00e4hele, sind m\u00e4rgatakse juba kaugelt. Sa noogutad neile tervituseks pead, endal rind jaki all uhkusest kummis. Teid \u00fchendab \u00fchtmoodi m\u00f5tlemine. Te kuulute samasse kogukonda. \u201eTa on \u00fcks omadest!\u201c, m\u00f5tlevad ka teised taliujujad, kui sind veepiirile l\u00e4henemas n\u00e4evad.<\/p>\n                        <\/div>\n                    <\/div>\n                            <\/div>\n            \n    \n    \n    <\/div>\n\n    <div id=\"full-img-block-block_6e974cbe77c2d9ecde76681e7bc7a0ba\" class=\"full-img-block about\">\n        <div class=\"full_image bg-center\" style=\"background-image:url(https:\/\/paulbergoutdoors.com\/wp-content\/uploads\/2021\/06\/Group-2-2.jpg);\"><\/div>\n    <\/div>\n\n\n\n<div id=\"two-column-block-block_d6a6680addcd9e170359bc7450a315c3\" class=\"two-column-block about\">\n\n    \n    \n    \n                                            <div class=\"row\">\n                                    <div class=\"left col-lg-4 col-md-4 col-12\">\n                        <p><strong>Hobid: <\/strong>j\u00e4\u00e4suplus, \u00f5mblemine, teater, matkamine, filmid.<\/p>\n                    <\/div>\n                                                    <div class=\"right col-lg-8 col-md-8 col-12\">\n                        <p>Mu l\u00e4hedased juba teavad, et olen emotsionaalne inimene. S\u00f6\u00f6stan igasse uude ettev\u00f5tmisse meeletu energiaga ja pahatihti iseennast s\u00e4\u00e4stmata. Ka Paul Bergi vahetusjaki v\u00e4lja t\u00f6\u00f6tamisse ja disainimisse olen pannud kogu oma s\u00fcdame ja hinge. T\u00e4nu oma pikaajalisele kogemusele r\u00f5ivat\u00f6\u00f6stuse vallas, ei ole ma saanud ka selles projektis lubada endale j\u00e4releandmisi. N\u00fc\u00fcd vaatan seda tulemust uhkusega ja olen \u00f5nnelik, et olen saanud olla millegi nii \u00e4geda loomise juures.<\/p>\n                    <\/div>\n                            <\/div>\n            \n    <\/div>\n\n    <div id=\"full-img-block-block_50efe6b1905f495ddb13522a71e1aaad\" class=\"full-img-block about\">\n        <div class=\"full_image bg-center\" style=\"background-image:url(https:\/\/paulbergoutdoors.com\/wp-content\/uploads\/2021\/06\/Group-5.jpg);\"><\/div>\n    <\/div>\n\n\n\n<div id=\"two-column-block-block_bf9451d3ceb31097f2f32a990803e41d\" class=\"two-column-block about\">\n\n    \n    \n    \n                                            <div class=\"row\">\n                                    <div class=\"left col-lg-4 col-md-4 col-12\">\n                        <p><strong>Hobid:<\/strong> j\u00e4\u00e4suplus, hoki, matkamine, fotograafia.<\/p>\n                    <\/div>\n                                                    <div class=\"right col-lg-8 col-md-8 col-12\">\n                        <p>\u00c4ra kunagi l\u00f5peta unistamist! S\u00e4ilita uudishimu elu vastu ja \u00fctle &#8220;jah&#8221; uutele v\u00e4ljakutsetele! Neid motosid \u00fcritan ma endale ikka ja j\u00e4lle meelde tuletada ja j\u00e4rgida. \u00dcheks uueks ootamatuks v\u00e4ljakutseks, millega kaasa l\u00e4ksin oli Paul Bergi vahetusjaki v\u00e4lja t\u00f6\u00f6tamine ja turule toomine. Sealjuures oli mul algusest peale kindel n\u00e4gemus, et see jakk peab tulema parim ja lahedaim, mis turul pakutakse. Ehk teisis\u00f5nu, see peab olema midagi sellist, mille \u00fcle saan siiralt uhkust tunda. Ja nii on ka l\u00e4inud! Selle k\u00f5ige juures olen aegajalt pidanud aga endale meelde tuletama veel \u00fcht motot \u2013 naudi seda teekonda, millel oled!<\/p>\n                    <\/div>\n                            <\/div>\n            \n    <\/div>","protected":false},"excerpt":{"rendered":"","protected":false},"author":1,"featured_media":0,"parent":0,"menu_order":1,"comment_status":"closed","ping_status":"closed","template":"page-templates\/template-notitle.php","meta":{"_acf_changed":false,"footnotes":""},"class_list":["post-398","page","type-page","status-publish","hentry"],"acf":[],"yoast_head":"<!-- This site is optimized with the Yoast SEO plugin v27.1.1 - https:\/\/yoast.com\/product\/yoast-seo-wordpress\/ -->\n<title>Meist - Paul Berg<\/title>\n<meta name=\"robots\" content=\"index, follow, max-snippet:-1, max-image-preview:large, max-video-preview:-1\" \/>\n<link rel=\"canonical\" href=\"https:\/\/paulbergoutdoors.com\/et\/meist\/\" \/>\n<meta property=\"og:locale\" content=\"et_EE\" \/>\n<meta property=\"og:type\" content=\"article\" \/>\n<meta property=\"og:title\" content=\"Meist - Paul Berg\" \/>\n<meta property=\"og:url\" content=\"https:\/\/paulbergoutdoors.com\/et\/meist\/\" \/>\n<meta property=\"og:site_name\" content=\"Paul Berg\" \/>\n<meta property=\"article:modified_time\" content=\"2023-12-06T09:21:17+00:00\" \/>\n<meta name=\"twitter:card\" content=\"summary_large_image\" \/>\n<script type=\"application\/ld+json\" class=\"yoast-schema-graph\">{\"@context\":\"https:\/\/schema.org\",\"@graph\":[{\"@type\":\"WebPage\",\"@id\":\"https:\/\/paulbergoutdoors.com\/et\/meist\/\",\"url\":\"https:\/\/paulbergoutdoors.com\/et\/meist\/\",\"name\":\"Meist - Paul Berg\",\"isPartOf\":{\"@id\":\"https:\/\/paulbergoutdoors.com\/et\/#website\"},\"datePublished\":\"2021-06-04T11:36:08+00:00\",\"dateModified\":\"2023-12-06T09:21:17+00:00\",\"breadcrumb\":{\"@id\":\"https:\/\/paulbergoutdoors.com\/et\/meist\/#breadcrumb\"},\"inLanguage\":\"et\",\"potentialAction\":[{\"@type\":\"ReadAction\",\"target\":[\"https:\/\/paulbergoutdoors.com\/et\/meist\/\"]}]},{\"@type\":\"BreadcrumbList\",\"@id\":\"https:\/\/paulbergoutdoors.com\/et\/meist\/#breadcrumb\",\"itemListElement\":[{\"@type\":\"ListItem\",\"position\":1,\"name\":\"Home\",\"item\":\"https:\/\/paulbergoutdoors.com\/et\/\"},{\"@type\":\"ListItem\",\"position\":2,\"name\":\"Meist\"}]},{\"@type\":\"WebSite\",\"@id\":\"https:\/\/paulbergoutdoors.com\/et\/#website\",\"url\":\"https:\/\/paulbergoutdoors.com\/et\/\",\"name\":\"Paul Berg\",\"description\":\"\",\"publisher\":{\"@id\":\"https:\/\/paulbergoutdoors.com\/et\/#organization\"},\"potentialAction\":[{\"@type\":\"SearchAction\",\"target\":{\"@type\":\"EntryPoint\",\"urlTemplate\":\"https:\/\/paulbergoutdoors.com\/et\/?s={search_term_string}\"},\"query-input\":{\"@type\":\"PropertyValueSpecification\",\"valueRequired\":true,\"valueName\":\"search_term_string\"}}],\"inLanguage\":\"et\"},{\"@type\":\"Organization\",\"@id\":\"https:\/\/paulbergoutdoors.com\/et\/#organization\",\"name\":\"Paulberg\",\"url\":\"https:\/\/paulbergoutdoors.com\/et\/\",\"logo\":{\"@type\":\"ImageObject\",\"inLanguage\":\"et\",\"@id\":\"https:\/\/paulbergoutdoors.com\/et\/#\/schema\/logo\/image\/\",\"url\":\"https:\/\/paulbergoutdoors.com\/wp-content\/uploads\/2021\/05\/paul_berg_logo.svg\",\"contentUrl\":\"https:\/\/paulbergoutdoors.com\/wp-content\/uploads\/2021\/05\/paul_berg_logo.svg\",\"width\":175,\"height\":40,\"caption\":\"Paulberg\"},\"image\":{\"@id\":\"https:\/\/paulbergoutdoors.com\/et\/#\/schema\/logo\/image\/\"}}]}<\/script>\n<!-- \/ Yoast SEO plugin. -->","yoast_head_json":{"title":"Meist - Paul Berg","robots":{"index":"index","follow":"follow","max-snippet":"max-snippet:-1","max-image-preview":"max-image-preview:large","max-video-preview":"max-video-preview:-1"},"canonical":"https:\/\/paulbergoutdoors.com\/et\/meist\/","og_locale":"et_EE","og_type":"article","og_title":"Meist - Paul Berg","og_url":"https:\/\/paulbergoutdoors.com\/et\/meist\/","og_site_name":"Paul Berg","article_modified_time":"2023-12-06T09:21:17+00:00","twitter_card":"summary_large_image","schema":{"@context":"https:\/\/schema.org","@graph":[{"@type":"WebPage","@id":"https:\/\/paulbergoutdoors.com\/et\/meist\/","url":"https:\/\/paulbergoutdoors.com\/et\/meist\/","name":"Meist - Paul Berg","isPartOf":{"@id":"https:\/\/paulbergoutdoors.com\/et\/#website"},"datePublished":"2021-06-04T11:36:08+00:00","dateModified":"2023-12-06T09:21:17+00:00","breadcrumb":{"@id":"https:\/\/paulbergoutdoors.com\/et\/meist\/#breadcrumb"},"inLanguage":"et","potentialAction":[{"@type":"ReadAction","target":["https:\/\/paulbergoutdoors.com\/et\/meist\/"]}]},{"@type":"BreadcrumbList","@id":"https:\/\/paulbergoutdoors.com\/et\/meist\/#breadcrumb","itemListElement":[{"@type":"ListItem","position":1,"name":"Home","item":"https:\/\/paulbergoutdoors.com\/et\/"},{"@type":"ListItem","position":2,"name":"Meist"}]},{"@type":"WebSite","@id":"https:\/\/paulbergoutdoors.com\/et\/#website","url":"https:\/\/paulbergoutdoors.com\/et\/","name":"Paul Berg","description":"","publisher":{"@id":"https:\/\/paulbergoutdoors.com\/et\/#organization"},"potentialAction":[{"@type":"SearchAction","target":{"@type":"EntryPoint","urlTemplate":"https:\/\/paulbergoutdoors.com\/et\/?s={search_term_string}"},"query-input":{"@type":"PropertyValueSpecification","valueRequired":true,"valueName":"search_term_string"}}],"inLanguage":"et"},{"@type":"Organization","@id":"https:\/\/paulbergoutdoors.com\/et\/#organization","name":"Paulberg","url":"https:\/\/paulbergoutdoors.com\/et\/","logo":{"@type":"ImageObject","inLanguage":"et","@id":"https:\/\/paulbergoutdoors.com\/et\/#\/schema\/logo\/image\/","url":"https:\/\/paulbergoutdoors.com\/wp-content\/uploads\/2021\/05\/paul_berg_logo.svg","contentUrl":"https:\/\/paulbergoutdoors.com\/wp-content\/uploads\/2021\/05\/paul_berg_logo.svg","width":175,"height":40,"caption":"Paulberg"},"image":{"@id":"https:\/\/paulbergoutdoors.com\/et\/#\/schema\/logo\/image\/"}}]}},"jetpack_sharing_enabled":true,"_links":{"self":[{"href":"https:\/\/paulbergoutdoors.com\/et\/wp-json\/wp\/v2\/pages\/398","targetHints":{"allow":["GET"]}}],"collection":[{"href":"https:\/\/paulbergoutdoors.com\/et\/wp-json\/wp\/v2\/pages"}],"about":[{"href":"https:\/\/paulbergoutdoors.com\/et\/wp-json\/wp\/v2\/types\/page"}],"author":[{"embeddable":true,"href":"https:\/\/paulbergoutdoors.com\/et\/wp-json\/wp\/v2\/users\/1"}],"replies":[{"embeddable":true,"href":"https:\/\/paulbergoutdoors.com\/et\/wp-json\/wp\/v2\/comments?post=398"}],"version-history":[{"count":10,"href":"https:\/\/paulbergoutdoors.com\/et\/wp-json\/wp\/v2\/pages\/398\/revisions"}],"predecessor-version":[{"id":3714,"href":"https:\/\/paulbergoutdoors.com\/et\/wp-json\/wp\/v2\/pages\/398\/revisions\/3714"}],"wp:attachment":[{"href":"https:\/\/paulbergoutdoors.com\/et\/wp-json\/wp\/v2\/media?parent=398"}],"curies":[{"name":"wp","href":"https:\/\/api.w.org\/{rel}","templated":true}]}}