{"id":412,"date":"2021-06-01T12:48:56","date_gmt":"2021-06-01T09:48:56","guid":{"rendered":"https:\/\/paulberg.eu\/social-responsibility\/"},"modified":"2021-09-14T13:40:51","modified_gmt":"2021-09-14T10:40:51","slug":"social-responsibility","status":"publish","type":"page","link":"https:\/\/paulbergoutdoors.com\/et\/social-responsibility\/","title":{"rendered":"Sotsiaalne vastutus"},"content":{"rendered":"\n<p>Paul Berg on p\u00fchendunud k\u00f5rgetele eetikanormidele ja julgustab j\u00e4tkusuutlikkust oma t\u00f6\u00f6tajate, tarnijate, edasim\u00fc\u00fcjate, esindajate ja partnerite seas. Koos peame arvestama oma tegevuse m\u00f5juga inimestele ja keskkonnale. Paul Bergi eesm\u00e4rk on tegutseda viisil, mis on keskkonnale k\u00f5ige v\u00e4hem koormav. Meie eesm\u00e4rk on v\u00e4lja t\u00f6\u00f6tada ja m\u00fc\u00fca tooteid, mis on vastupidavad ja kestavad nii kaua kui v\u00f5imalik. Paljud uuringud n\u00e4itavad, et vastupidavad ja pikaealised tekstiilid on k\u00f5ige keskkonnas\u00f5bralikumad.<\/p>\n\n\n\n<p>Leiame, et j\u00e4tkusuutlik ettev\u00f5tlus peab p\u00f5hinema tervislikul majandusel, keskkonda arvesse v\u00f5ttes ja sotsiaalsel vastutusel. N\u00f5uame, et meie partnerite tehased j\u00e4rgiksid \u00dcRO \u00fclemaailmse kokkuleppe k\u00fcmmet p\u00f5him\u00f5tet, mis k\u00e4sitlevad inim\u00f5igusi, t\u00f6\u00f6j\u00f5udu, keskkonda ja korruptsioonivastast v\u00f5itlust. Kui m\u00f5ni koost\u00f6\u00f6partner rikub \u00fclaltoodut ja ei suuda olukorda parandada, l\u00f5petame selle partnerluse.<\/p>\n\n\n\n<p><a href=\"https:\/\/www.unglobalcompact.org\/what-is-gc\/mission\/principles\">https:\/\/www.unglobalcompact.org\/what-is-gc\/mission\/principles<\/a><\/p>\n","protected":false},"excerpt":{"rendered":"Paul Berg on p\u00fchendunud k\u00f5rgetele eetikanormidele ja julgustab j\u00e4tkusuutlikkust oma t\u00f6\u00f6tajate, tarnijate, edasim\u00fc\u00fcjate, esindajate ja partnerite seas. Koos peame arvestama oma tegevuse m\u00f5juga inimestele ja keskkonnale. Paul Bergi eesm\u00e4rk on tegutseda viisil, mis on keskkonnale k\u00f5ige v\u00e4hem koormav. Meie eesm\u00e4rk on v\u00e4lja t\u00f6\u00f6tada ja m\u00fc\u00fca tooteid, mis on vastupidavad ja kestavad nii kaua kui v\u00f5imalik. [&hellip;]","protected":false},"author":1,"featured_media":0,"parent":0,"menu_order":2,"comment_status":"closed","ping_status":"closed","template":"page-templates\/template-responsibility.php","meta":{"_acf_changed":false,"footnotes":""},"class_list":["post-412","page","type-page","status-publish","hentry"],"acf":[],"yoast_head":"<!-- This site is optimized with the Yoast SEO plugin v27.1.1 - https:\/\/yoast.com\/product\/yoast-seo-wordpress\/ -->\n<title>Sotsiaalne vastutus - Paul Berg<\/title>\n<meta name=\"robots\" content=\"index, follow, max-snippet:-1, max-image-preview:large, max-video-preview:-1\" \/>\n<link rel=\"canonical\" href=\"https:\/\/paulbergoutdoors.com\/et\/social-responsibility\/\" \/>\n<meta property=\"og:locale\" content=\"et_EE\" \/>\n<meta property=\"og:type\" content=\"article\" \/>\n<meta property=\"og:title\" content=\"Sotsiaalne vastutus - Paul Berg\" \/>\n<meta property=\"og:description\" content=\"Paul Berg on p\u00fchendunud k\u00f5rgetele eetikanormidele ja julgustab j\u00e4tkusuutlikkust oma t\u00f6\u00f6tajate, tarnijate, edasim\u00fc\u00fcjate, esindajate ja partnerite seas. Koos peame arvestama oma tegevuse m\u00f5juga inimestele ja keskkonnale. Paul Bergi eesm\u00e4rk on tegutseda viisil, mis on keskkonnale k\u00f5ige v\u00e4hem koormav. Meie eesm\u00e4rk on v\u00e4lja t\u00f6\u00f6tada ja m\u00fc\u00fca tooteid, mis on vastupidavad ja kestavad nii kaua kui v\u00f5imalik. [&hellip;]\" \/>\n<meta property=\"og:url\" content=\"https:\/\/paulbergoutdoors.com\/et\/social-responsibility\/\" \/>\n<meta property=\"og:site_name\" content=\"Paul Berg\" \/>\n<meta property=\"article:modified_time\" content=\"2021-09-14T10:40:51+00:00\" \/>\n<meta name=\"twitter:card\" content=\"summary_large_image\" \/>\n<meta name=\"twitter:label1\" content=\"Est. reading time\" \/>\n\t<meta name=\"twitter:data1\" content=\"1 minut\" \/>\n<script type=\"application\/ld+json\" class=\"yoast-schema-graph\">{\"@context\":\"https:\/\/schema.org\",\"@graph\":[{\"@type\":\"WebPage\",\"@id\":\"https:\/\/paulbergoutdoors.com\/et\/social-responsibility\/\",\"url\":\"https:\/\/paulbergoutdoors.com\/et\/social-responsibility\/\",\"name\":\"Sotsiaalne vastutus - Paul Berg\",\"isPartOf\":{\"@id\":\"https:\/\/paulbergoutdoors.com\/et\/#website\"},\"datePublished\":\"2021-06-01T09:48:56+00:00\",\"dateModified\":\"2021-09-14T10:40:51+00:00\",\"breadcrumb\":{\"@id\":\"https:\/\/paulbergoutdoors.com\/et\/social-responsibility\/#breadcrumb\"},\"inLanguage\":\"et\",\"potentialAction\":[{\"@type\":\"ReadAction\",\"target\":[\"https:\/\/paulbergoutdoors.com\/et\/social-responsibility\/\"]}]},{\"@type\":\"BreadcrumbList\",\"@id\":\"https:\/\/paulbergoutdoors.com\/et\/social-responsibility\/#breadcrumb\",\"itemListElement\":[{\"@type\":\"ListItem\",\"position\":1,\"name\":\"Home\",\"item\":\"https:\/\/paulbergoutdoors.com\/et\/\"},{\"@type\":\"ListItem\",\"position\":2,\"name\":\"Sotsiaalne vastutus\"}]},{\"@type\":\"WebSite\",\"@id\":\"https:\/\/paulbergoutdoors.com\/et\/#website\",\"url\":\"https:\/\/paulbergoutdoors.com\/et\/\",\"name\":\"Paul Berg\",\"description\":\"\",\"publisher\":{\"@id\":\"https:\/\/paulbergoutdoors.com\/et\/#organization\"},\"potentialAction\":[{\"@type\":\"SearchAction\",\"target\":{\"@type\":\"EntryPoint\",\"urlTemplate\":\"https:\/\/paulbergoutdoors.com\/et\/?s={search_term_string}\"},\"query-input\":{\"@type\":\"PropertyValueSpecification\",\"valueRequired\":true,\"valueName\":\"search_term_string\"}}],\"inLanguage\":\"et\"},{\"@type\":\"Organization\",\"@id\":\"https:\/\/paulbergoutdoors.com\/et\/#organization\",\"name\":\"Paulberg\",\"url\":\"https:\/\/paulbergoutdoors.com\/et\/\",\"logo\":{\"@type\":\"ImageObject\",\"inLanguage\":\"et\",\"@id\":\"https:\/\/paulbergoutdoors.com\/et\/#\/schema\/logo\/image\/\",\"url\":\"https:\/\/paulbergoutdoors.com\/wp-content\/uploads\/2021\/05\/paul_berg_logo.svg\",\"contentUrl\":\"https:\/\/paulbergoutdoors.com\/wp-content\/uploads\/2021\/05\/paul_berg_logo.svg\",\"width\":175,\"height\":40,\"caption\":\"Paulberg\"},\"image\":{\"@id\":\"https:\/\/paulbergoutdoors.com\/et\/#\/schema\/logo\/image\/\"}}]}<\/script>\n<!-- \/ Yoast SEO plugin. -->","yoast_head_json":{"title":"Sotsiaalne vastutus - Paul Berg","robots":{"index":"index","follow":"follow","max-snippet":"max-snippet:-1","max-image-preview":"max-image-preview:large","max-video-preview":"max-video-preview:-1"},"canonical":"https:\/\/paulbergoutdoors.com\/et\/social-responsibility\/","og_locale":"et_EE","og_type":"article","og_title":"Sotsiaalne vastutus - Paul Berg","og_description":"Paul Berg on p\u00fchendunud k\u00f5rgetele eetikanormidele ja julgustab j\u00e4tkusuutlikkust oma t\u00f6\u00f6tajate, tarnijate, edasim\u00fc\u00fcjate, esindajate ja partnerite seas. Koos peame arvestama oma tegevuse m\u00f5juga inimestele ja keskkonnale. Paul Bergi eesm\u00e4rk on tegutseda viisil, mis on keskkonnale k\u00f5ige v\u00e4hem koormav. Meie eesm\u00e4rk on v\u00e4lja t\u00f6\u00f6tada ja m\u00fc\u00fca tooteid, mis on vastupidavad ja kestavad nii kaua kui v\u00f5imalik. [&hellip;]","og_url":"https:\/\/paulbergoutdoors.com\/et\/social-responsibility\/","og_site_name":"Paul Berg","article_modified_time":"2021-09-14T10:40:51+00:00","twitter_card":"summary_large_image","twitter_misc":{"Est. reading time":"1 minut"},"schema":{"@context":"https:\/\/schema.org","@graph":[{"@type":"WebPage","@id":"https:\/\/paulbergoutdoors.com\/et\/social-responsibility\/","url":"https:\/\/paulbergoutdoors.com\/et\/social-responsibility\/","name":"Sotsiaalne vastutus - Paul Berg","isPartOf":{"@id":"https:\/\/paulbergoutdoors.com\/et\/#website"},"datePublished":"2021-06-01T09:48:56+00:00","dateModified":"2021-09-14T10:40:51+00:00","breadcrumb":{"@id":"https:\/\/paulbergoutdoors.com\/et\/social-responsibility\/#breadcrumb"},"inLanguage":"et","potentialAction":[{"@type":"ReadAction","target":["https:\/\/paulbergoutdoors.com\/et\/social-responsibility\/"]}]},{"@type":"BreadcrumbList","@id":"https:\/\/paulbergoutdoors.com\/et\/social-responsibility\/#breadcrumb","itemListElement":[{"@type":"ListItem","position":1,"name":"Home","item":"https:\/\/paulbergoutdoors.com\/et\/"},{"@type":"ListItem","position":2,"name":"Sotsiaalne vastutus"}]},{"@type":"WebSite","@id":"https:\/\/paulbergoutdoors.com\/et\/#website","url":"https:\/\/paulbergoutdoors.com\/et\/","name":"Paul Berg","description":"","publisher":{"@id":"https:\/\/paulbergoutdoors.com\/et\/#organization"},"potentialAction":[{"@type":"SearchAction","target":{"@type":"EntryPoint","urlTemplate":"https:\/\/paulbergoutdoors.com\/et\/?s={search_term_string}"},"query-input":{"@type":"PropertyValueSpecification","valueRequired":true,"valueName":"search_term_string"}}],"inLanguage":"et"},{"@type":"Organization","@id":"https:\/\/paulbergoutdoors.com\/et\/#organization","name":"Paulberg","url":"https:\/\/paulbergoutdoors.com\/et\/","logo":{"@type":"ImageObject","inLanguage":"et","@id":"https:\/\/paulbergoutdoors.com\/et\/#\/schema\/logo\/image\/","url":"https:\/\/paulbergoutdoors.com\/wp-content\/uploads\/2021\/05\/paul_berg_logo.svg","contentUrl":"https:\/\/paulbergoutdoors.com\/wp-content\/uploads\/2021\/05\/paul_berg_logo.svg","width":175,"height":40,"caption":"Paulberg"},"image":{"@id":"https:\/\/paulbergoutdoors.com\/et\/#\/schema\/logo\/image\/"}}]}},"jetpack_sharing_enabled":true,"_links":{"self":[{"href":"https:\/\/paulbergoutdoors.com\/et\/wp-json\/wp\/v2\/pages\/412","targetHints":{"allow":["GET"]}}],"collection":[{"href":"https:\/\/paulbergoutdoors.com\/et\/wp-json\/wp\/v2\/pages"}],"about":[{"href":"https:\/\/paulbergoutdoors.com\/et\/wp-json\/wp\/v2\/types\/page"}],"author":[{"embeddable":true,"href":"https:\/\/paulbergoutdoors.com\/et\/wp-json\/wp\/v2\/users\/1"}],"replies":[{"embeddable":true,"href":"https:\/\/paulbergoutdoors.com\/et\/wp-json\/wp\/v2\/comments?post=412"}],"version-history":[{"count":1,"href":"https:\/\/paulbergoutdoors.com\/et\/wp-json\/wp\/v2\/pages\/412\/revisions"}],"predecessor-version":[{"id":1119,"href":"https:\/\/paulbergoutdoors.com\/et\/wp-json\/wp\/v2\/pages\/412\/revisions\/1119"}],"wp:attachment":[{"href":"https:\/\/paulbergoutdoors.com\/et\/wp-json\/wp\/v2\/media?parent=412"}],"curies":[{"name":"wp","href":"https:\/\/api.w.org\/{rel}","templated":true}]}}