{"id":6636,"date":"2026-04-24T12:46:30","date_gmt":"2026-04-24T09:46:30","guid":{"rendered":"https:\/\/paulbergoutdoors.com\/?page_id=6636"},"modified":"2026-04-24T13:12:54","modified_gmt":"2026-04-24T10:12:54","slug":"hooldusjuhend","status":"publish","type":"page","link":"https:\/\/paulbergoutdoors.com\/et\/hooldusjuhend\/","title":{"rendered":"Hooldusjuhend"},"content":{"rendered":"\n<p class=\"has-black-color has-text-color has-link-color has-x-large-font-size wp-elements-ec7bd3608e9ad7ad3ab6b8af63deb38b\">Siit leiad meie Paul jakkide hooldusjuhendid!<\/p>\n\n\n\n<div style=\"height:50px\" aria-hidden=\"true\" class=\"wp-block-spacer\"><\/div>\n\n\n\n<hr class=\"wp-block-separator aligncenter has-alpha-channel-opacity is-style-wide\"\/>\n\n\n\n<div style=\"height:50px\" aria-hidden=\"true\" class=\"wp-block-spacer\"><\/div>\n\n\n\n<div class=\"wp-block-columns has-medium-font-size is-layout-flex wp-container-core-columns-is-layout-9d6595d7 wp-block-columns-is-layout-flex\">\n<div class=\"wp-block-column is-layout-flow wp-block-column-is-layout-flow\">\n<details class=\"wp-block-details has-black-color has-text-color has-link-color has-medium-font-size wp-elements-a4236d5962335c65d77ec7537bee824e is-layout-flow wp-block-details-is-layout-flow\"><summary><strong><span style=\"text-decoration: underline;\">PAUL NORDIC VAHETUSJAKK<\/span><\/strong><\/summary>\n<div style=\"height:45px\" aria-hidden=\"true\" class=\"wp-block-spacer\"><\/div>\n\n\n\n<p><strong>MATERJALI KIRJLEDUS<\/strong><\/p>\n\n\n\n<div style=\"height:32px\" aria-hidden=\"true\" class=\"wp-block-spacer\"><\/div>\n\n\n\n<p><strong>Pealiskangas: <\/strong><span style=\"text-decoration: underline;\">74% pol\u00fcamiid, 26% pol\u00fcuretaan<\/span><\/p>\n\n\n\n<p><strong>Vooder: <\/strong>1<span style=\"text-decoration: underline;\">00% pol\u00fcester (vooder v\u00f5ib eraldada lahtiseid kiutupse ja karvu)<\/span><\/p>\n\n\n\n<p><strong>Mugavustemperatuur: <\/strong>&#8211;<span style=\"text-decoration: underline;\">10 kuni +10\u00b0C<\/span><\/p>\n\n\n\n<p>Tegemist on funktsionaalse \u00fcler\u00f5ivaga, mille v\u00e4liskangas koosneb 74% pol\u00fcamiidist ja 26% pol\u00fcuretaanist. Pol\u00fcamiid annab kangale suure mehaanilise tugevuse, kulumiskindluse ja pika eluea, samas kui pol\u00fcuretaan tagab kanga elastsuse ja parandab selle vetth\u00fclgavaid omadusi. See kombinatsioon teeb pealiskanga vastupidavaks ilmastikum\u00f5judele, s\u00e4ilitades samas liikumisvabaduse ja kandmismugavuse.<\/p>\n\n\n\n<p>Voodrimaterjaliks on kunstkarusnahk \u2013 see on tihe, pehme ja karvane, pakkudes suurep\u00e4rast soojusisolatsiooni ning k\u00f5rget kandmismugavust ka madalatel temperatuuridel. Materjal aitab reguleerida kehatemperatuuri ning sobib h\u00e4sti k\u00fclmemate ilmadega kandmiseks.<\/p>\n\n\n\n<p>T\u00e4nu oma materjalide koostisele on Paul Nordic sobiv kasutamiseks m\u00f5\u00f5dukates kuni karmimates ilmastikutingimustes, pakkudes samal ajal vastupidavust, soojapidavust ja funktsionaalset mugavust.<\/p>\n\n\n\n<hr class=\"wp-block-separator has-alpha-channel-opacity\"\/>\n\n\n\n<div style=\"height:45px\" aria-hidden=\"true\" class=\"wp-block-spacer\"><\/div>\n\n\n\n<p class=\"has-black-color has-text-color has-link-color wp-elements-57d7b388efcbfd466dce20af37530790\"><strong>HOOLDUSJUHEND<\/strong><\/p>\n\n\n\n<div style=\"height:32px\" aria-hidden=\"true\" class=\"wp-block-spacer\"><\/div>\n\n\n\n<p><strong>Enne pesu:<\/strong><\/p>\n\n\n\n<ul class=\"wp-block-list\">\n<li>T\u00fchjendada taskud ja sulge k\u00f5ik tasku lukud.<\/li>\n\n\n\n<li>Sulgeda jope esilukk.<\/li>\n\n\n\n<li>Labakindad v\u00f5tta jope k\u00fcljest lahti ja panna lahtiselt masinasse.<\/li>\n\n\n\n<li>Jope p\u00f6\u00f6rata pahempidi.<\/li>\n\n\n\n<li class=\"has-vivid-red-color has-text-color has-link-color wp-elements-e3f2ed5d74f8ee6c147da3fea457f76b\"><strong>NB! Eemaldada k\u00f5ik mittepestavad osad: helkuriga luku t\u00f5mmitsad taskute- ja esiluku k\u00fcljest<\/strong><\/li>\n<\/ul>\n\n\n\n<p><strong>Pesemine:<\/strong><\/p>\n\n\n\n<ul class=\"wp-block-list\">\n<li>Pesta \u00f5ueriietele m\u00f5eldud pesuprogrammiga &#8211; 30\u00b0C \u00f5rnpesu<\/li>\n\n\n\n<li>Palun kasutage membraaniga v\u00e4lir\u00f5ivastele m\u00f5eldud pesugeeli, et kaitsta pealiskanga veepidavust ja hingavust.<\/li>\n\n\n\n<li>Triikimine lubatud 110\u00b0C<\/li>\n\n\n\n<li>Trummelkuivatus programm pole lubatud.<\/li>\n\n\n\n<li>Tsentrifuugimine lubatud k\u00f5ige madalamatel p\u00f6\u00f6retel.<\/li>\n\n\n\n<li class=\"has-black-color has-text-color has-link-color wp-elements-da6db3d9a8c6c12cbbc86107d804d854\">Kuivatada rippuvas asendis riidepuu peal.<\/li>\n\n\n\n<li class=\"has-vivid-red-color has-text-color has-link-color wp-elements-8aff84f0742b04989ae0106321935f04\"><strong>NB! Mitte kasutada pesupehmendajat, pleegitusvahendeid ega pesuloputusvahendit, kuna mainitud ained v\u00f5ivad m\u00f5jutada toote veekindlust, &#8211; hingavust ja &#8211; soojapidavus.<\/strong><\/li>\n<\/ul>\n\n\n\n<div class=\"wp-block-columns is-layout-flex wp-container-core-columns-is-layout-9d6595d7 wp-block-columns-is-layout-flex\">\n<div class=\"wp-block-column is-layout-flow wp-block-column-is-layout-flow\">\n<figure class=\"wp-block-image size-full\"><img loading=\"lazy\" decoding=\"async\" width=\"130\" height=\"133\" src=\"https:\/\/paulbergoutdoors.com\/wp-content\/uploads\/2026\/04\/wash-care-label-temperature-2-2.jpg\" alt=\"\" class=\"wp-image-6619\"\/><\/figure>\n<\/div>\n\n\n\n<div class=\"wp-block-column is-layout-flow wp-block-column-is-layout-flow\">\n<figure class=\"wp-block-image size-full\"><img loading=\"lazy\" decoding=\"async\" width=\"115\" height=\"133\" src=\"https:\/\/paulbergoutdoors.com\/wp-content\/uploads\/2026\/04\/wash-care-label-iron-110-1.jpg\" alt=\"\" class=\"wp-image-6621\"\/><\/figure>\n<\/div>\n\n\n\n<div class=\"wp-block-column is-layout-flow wp-block-column-is-layout-flow\">\n<figure class=\"wp-block-image size-full\"><img loading=\"lazy\" decoding=\"async\" width=\"118\" height=\"133\" src=\"https:\/\/paulbergoutdoors.com\/wp-content\/uploads\/2026\/04\/wash-care-label-do-not-bleach-2.jpg\" alt=\"\" class=\"wp-image-6623\"\/><\/figure>\n<\/div>\n\n\n\n<div class=\"wp-block-column is-layout-flow wp-block-column-is-layout-flow\">\n<figure class=\"wp-block-image size-full\"><img loading=\"lazy\" decoding=\"async\" width=\"114\" height=\"133\" src=\"https:\/\/paulbergoutdoors.com\/wp-content\/uploads\/2026\/04\/wash-care-label-do-not-dry-clean-2.jpg\" alt=\"\" class=\"wp-image-6625\"\/><\/figure>\n<\/div>\n\n\n\n<div class=\"wp-block-column is-layout-flow wp-block-column-is-layout-flow\">\n<figure class=\"wp-block-image size-full\"><img loading=\"lazy\" decoding=\"async\" width=\"117\" height=\"133\" src=\"https:\/\/paulbergoutdoors.com\/wp-content\/uploads\/2026\/04\/wash-care-label-do-not-tumble-dry-1.jpg\" alt=\"\" class=\"wp-image-6627\"\/><\/figure>\n<\/div>\n<\/div>\n<\/details>\n<\/div>\n<\/div>\n\n\n\n<div style=\"height:34px\" aria-hidden=\"true\" class=\"wp-block-spacer\"><\/div>\n\n\n\n<div class=\"wp-block-columns has-medium-font-size is-layout-flex wp-container-core-columns-is-layout-9d6595d7 wp-block-columns-is-layout-flex\">\n<div class=\"wp-block-column is-layout-flow wp-block-column-is-layout-flow\">\n<details class=\"wp-block-details has-black-color has-text-color has-link-color wp-elements-02b6ac8da7a24bbe9004f6d28ccf2976 is-layout-flow wp-block-details-is-layout-flow\"><summary><strong><span style=\"text-decoration: underline;\">PAUL LIGHT VAHETUSJAKK<\/span><\/strong><\/summary>\n<div style=\"height:45px\" aria-hidden=\"true\" class=\"wp-block-spacer\"><\/div>\n\n\n\n<p><strong>MATERJALI KIRJLEDUS<\/strong><\/p>\n\n\n\n<div style=\"height:32px\" aria-hidden=\"true\" class=\"wp-block-spacer\"><\/div>\n\n\n\n<p><strong>Softshell kanga koostis: <\/strong><span style=\"text-decoration: underline;\">95% pol\u00fcester 5% elastaan<\/span><\/p>\n\n\n\n<p><strong>Mugavustemperatuur: <\/strong><span style=\"text-decoration: underline;\">+5 kuni +15\u00b0C<\/span><\/p>\n\n\n\n<p>Softshell on kolmekihiline materjal, mis aitab hoida sind soojas ja kuivas. Sisemine fliiskiht pakub m\u00f5nusat soojust, vahekiht on hingav membraan, mis laseb niiskuse kehast v\u00e4lja, kuid ei lase seda v\u00e4ljast sisse ning pealmine kiht on vett h\u00fclgav, pakkudes kaitset kerge vihma eest.<\/p>\n\n\n\n<p>Softshell-kanga veekindlust on testitud veesamba meetodil. Tulemuseks on 10 000 mm veeh\u00fclgavus, mis t\u00e4hendab, et kangas peab vastu kerge vihma korral, kuid ei pruugi taluda v\u00e4ga tugevat ja pikaajalist veesurvet (vihmasadu).<\/p>\n\n\n\n<p>Softshell on suurep\u00e4rane valik \u00f5ueriiete valmistamiseks \u2013 mugav, praktiline ja ilmastikukindel.<\/p>\n\n\n\n<hr class=\"wp-block-separator has-alpha-channel-opacity\"\/>\n\n\n\n<div style=\"height:45px\" aria-hidden=\"true\" class=\"wp-block-spacer\"><\/div>\n\n\n\n<p class=\"has-black-color has-text-color has-link-color wp-elements-57d7b388efcbfd466dce20af37530790\"><strong>HOOLDUSJUHEND<\/strong><\/p>\n\n\n\n<div style=\"height:13px\" aria-hidden=\"true\" class=\"wp-block-spacer\"><\/div>\n\n\n\n<p><strong>Enne pesu:<\/strong><\/p>\n\n\n\n<ul class=\"wp-block-list\">\n<li>T\u00fchjendada taskud ja sulgeda tasku lukud.<\/li>\n\n\n\n<li>Sulgeda jope esilukk.<\/li>\n\n\n\n<li>Jope p\u00f6\u00f6rata pahempidi.<\/li>\n<\/ul>\n\n\n\n<p><strong>Pesemine<\/strong>:<\/p>\n\n\n\n<ul class=\"wp-block-list\">\n<li>Pesta masinas \u00fche kaupa, teisest pesust eraldi.<\/li>\n\n\n\n<li>Palun kasutada \u00f5ueriietele m\u00f5eldud pesugeeli.<\/li>\n\n\n\n<li>Pesta \u00f5ueriietele m\u00f5eldud pesuprogrammiga &#8211; 30\u00b0C \u00f5rnpesu.<\/li>\n\n\n\n<li>Triikimine lubatud 110\u00b0C<\/li>\n\n\n\n<li>Trummelkuivatus programm pole lubatud.<\/li>\n\n\n\n<li>Tsentrifuugimine lubatud k\u00f5ige madalamatel p\u00f6\u00f6retel.<\/li>\n\n\n\n<li>Kuivatada riidepuu peal rippuvas asendis.<\/li>\n\n\n\n<li class=\"has-vivid-red-color has-text-color has-link-color wp-elements-ccc197957baabe8517e82addbadd0b31\"><strong>NB! Mitte kasutada pesupehmendajat, pleegitusvahendeid ega pesuloputusvahendit, kuna mainitud ained v\u00f5ivad m\u00f5jutada toote veekindlust, &#8211; hingavust ja \u2013 soojapidavus.<\/strong><\/li>\n<\/ul>\n\n\n\n<div class=\"wp-block-columns is-layout-flex wp-container-core-columns-is-layout-9d6595d7 wp-block-columns-is-layout-flex\">\n<div class=\"wp-block-column is-layout-flow wp-block-column-is-layout-flow\">\n<figure class=\"wp-block-image size-full\"><img loading=\"lazy\" decoding=\"async\" width=\"130\" height=\"133\" src=\"https:\/\/paulbergoutdoors.com\/wp-content\/uploads\/2026\/04\/wash-care-label-temperature-2-2.jpg\" alt=\"\" class=\"wp-image-6619\"\/><\/figure>\n<\/div>\n\n\n\n<div class=\"wp-block-column is-layout-flow wp-block-column-is-layout-flow\">\n<figure class=\"wp-block-image size-full\"><img loading=\"lazy\" decoding=\"async\" width=\"115\" height=\"133\" src=\"https:\/\/paulbergoutdoors.com\/wp-content\/uploads\/2026\/04\/wash-care-label-iron-110-1.jpg\" alt=\"\" class=\"wp-image-6621\"\/><\/figure>\n<\/div>\n\n\n\n<div class=\"wp-block-column is-layout-flow wp-block-column-is-layout-flow\">\n<figure class=\"wp-block-image size-full\"><img loading=\"lazy\" decoding=\"async\" width=\"118\" height=\"133\" src=\"https:\/\/paulbergoutdoors.com\/wp-content\/uploads\/2026\/04\/wash-care-label-do-not-bleach-2.jpg\" alt=\"\" class=\"wp-image-6623\"\/><\/figure>\n<\/div>\n\n\n\n<div class=\"wp-block-column is-layout-flow wp-block-column-is-layout-flow\">\n<figure class=\"wp-block-image size-full\"><img loading=\"lazy\" decoding=\"async\" width=\"114\" height=\"133\" src=\"https:\/\/paulbergoutdoors.com\/wp-content\/uploads\/2026\/04\/wash-care-label-do-not-dry-clean-2.jpg\" alt=\"\" class=\"wp-image-6625\"\/><\/figure>\n<\/div>\n\n\n\n<div class=\"wp-block-column is-layout-flow wp-block-column-is-layout-flow\">\n<figure class=\"wp-block-image size-full\"><img loading=\"lazy\" decoding=\"async\" width=\"117\" height=\"133\" src=\"https:\/\/paulbergoutdoors.com\/wp-content\/uploads\/2026\/04\/wash-care-label-do-not-tumble-dry-1.jpg\" alt=\"\" class=\"wp-image-6627\"\/><\/figure>\n<\/div>\n<\/div>\n<\/details>\n<\/div>\n<\/div>\n\n\n\n<div style=\"height:103px\" aria-hidden=\"true\" class=\"wp-block-spacer\"><\/div>\n","protected":false},"excerpt":{"rendered":"Siit leiad meie Paul jakkide hooldusjuhendid!","protected":false},"author":12,"featured_media":0,"parent":0,"menu_order":0,"comment_status":"closed","ping_status":"closed","template":"page-templates\/template-notitle.php","meta":{"_acf_changed":false,"footnotes":""},"class_list":["post-6636","page","type-page","status-publish","hentry"],"acf":[],"yoast_head":"<!-- This site is optimized with the Yoast SEO plugin v27.1.1 - https:\/\/yoast.com\/product\/yoast-seo-wordpress\/ -->\n<title>Hooldusjuhend - Paul Berg<\/title>\n<meta name=\"robots\" content=\"index, follow, max-snippet:-1, max-image-preview:large, max-video-preview:-1\" \/>\n<link rel=\"canonical\" href=\"https:\/\/paulbergoutdoors.com\/et\/hooldusjuhend\/\" \/>\n<meta property=\"og:locale\" content=\"et_EE\" \/>\n<meta property=\"og:type\" content=\"article\" \/>\n<meta property=\"og:title\" content=\"Hooldusjuhend - Paul Berg\" \/>\n<meta property=\"og:description\" content=\"Siit leiad meie Paul jakkide hooldusjuhendid!\" \/>\n<meta property=\"og:url\" content=\"https:\/\/paulbergoutdoors.com\/et\/hooldusjuhend\/\" \/>\n<meta property=\"og:site_name\" content=\"Paul Berg\" \/>\n<meta property=\"article:modified_time\" content=\"2026-04-24T10:12:54+00:00\" \/>\n<meta property=\"og:image\" content=\"https:\/\/paulbergoutdoors.com\/wp-content\/uploads\/2026\/04\/wash-care-label-temperature-2-2.jpg\" \/>\n\t<meta property=\"og:image:width\" content=\"130\" \/>\n\t<meta property=\"og:image:height\" content=\"133\" \/>\n\t<meta property=\"og:image:type\" content=\"image\/jpeg\" \/>\n<meta name=\"twitter:card\" content=\"summary_large_image\" \/>\n<meta name=\"twitter:label1\" content=\"Est. reading time\" \/>\n\t<meta name=\"twitter:data1\" content=\"4 minutit\" \/>\n<script type=\"application\/ld+json\" class=\"yoast-schema-graph\">{\"@context\":\"https:\/\/schema.org\",\"@graph\":[{\"@type\":\"WebPage\",\"@id\":\"https:\/\/paulbergoutdoors.com\/et\/hooldusjuhend\/\",\"url\":\"https:\/\/paulbergoutdoors.com\/et\/hooldusjuhend\/\",\"name\":\"Hooldusjuhend - Paul Berg\",\"isPartOf\":{\"@id\":\"https:\/\/paulbergoutdoors.com\/et\/#website\"},\"primaryImageOfPage\":{\"@id\":\"https:\/\/paulbergoutdoors.com\/et\/hooldusjuhend\/#primaryimage\"},\"image\":{\"@id\":\"https:\/\/paulbergoutdoors.com\/et\/hooldusjuhend\/#primaryimage\"},\"thumbnailUrl\":\"https:\/\/paulbergoutdoors.com\/wp-content\/uploads\/2026\/04\/wash-care-label-temperature-2-2.jpg\",\"datePublished\":\"2026-04-24T09:46:30+00:00\",\"dateModified\":\"2026-04-24T10:12:54+00:00\",\"breadcrumb\":{\"@id\":\"https:\/\/paulbergoutdoors.com\/et\/hooldusjuhend\/#breadcrumb\"},\"inLanguage\":\"et\",\"potentialAction\":[{\"@type\":\"ReadAction\",\"target\":[\"https:\/\/paulbergoutdoors.com\/et\/hooldusjuhend\/\"]}]},{\"@type\":\"ImageObject\",\"inLanguage\":\"et\",\"@id\":\"https:\/\/paulbergoutdoors.com\/et\/hooldusjuhend\/#primaryimage\",\"url\":\"https:\/\/paulbergoutdoors.com\/wp-content\/uploads\/2026\/04\/wash-care-label-temperature-2-2.jpg\",\"contentUrl\":\"https:\/\/paulbergoutdoors.com\/wp-content\/uploads\/2026\/04\/wash-care-label-temperature-2-2.jpg\"},{\"@type\":\"BreadcrumbList\",\"@id\":\"https:\/\/paulbergoutdoors.com\/et\/hooldusjuhend\/#breadcrumb\",\"itemListElement\":[{\"@type\":\"ListItem\",\"position\":1,\"name\":\"Home\",\"item\":\"https:\/\/paulbergoutdoors.com\/et\/\"},{\"@type\":\"ListItem\",\"position\":2,\"name\":\"Hooldusjuhend\"}]},{\"@type\":\"WebSite\",\"@id\":\"https:\/\/paulbergoutdoors.com\/et\/#website\",\"url\":\"https:\/\/paulbergoutdoors.com\/et\/\",\"name\":\"Paul Berg\",\"description\":\"\",\"publisher\":{\"@id\":\"https:\/\/paulbergoutdoors.com\/et\/#organization\"},\"potentialAction\":[{\"@type\":\"SearchAction\",\"target\":{\"@type\":\"EntryPoint\",\"urlTemplate\":\"https:\/\/paulbergoutdoors.com\/et\/?s={search_term_string}\"},\"query-input\":{\"@type\":\"PropertyValueSpecification\",\"valueRequired\":true,\"valueName\":\"search_term_string\"}}],\"inLanguage\":\"et\"},{\"@type\":\"Organization\",\"@id\":\"https:\/\/paulbergoutdoors.com\/et\/#organization\",\"name\":\"Paulberg\",\"url\":\"https:\/\/paulbergoutdoors.com\/et\/\",\"logo\":{\"@type\":\"ImageObject\",\"inLanguage\":\"et\",\"@id\":\"https:\/\/paulbergoutdoors.com\/et\/#\/schema\/logo\/image\/\",\"url\":\"https:\/\/paulbergoutdoors.com\/wp-content\/uploads\/2021\/05\/paul_berg_logo.svg\",\"contentUrl\":\"https:\/\/paulbergoutdoors.com\/wp-content\/uploads\/2021\/05\/paul_berg_logo.svg\",\"width\":175,\"height\":40,\"caption\":\"Paulberg\"},\"image\":{\"@id\":\"https:\/\/paulbergoutdoors.com\/et\/#\/schema\/logo\/image\/\"}}]}<\/script>\n<!-- \/ Yoast SEO plugin. -->","yoast_head_json":{"title":"Hooldusjuhend - Paul Berg","robots":{"index":"index","follow":"follow","max-snippet":"max-snippet:-1","max-image-preview":"max-image-preview:large","max-video-preview":"max-video-preview:-1"},"canonical":"https:\/\/paulbergoutdoors.com\/et\/hooldusjuhend\/","og_locale":"et_EE","og_type":"article","og_title":"Hooldusjuhend - Paul Berg","og_description":"Siit leiad meie Paul jakkide hooldusjuhendid!","og_url":"https:\/\/paulbergoutdoors.com\/et\/hooldusjuhend\/","og_site_name":"Paul Berg","article_modified_time":"2026-04-24T10:12:54+00:00","og_image":[{"width":130,"height":133,"url":"https:\/\/paulbergoutdoors.com\/wp-content\/uploads\/2026\/04\/wash-care-label-temperature-2-2.jpg","type":"image\/jpeg"}],"twitter_card":"summary_large_image","twitter_misc":{"Est. reading time":"4 minutit"},"schema":{"@context":"https:\/\/schema.org","@graph":[{"@type":"WebPage","@id":"https:\/\/paulbergoutdoors.com\/et\/hooldusjuhend\/","url":"https:\/\/paulbergoutdoors.com\/et\/hooldusjuhend\/","name":"Hooldusjuhend - Paul Berg","isPartOf":{"@id":"https:\/\/paulbergoutdoors.com\/et\/#website"},"primaryImageOfPage":{"@id":"https:\/\/paulbergoutdoors.com\/et\/hooldusjuhend\/#primaryimage"},"image":{"@id":"https:\/\/paulbergoutdoors.com\/et\/hooldusjuhend\/#primaryimage"},"thumbnailUrl":"https:\/\/paulbergoutdoors.com\/wp-content\/uploads\/2026\/04\/wash-care-label-temperature-2-2.jpg","datePublished":"2026-04-24T09:46:30+00:00","dateModified":"2026-04-24T10:12:54+00:00","breadcrumb":{"@id":"https:\/\/paulbergoutdoors.com\/et\/hooldusjuhend\/#breadcrumb"},"inLanguage":"et","potentialAction":[{"@type":"ReadAction","target":["https:\/\/paulbergoutdoors.com\/et\/hooldusjuhend\/"]}]},{"@type":"ImageObject","inLanguage":"et","@id":"https:\/\/paulbergoutdoors.com\/et\/hooldusjuhend\/#primaryimage","url":"https:\/\/paulbergoutdoors.com\/wp-content\/uploads\/2026\/04\/wash-care-label-temperature-2-2.jpg","contentUrl":"https:\/\/paulbergoutdoors.com\/wp-content\/uploads\/2026\/04\/wash-care-label-temperature-2-2.jpg"},{"@type":"BreadcrumbList","@id":"https:\/\/paulbergoutdoors.com\/et\/hooldusjuhend\/#breadcrumb","itemListElement":[{"@type":"ListItem","position":1,"name":"Home","item":"https:\/\/paulbergoutdoors.com\/et\/"},{"@type":"ListItem","position":2,"name":"Hooldusjuhend"}]},{"@type":"WebSite","@id":"https:\/\/paulbergoutdoors.com\/et\/#website","url":"https:\/\/paulbergoutdoors.com\/et\/","name":"Paul Berg","description":"","publisher":{"@id":"https:\/\/paulbergoutdoors.com\/et\/#organization"},"potentialAction":[{"@type":"SearchAction","target":{"@type":"EntryPoint","urlTemplate":"https:\/\/paulbergoutdoors.com\/et\/?s={search_term_string}"},"query-input":{"@type":"PropertyValueSpecification","valueRequired":true,"valueName":"search_term_string"}}],"inLanguage":"et"},{"@type":"Organization","@id":"https:\/\/paulbergoutdoors.com\/et\/#organization","name":"Paulberg","url":"https:\/\/paulbergoutdoors.com\/et\/","logo":{"@type":"ImageObject","inLanguage":"et","@id":"https:\/\/paulbergoutdoors.com\/et\/#\/schema\/logo\/image\/","url":"https:\/\/paulbergoutdoors.com\/wp-content\/uploads\/2021\/05\/paul_berg_logo.svg","contentUrl":"https:\/\/paulbergoutdoors.com\/wp-content\/uploads\/2021\/05\/paul_berg_logo.svg","width":175,"height":40,"caption":"Paulberg"},"image":{"@id":"https:\/\/paulbergoutdoors.com\/et\/#\/schema\/logo\/image\/"}}]}},"jetpack_sharing_enabled":true,"_links":{"self":[{"href":"https:\/\/paulbergoutdoors.com\/et\/wp-json\/wp\/v2\/pages\/6636","targetHints":{"allow":["GET"]}}],"collection":[{"href":"https:\/\/paulbergoutdoors.com\/et\/wp-json\/wp\/v2\/pages"}],"about":[{"href":"https:\/\/paulbergoutdoors.com\/et\/wp-json\/wp\/v2\/types\/page"}],"author":[{"embeddable":true,"href":"https:\/\/paulbergoutdoors.com\/et\/wp-json\/wp\/v2\/users\/12"}],"replies":[{"embeddable":true,"href":"https:\/\/paulbergoutdoors.com\/et\/wp-json\/wp\/v2\/comments?post=6636"}],"version-history":[{"count":10,"href":"https:\/\/paulbergoutdoors.com\/et\/wp-json\/wp\/v2\/pages\/6636\/revisions"}],"predecessor-version":[{"id":6654,"href":"https:\/\/paulbergoutdoors.com\/et\/wp-json\/wp\/v2\/pages\/6636\/revisions\/6654"}],"wp:attachment":[{"href":"https:\/\/paulbergoutdoors.com\/et\/wp-json\/wp\/v2\/media?parent=6636"}],"curies":[{"name":"wp","href":"https:\/\/api.w.org\/{rel}","templated":true}]}}