{"id":1043,"date":"2021-09-12T11:37:43","date_gmt":"2021-09-12T08:37:43","guid":{"rendered":"https:\/\/paulberg.eu\/?post_type=product&#038;p=1043"},"modified":"2026-03-04T22:10:23","modified_gmt":"2026-03-04T19:10:23","slug":"paul-muts-roheline","status":"publish","type":"product","link":"https:\/\/paulbergoutdoors.com\/et\/product\/paul-muts-roheline\/","title":{"rendered":"Paul m\u00fcts roheline"},"content":{"rendered":"<p>Paul Berg suvasooline m\u00fcts sobib suurep\u00e4raselt aastaringseks kandmiseks &#8211; talvel soojendab ja suvel jahutab. Meriino, ka\u0161miiri ja viskoosi sarnane niiskuse imavus ei pane m\u00fctsi higistamisel m\u00e4rjana tunduma. Topelt kootud m\u00fctsi saab kanda nii serva tagasi p\u00f6\u00f6ratult kui ka ilma. M\u00fctsi k\u00f5rgus on 31 cm. Saadaval ainult \u00fches suuruses, kuid erinevates v\u00e4rvides.<\/p>\n","protected":false},"excerpt":{"rendered":"<span data-sheets-value=\"{&quot;1&quot;:2,&quot;2&quot;:&quot;Paul Bergi m\u00fcts sobib ideaalselt talisupluseks ja vabaajar\u00f5ivaks. &quot;}\" data-sheets-userformat=\"{&quot;2&quot;:769,&quot;3&quot;:{&quot;1&quot;:0},&quot;11&quot;:4,&quot;12&quot;:0}\">Paul Bergi m\u00fcts sobib ideaalselt talisupluseks ja vabaajar\u00f5ivaks. <\/span>","protected":false},"featured_media":1508,"template":"","meta":{"_acf_changed":false},"product_brand":[],"product_cat":[48],"product_tag":[],"class_list":{"0":"post-1043","1":"product","2":"type-product","3":"status-publish","4":"has-post-thumbnail","6":"product_cat-aksessuaarid","8":"first","9":"instock","10":"taxable","11":"shipping-taxable","12":"purchasable","13":"product-type-variable","14":"has-default-attributes"},"supplier_id":null,"supplier_sku":"","barcode":null,"atum_controlled":true,"out_stock_date":"2021-09-12 08:37:43","out_stock_threshold":null,"inheritable":true,"inbound_stock":0,"stock_on_hold":1,"sold_today":0,"sales_last_days":0,"out_stock_days":1679,"lost_sales":0,"has_location":false,"update_date":"2026-04-19T00:30:08","atum_locations":[],"atum_stock_status":"instock","restock_status":false,"low_stock_amount":"","sales_update_date":"2026-04-19T00:30:08","calc_backorders":null,"acf":[],"yoast_head":"<!-- This site is optimized with the Yoast SEO plugin v27.1.1 - https:\/\/yoast.com\/product\/yoast-seo-wordpress\/ -->\n<title>Paul m\u00fcts roheline - Paul Berg<\/title>\n<meta name=\"description\" content=\"Paul Beanie - Kvaliteetne ja stiilne meriinost peakate looduses liikumiseks | Paul Berg\" \/>\n<meta name=\"robots\" content=\"index, follow, max-snippet:-1, max-image-preview:large, max-video-preview:-1\" \/>\n<link rel=\"canonical\" href=\"https:\/\/paulbergoutdoors.com\/et\/product\/paul-muts-roheline\/\" \/>\n<meta property=\"og:locale\" content=\"et_EE\" \/>\n<meta property=\"og:type\" content=\"article\" \/>\n<meta property=\"og:title\" content=\"Paul m\u00fcts roheline - Paul Berg\" \/>\n<meta property=\"og:description\" content=\"Paul Beanie - Kvaliteetne ja stiilne meriinost peakate looduses liikumiseks | Paul Berg\" \/>\n<meta property=\"og:url\" content=\"https:\/\/paulbergoutdoors.com\/et\/product\/paul-muts-roheline\/\" \/>\n<meta property=\"og:site_name\" content=\"Paul Berg\" \/>\n<meta property=\"article:modified_time\" content=\"2026-03-04T19:10:23+00:00\" \/>\n<meta property=\"og:image\" content=\"https:\/\/paulbergoutdoors.com\/wp-content\/uploads\/2021\/10\/Beanie_green.png\" \/>\n\t<meta property=\"og:image:width\" content=\"1426\" \/>\n\t<meta property=\"og:image:height\" content=\"1426\" \/>\n\t<meta property=\"og:image:type\" content=\"image\/png\" \/>\n<meta name=\"twitter:card\" content=\"summary_large_image\" \/>\n<meta name=\"twitter:label1\" content=\"Est. reading time\" \/>\n\t<meta name=\"twitter:data1\" content=\"1 minut\" \/>\n<script type=\"application\/ld+json\" class=\"yoast-schema-graph\">{\"@context\":\"https:\/\/schema.org\",\"@graph\":[{\"@type\":\"WebPage\",\"@id\":\"https:\/\/paulbergoutdoors.com\/et\/product\/paul-muts-roheline\/\",\"url\":\"https:\/\/paulbergoutdoors.com\/et\/product\/paul-muts-roheline\/\",\"name\":\"Paul m\u00fcts roheline - Paul Berg\",\"isPartOf\":{\"@id\":\"https:\/\/paulbergoutdoors.com\/et\/#website\"},\"primaryImageOfPage\":{\"@id\":\"https:\/\/paulbergoutdoors.com\/et\/product\/paul-muts-roheline\/#primaryimage\"},\"image\":{\"@id\":\"https:\/\/paulbergoutdoors.com\/et\/product\/paul-muts-roheline\/#primaryimage\"},\"thumbnailUrl\":\"https:\/\/paulbergoutdoors.com\/wp-content\/uploads\/2021\/10\/Beanie_green.png\",\"datePublished\":\"2021-09-12T08:37:43+00:00\",\"dateModified\":\"2026-03-04T19:10:23+00:00\",\"description\":\"Paul Beanie - Kvaliteetne ja stiilne meriinost peakate looduses liikumiseks | Paul Berg\",\"breadcrumb\":{\"@id\":\"https:\/\/paulbergoutdoors.com\/et\/product\/paul-muts-roheline\/#breadcrumb\"},\"inLanguage\":\"et\",\"potentialAction\":[{\"@type\":\"ReadAction\",\"target\":[\"https:\/\/paulbergoutdoors.com\/et\/product\/paul-muts-roheline\/\"]}]},{\"@type\":\"ImageObject\",\"inLanguage\":\"et\",\"@id\":\"https:\/\/paulbergoutdoors.com\/et\/product\/paul-muts-roheline\/#primaryimage\",\"url\":\"https:\/\/paulbergoutdoors.com\/wp-content\/uploads\/2021\/10\/Beanie_green.png\",\"contentUrl\":\"https:\/\/paulbergoutdoors.com\/wp-content\/uploads\/2021\/10\/Beanie_green.png\",\"width\":1426,\"height\":1426},{\"@type\":\"BreadcrumbList\",\"@id\":\"https:\/\/paulbergoutdoors.com\/et\/product\/paul-muts-roheline\/#breadcrumb\",\"itemListElement\":[{\"@type\":\"ListItem\",\"position\":1,\"name\":\"Home\",\"item\":\"https:\/\/paulbergoutdoors.com\/et\/\"},{\"@type\":\"ListItem\",\"position\":2,\"name\":\"Tooted\",\"item\":\"https:\/\/paulbergoutdoors.com\/products\/\"},{\"@type\":\"ListItem\",\"position\":3,\"name\":\"Paul m\u00fcts roheline\"}]},{\"@type\":\"WebSite\",\"@id\":\"https:\/\/paulbergoutdoors.com\/et\/#website\",\"url\":\"https:\/\/paulbergoutdoors.com\/et\/\",\"name\":\"Paul Berg\",\"description\":\"\",\"publisher\":{\"@id\":\"https:\/\/paulbergoutdoors.com\/et\/#organization\"},\"potentialAction\":[{\"@type\":\"SearchAction\",\"target\":{\"@type\":\"EntryPoint\",\"urlTemplate\":\"https:\/\/paulbergoutdoors.com\/et\/?s={search_term_string}\"},\"query-input\":{\"@type\":\"PropertyValueSpecification\",\"valueRequired\":true,\"valueName\":\"search_term_string\"}}],\"inLanguage\":\"et\"},{\"@type\":\"Organization\",\"@id\":\"https:\/\/paulbergoutdoors.com\/et\/#organization\",\"name\":\"Paulberg\",\"url\":\"https:\/\/paulbergoutdoors.com\/et\/\",\"logo\":{\"@type\":\"ImageObject\",\"inLanguage\":\"et\",\"@id\":\"https:\/\/paulbergoutdoors.com\/et\/#\/schema\/logo\/image\/\",\"url\":\"https:\/\/paulbergoutdoors.com\/wp-content\/uploads\/2021\/05\/paul_berg_logo.svg\",\"contentUrl\":\"https:\/\/paulbergoutdoors.com\/wp-content\/uploads\/2021\/05\/paul_berg_logo.svg\",\"width\":175,\"height\":40,\"caption\":\"Paulberg\"},\"image\":{\"@id\":\"https:\/\/paulbergoutdoors.com\/et\/#\/schema\/logo\/image\/\"}}]}<\/script>\n<!-- \/ Yoast SEO plugin. -->","yoast_head_json":{"title":"Paul m\u00fcts roheline - Paul Berg","description":"Paul Beanie - Kvaliteetne ja stiilne meriinost peakate looduses liikumiseks | Paul Berg","robots":{"index":"index","follow":"follow","max-snippet":"max-snippet:-1","max-image-preview":"max-image-preview:large","max-video-preview":"max-video-preview:-1"},"canonical":"https:\/\/paulbergoutdoors.com\/et\/product\/paul-muts-roheline\/","og_locale":"et_EE","og_type":"article","og_title":"Paul m\u00fcts roheline - Paul Berg","og_description":"Paul Beanie - Kvaliteetne ja stiilne meriinost peakate looduses liikumiseks | Paul Berg","og_url":"https:\/\/paulbergoutdoors.com\/et\/product\/paul-muts-roheline\/","og_site_name":"Paul Berg","article_modified_time":"2026-03-04T19:10:23+00:00","og_image":[{"width":1426,"height":1426,"url":"https:\/\/paulbergoutdoors.com\/wp-content\/uploads\/2021\/10\/Beanie_green.png","type":"image\/png"}],"twitter_card":"summary_large_image","twitter_misc":{"Est. reading time":"1 minut"},"schema":{"@context":"https:\/\/schema.org","@graph":[{"@type":"WebPage","@id":"https:\/\/paulbergoutdoors.com\/et\/product\/paul-muts-roheline\/","url":"https:\/\/paulbergoutdoors.com\/et\/product\/paul-muts-roheline\/","name":"Paul m\u00fcts roheline - Paul Berg","isPartOf":{"@id":"https:\/\/paulbergoutdoors.com\/et\/#website"},"primaryImageOfPage":{"@id":"https:\/\/paulbergoutdoors.com\/et\/product\/paul-muts-roheline\/#primaryimage"},"image":{"@id":"https:\/\/paulbergoutdoors.com\/et\/product\/paul-muts-roheline\/#primaryimage"},"thumbnailUrl":"https:\/\/paulbergoutdoors.com\/wp-content\/uploads\/2021\/10\/Beanie_green.png","datePublished":"2021-09-12T08:37:43+00:00","dateModified":"2026-03-04T19:10:23+00:00","description":"Paul Beanie - Kvaliteetne ja stiilne meriinost peakate looduses liikumiseks | Paul Berg","breadcrumb":{"@id":"https:\/\/paulbergoutdoors.com\/et\/product\/paul-muts-roheline\/#breadcrumb"},"inLanguage":"et","potentialAction":[{"@type":"ReadAction","target":["https:\/\/paulbergoutdoors.com\/et\/product\/paul-muts-roheline\/"]}]},{"@type":"ImageObject","inLanguage":"et","@id":"https:\/\/paulbergoutdoors.com\/et\/product\/paul-muts-roheline\/#primaryimage","url":"https:\/\/paulbergoutdoors.com\/wp-content\/uploads\/2021\/10\/Beanie_green.png","contentUrl":"https:\/\/paulbergoutdoors.com\/wp-content\/uploads\/2021\/10\/Beanie_green.png","width":1426,"height":1426},{"@type":"BreadcrumbList","@id":"https:\/\/paulbergoutdoors.com\/et\/product\/paul-muts-roheline\/#breadcrumb","itemListElement":[{"@type":"ListItem","position":1,"name":"Home","item":"https:\/\/paulbergoutdoors.com\/et\/"},{"@type":"ListItem","position":2,"name":"Tooted","item":"https:\/\/paulbergoutdoors.com\/products\/"},{"@type":"ListItem","position":3,"name":"Paul m\u00fcts roheline"}]},{"@type":"WebSite","@id":"https:\/\/paulbergoutdoors.com\/et\/#website","url":"https:\/\/paulbergoutdoors.com\/et\/","name":"Paul Berg","description":"","publisher":{"@id":"https:\/\/paulbergoutdoors.com\/et\/#organization"},"potentialAction":[{"@type":"SearchAction","target":{"@type":"EntryPoint","urlTemplate":"https:\/\/paulbergoutdoors.com\/et\/?s={search_term_string}"},"query-input":{"@type":"PropertyValueSpecification","valueRequired":true,"valueName":"search_term_string"}}],"inLanguage":"et"},{"@type":"Organization","@id":"https:\/\/paulbergoutdoors.com\/et\/#organization","name":"Paulberg","url":"https:\/\/paulbergoutdoors.com\/et\/","logo":{"@type":"ImageObject","inLanguage":"et","@id":"https:\/\/paulbergoutdoors.com\/et\/#\/schema\/logo\/image\/","url":"https:\/\/paulbergoutdoors.com\/wp-content\/uploads\/2021\/05\/paul_berg_logo.svg","contentUrl":"https:\/\/paulbergoutdoors.com\/wp-content\/uploads\/2021\/05\/paul_berg_logo.svg","width":175,"height":40,"caption":"Paulberg"},"image":{"@id":"https:\/\/paulbergoutdoors.com\/et\/#\/schema\/logo\/image\/"}}]}},"jetpack_sharing_enabled":true,"_links":{"self":[{"href":"https:\/\/paulbergoutdoors.com\/et\/wp-json\/wp\/v2\/product\/1043","targetHints":{"allow":["GET"]}}],"collection":[{"href":"https:\/\/paulbergoutdoors.com\/et\/wp-json\/wp\/v2\/product"}],"about":[{"href":"https:\/\/paulbergoutdoors.com\/et\/wp-json\/wp\/v2\/types\/product"}],"wp:featuredmedia":[{"embeddable":true,"href":"https:\/\/paulbergoutdoors.com\/et\/wp-json\/wp\/v2\/media\/1508"}],"wp:attachment":[{"href":"https:\/\/paulbergoutdoors.com\/et\/wp-json\/wp\/v2\/media?parent=1043"}],"wp:term":[{"taxonomy":"product_brand","embeddable":true,"href":"https:\/\/paulbergoutdoors.com\/et\/wp-json\/wp\/v2\/product_brand?post=1043"},{"taxonomy":"product_cat","embeddable":true,"href":"https:\/\/paulbergoutdoors.com\/et\/wp-json\/wp\/v2\/product_cat?post=1043"},{"taxonomy":"product_tag","embeddable":true,"href":"https:\/\/paulbergoutdoors.com\/et\/wp-json\/wp\/v2\/product_tag?post=1043"}],"curies":[{"name":"wp","href":"https:\/\/api.w.org\/{rel}","templated":true}]}}