{"id":2620,"date":"2022-08-17T16:00:50","date_gmt":"2022-08-17T13:00:50","guid":{"rendered":"https:\/\/paulbergoutdoors.com\/?post_type=product&#038;p=2620"},"modified":"2025-09-02T18:17:16","modified_gmt":"2025-09-02T15:17:16","slug":"paul-summer-poncho","status":"publish","type":"product","link":"https:\/\/paulbergoutdoors.com\/et\/product\/paul-summer-poncho\/","title":{"rendered":"Paul Summer Poncho"},"content":{"rendered":"<p>Paul Summer on froteekangast poncho, mis on tehtud koost\u00f6\u00f6s disainer Merle L\u00f5hmusega. Kuna kangas imab h\u00e4sti niiskust, siis Paul Summer sobib suurep\u00e4raselt kuivatamiseks peale ujumist, surfamist ja sauna. Meie poncho hoiab sind soojas ning selle all saab privaatselt riideid vahetada avalikus kohas.<\/p>\n<p>Paul Summer on eriti sobilik taliujujatele. surfaritele, k\u00e4mparitel ja suvekodu nautlejatele.<\/p>\n<p>&nbsp;<\/p>\n<p>&nbsp;<\/p>\n","protected":false},"excerpt":{"rendered":"<strong>TUMESININE, LAIMIROHELISE JA HELEPRUUNI DETAILIDEGA<\/strong>\r\n\r\nPaul Summer poncho sobib kandmiseks suvel. Samuti on see sobilik lisakihina k\u00fclmemal perioodil. N\u00e4iteks taliujujad saavad kasutada seda k\u00e4ter\u00e4tina peale ujumist ning kanda seda Paul Nordic jaki all.","protected":false},"featured_media":2602,"template":"","meta":{"_acf_changed":false},"product_brand":[],"product_cat":[250],"product_tag":[104,107,109,110],"class_list":{"0":"post-2620","1":"product","2":"type-product","3":"status-publish","4":"has-post-thumbnail","6":"product_cat-poncho-et","7":"product_tag-paul-berg-et","8":"product_tag-scandinavia-et","9":"product_tag-bold-look-et","10":"product_tag-outdoor-robe-et","12":"first","13":"outofstock","14":"taxable","15":"shipping-taxable","16":"purchasable","17":"product-type-variable","18":"has-default-attributes"},"supplier_id":null,"supplier_sku":"","barcode":null,"atum_controlled":true,"out_stock_date":null,"out_stock_threshold":null,"inheritable":true,"inbound_stock":0,"stock_on_hold":0,"sold_today":0,"sales_last_days":0,"out_stock_days":0,"lost_sales":0,"has_location":false,"update_date":"2026-04-19T00:30:03","atum_locations":[],"atum_stock_status":"outofstock","restock_status":false,"low_stock_amount":"","sales_update_date":"2026-04-19T00:30:03","calc_backorders":null,"acf":[],"yoast_head":"<!-- This site is optimized with the Yoast SEO plugin v27.1.1 - https:\/\/yoast.com\/product\/yoast-seo-wordpress\/ -->\n<title>Paul Summer Poncho - Paul Berg<\/title>\n<meta name=\"description\" content=\"Paul Summer | Kerge ja hingav suvine poncho | Julge, funktsionaalne ja kestlik | Paul Berg\" \/>\n<meta name=\"robots\" content=\"index, follow, max-snippet:-1, max-image-preview:large, max-video-preview:-1\" \/>\n<link rel=\"canonical\" href=\"https:\/\/paulbergoutdoors.com\/et\/product\/paul-summer-poncho\/\" \/>\n<meta property=\"og:locale\" content=\"et_EE\" \/>\n<meta property=\"og:type\" content=\"article\" \/>\n<meta property=\"og:title\" content=\"Paul Summer Poncho - Paul Berg\" \/>\n<meta property=\"og:description\" content=\"Paul Summer | Kerge ja hingav suvine poncho | Julge, funktsionaalne ja kestlik | Paul Berg\" \/>\n<meta property=\"og:url\" content=\"https:\/\/paulbergoutdoors.com\/et\/product\/paul-summer-poncho\/\" \/>\n<meta property=\"og:site_name\" content=\"Paul Berg\" \/>\n<meta property=\"article:modified_time\" content=\"2025-09-02T15:17:16+00:00\" \/>\n<meta property=\"og:image\" content=\"https:\/\/paulbergoutdoors.com\/wp-content\/uploads\/2022\/09\/Paul_Summer_boncho_pair.jpeg\" \/>\n\t<meta property=\"og:image:width\" content=\"2395\" \/>\n\t<meta property=\"og:image:height\" content=\"2395\" \/>\n\t<meta property=\"og:image:type\" content=\"image\/jpeg\" \/>\n<meta name=\"twitter:card\" content=\"summary_large_image\" \/>\n<meta name=\"twitter:label1\" content=\"Est. reading time\" \/>\n\t<meta name=\"twitter:data1\" content=\"1 minut\" \/>\n<script type=\"application\/ld+json\" class=\"yoast-schema-graph\">{\"@context\":\"https:\/\/schema.org\",\"@graph\":[{\"@type\":\"WebPage\",\"@id\":\"https:\/\/paulbergoutdoors.com\/et\/product\/paul-summer-poncho\/\",\"url\":\"https:\/\/paulbergoutdoors.com\/et\/product\/paul-summer-poncho\/\",\"name\":\"Paul Summer Poncho - Paul Berg\",\"isPartOf\":{\"@id\":\"https:\/\/paulbergoutdoors.com\/et\/#website\"},\"primaryImageOfPage\":{\"@id\":\"https:\/\/paulbergoutdoors.com\/et\/product\/paul-summer-poncho\/#primaryimage\"},\"image\":{\"@id\":\"https:\/\/paulbergoutdoors.com\/et\/product\/paul-summer-poncho\/#primaryimage\"},\"thumbnailUrl\":\"https:\/\/paulbergoutdoors.com\/wp-content\/uploads\/2022\/09\/Paul_Summer_boncho_pair.jpeg\",\"datePublished\":\"2022-08-17T13:00:50+00:00\",\"dateModified\":\"2025-09-02T15:17:16+00:00\",\"description\":\"Paul Summer | Kerge ja hingav suvine poncho | Julge, funktsionaalne ja kestlik | Paul Berg\",\"breadcrumb\":{\"@id\":\"https:\/\/paulbergoutdoors.com\/et\/product\/paul-summer-poncho\/#breadcrumb\"},\"inLanguage\":\"et\",\"potentialAction\":[{\"@type\":\"ReadAction\",\"target\":[\"https:\/\/paulbergoutdoors.com\/et\/product\/paul-summer-poncho\/\"]}]},{\"@type\":\"ImageObject\",\"inLanguage\":\"et\",\"@id\":\"https:\/\/paulbergoutdoors.com\/et\/product\/paul-summer-poncho\/#primaryimage\",\"url\":\"https:\/\/paulbergoutdoors.com\/wp-content\/uploads\/2022\/09\/Paul_Summer_boncho_pair.jpeg\",\"contentUrl\":\"https:\/\/paulbergoutdoors.com\/wp-content\/uploads\/2022\/09\/Paul_Summer_boncho_pair.jpeg\",\"width\":2395,\"height\":2395},{\"@type\":\"BreadcrumbList\",\"@id\":\"https:\/\/paulbergoutdoors.com\/et\/product\/paul-summer-poncho\/#breadcrumb\",\"itemListElement\":[{\"@type\":\"ListItem\",\"position\":1,\"name\":\"Home\",\"item\":\"https:\/\/paulbergoutdoors.com\/et\/\"},{\"@type\":\"ListItem\",\"position\":2,\"name\":\"Tooted\",\"item\":\"https:\/\/paulbergoutdoors.com\/products\/\"},{\"@type\":\"ListItem\",\"position\":3,\"name\":\"Paul Summer Poncho\"}]},{\"@type\":\"WebSite\",\"@id\":\"https:\/\/paulbergoutdoors.com\/et\/#website\",\"url\":\"https:\/\/paulbergoutdoors.com\/et\/\",\"name\":\"Paul Berg\",\"description\":\"\",\"publisher\":{\"@id\":\"https:\/\/paulbergoutdoors.com\/et\/#organization\"},\"potentialAction\":[{\"@type\":\"SearchAction\",\"target\":{\"@type\":\"EntryPoint\",\"urlTemplate\":\"https:\/\/paulbergoutdoors.com\/et\/?s={search_term_string}\"},\"query-input\":{\"@type\":\"PropertyValueSpecification\",\"valueRequired\":true,\"valueName\":\"search_term_string\"}}],\"inLanguage\":\"et\"},{\"@type\":\"Organization\",\"@id\":\"https:\/\/paulbergoutdoors.com\/et\/#organization\",\"name\":\"Paulberg\",\"url\":\"https:\/\/paulbergoutdoors.com\/et\/\",\"logo\":{\"@type\":\"ImageObject\",\"inLanguage\":\"et\",\"@id\":\"https:\/\/paulbergoutdoors.com\/et\/#\/schema\/logo\/image\/\",\"url\":\"https:\/\/paulbergoutdoors.com\/wp-content\/uploads\/2021\/05\/paul_berg_logo.svg\",\"contentUrl\":\"https:\/\/paulbergoutdoors.com\/wp-content\/uploads\/2021\/05\/paul_berg_logo.svg\",\"width\":175,\"height\":40,\"caption\":\"Paulberg\"},\"image\":{\"@id\":\"https:\/\/paulbergoutdoors.com\/et\/#\/schema\/logo\/image\/\"}}]}<\/script>\n<!-- \/ Yoast SEO plugin. -->","yoast_head_json":{"title":"Paul Summer Poncho - Paul Berg","description":"Paul Summer | Kerge ja hingav suvine poncho | Julge, funktsionaalne ja kestlik | Paul Berg","robots":{"index":"index","follow":"follow","max-snippet":"max-snippet:-1","max-image-preview":"max-image-preview:large","max-video-preview":"max-video-preview:-1"},"canonical":"https:\/\/paulbergoutdoors.com\/et\/product\/paul-summer-poncho\/","og_locale":"et_EE","og_type":"article","og_title":"Paul Summer Poncho - Paul Berg","og_description":"Paul Summer | Kerge ja hingav suvine poncho | Julge, funktsionaalne ja kestlik | Paul Berg","og_url":"https:\/\/paulbergoutdoors.com\/et\/product\/paul-summer-poncho\/","og_site_name":"Paul Berg","article_modified_time":"2025-09-02T15:17:16+00:00","og_image":[{"width":2395,"height":2395,"url":"https:\/\/paulbergoutdoors.com\/wp-content\/uploads\/2022\/09\/Paul_Summer_boncho_pair.jpeg","type":"image\/jpeg"}],"twitter_card":"summary_large_image","twitter_misc":{"Est. reading time":"1 minut"},"schema":{"@context":"https:\/\/schema.org","@graph":[{"@type":"WebPage","@id":"https:\/\/paulbergoutdoors.com\/et\/product\/paul-summer-poncho\/","url":"https:\/\/paulbergoutdoors.com\/et\/product\/paul-summer-poncho\/","name":"Paul Summer Poncho - Paul Berg","isPartOf":{"@id":"https:\/\/paulbergoutdoors.com\/et\/#website"},"primaryImageOfPage":{"@id":"https:\/\/paulbergoutdoors.com\/et\/product\/paul-summer-poncho\/#primaryimage"},"image":{"@id":"https:\/\/paulbergoutdoors.com\/et\/product\/paul-summer-poncho\/#primaryimage"},"thumbnailUrl":"https:\/\/paulbergoutdoors.com\/wp-content\/uploads\/2022\/09\/Paul_Summer_boncho_pair.jpeg","datePublished":"2022-08-17T13:00:50+00:00","dateModified":"2025-09-02T15:17:16+00:00","description":"Paul Summer | Kerge ja hingav suvine poncho | Julge, funktsionaalne ja kestlik | Paul Berg","breadcrumb":{"@id":"https:\/\/paulbergoutdoors.com\/et\/product\/paul-summer-poncho\/#breadcrumb"},"inLanguage":"et","potentialAction":[{"@type":"ReadAction","target":["https:\/\/paulbergoutdoors.com\/et\/product\/paul-summer-poncho\/"]}]},{"@type":"ImageObject","inLanguage":"et","@id":"https:\/\/paulbergoutdoors.com\/et\/product\/paul-summer-poncho\/#primaryimage","url":"https:\/\/paulbergoutdoors.com\/wp-content\/uploads\/2022\/09\/Paul_Summer_boncho_pair.jpeg","contentUrl":"https:\/\/paulbergoutdoors.com\/wp-content\/uploads\/2022\/09\/Paul_Summer_boncho_pair.jpeg","width":2395,"height":2395},{"@type":"BreadcrumbList","@id":"https:\/\/paulbergoutdoors.com\/et\/product\/paul-summer-poncho\/#breadcrumb","itemListElement":[{"@type":"ListItem","position":1,"name":"Home","item":"https:\/\/paulbergoutdoors.com\/et\/"},{"@type":"ListItem","position":2,"name":"Tooted","item":"https:\/\/paulbergoutdoors.com\/products\/"},{"@type":"ListItem","position":3,"name":"Paul Summer Poncho"}]},{"@type":"WebSite","@id":"https:\/\/paulbergoutdoors.com\/et\/#website","url":"https:\/\/paulbergoutdoors.com\/et\/","name":"Paul Berg","description":"","publisher":{"@id":"https:\/\/paulbergoutdoors.com\/et\/#organization"},"potentialAction":[{"@type":"SearchAction","target":{"@type":"EntryPoint","urlTemplate":"https:\/\/paulbergoutdoors.com\/et\/?s={search_term_string}"},"query-input":{"@type":"PropertyValueSpecification","valueRequired":true,"valueName":"search_term_string"}}],"inLanguage":"et"},{"@type":"Organization","@id":"https:\/\/paulbergoutdoors.com\/et\/#organization","name":"Paulberg","url":"https:\/\/paulbergoutdoors.com\/et\/","logo":{"@type":"ImageObject","inLanguage":"et","@id":"https:\/\/paulbergoutdoors.com\/et\/#\/schema\/logo\/image\/","url":"https:\/\/paulbergoutdoors.com\/wp-content\/uploads\/2021\/05\/paul_berg_logo.svg","contentUrl":"https:\/\/paulbergoutdoors.com\/wp-content\/uploads\/2021\/05\/paul_berg_logo.svg","width":175,"height":40,"caption":"Paulberg"},"image":{"@id":"https:\/\/paulbergoutdoors.com\/et\/#\/schema\/logo\/image\/"}}]}},"jetpack_sharing_enabled":true,"_links":{"self":[{"href":"https:\/\/paulbergoutdoors.com\/et\/wp-json\/wp\/v2\/product\/2620","targetHints":{"allow":["GET"]}}],"collection":[{"href":"https:\/\/paulbergoutdoors.com\/et\/wp-json\/wp\/v2\/product"}],"about":[{"href":"https:\/\/paulbergoutdoors.com\/et\/wp-json\/wp\/v2\/types\/product"}],"wp:featuredmedia":[{"embeddable":true,"href":"https:\/\/paulbergoutdoors.com\/et\/wp-json\/wp\/v2\/media\/2602"}],"wp:attachment":[{"href":"https:\/\/paulbergoutdoors.com\/et\/wp-json\/wp\/v2\/media?parent=2620"}],"wp:term":[{"taxonomy":"product_brand","embeddable":true,"href":"https:\/\/paulbergoutdoors.com\/et\/wp-json\/wp\/v2\/product_brand?post=2620"},{"taxonomy":"product_cat","embeddable":true,"href":"https:\/\/paulbergoutdoors.com\/et\/wp-json\/wp\/v2\/product_cat?post=2620"},{"taxonomy":"product_tag","embeddable":true,"href":"https:\/\/paulbergoutdoors.com\/et\/wp-json\/wp\/v2\/product_tag?post=2620"}],"curies":[{"name":"wp","href":"https:\/\/api.w.org\/{rel}","templated":true}]}}