{"id":3181,"date":"2023-03-21T16:35:04","date_gmt":"2023-03-21T13:35:04","guid":{"rendered":"https:\/\/paulbergoutdoors.com\/product\/paul-boots-upcycled-casual-boots-fuchsia\/"},"modified":"2026-04-13T12:30:26","modified_gmt":"2026-04-13T09:30:26","slug":"paul-boots-upcycle-vabaajasaapad-fuksia","status":"publish","type":"product","link":"https:\/\/paulbergoutdoors.com\/et\/product\/paul-boots-upcycle-vabaajasaapad-fuksia\/","title":{"rendered":"Paul Boots upcycle vabaajasaapad"},"content":{"rendered":"<p>Paul Boots saapad on mugavad ja kerged ning lihtsalt \u201ehops sisse, hops v\u00e4lja\u201c\u00a0 jalga t\u00f5mmatavad. Tegemist on koost\u00f6\u00f6projektiga jalatsitootjaga Samelin AS. Saabaste puhul on \u00e4ra kasutatud Paul Nordic jakkidest \u00fcle j\u00e4\u00e4nud pealiskanga detaile, lisatud kerge soojusisolatsioon ja voodriks Paul Nordicu pehme lambavillalaadse voodri j\u00e4\u00e4gid.<\/p>\n<p>Kuna kasutatud pealiskanga detailidel olevad logod paigutuvad saabastele kaootiliselt on iga saabas unikaalne ja oman\u00e4oline.<\/p>\n","protected":false},"excerpt":{"rendered":"<strong>FUKSIA<\/strong>\r\n\r\nPaul Boots saapad on sobilikud kandmiseks s\u00fcgisest kevadeni.\r\n\r\n&nbsp;","protected":false},"featured_media":3124,"template":"","meta":{"_acf_changed":false},"product_brand":[],"product_cat":[40,175],"product_tag":[111,174,104,107,108,109,110,185],"class_list":{"0":"post-3181","1":"product","2":"type-product","3":"status-publish","4":"has-post-thumbnail","6":"product_cat-paul_nordic-est","7":"product_cat-jalanoud","8":"product_tag-waterproof-et","9":"product_tag-boots-et","10":"product_tag-paul-berg-et","11":"product_tag-scandinavia-et","12":"product_tag-warm-et","13":"product_tag-bold-look-et","14":"product_tag-outdoor-robe-et","15":"product_tag-black-et","17":"first","18":"instock","19":"sale","20":"taxable","21":"shipping-taxable","22":"purchasable","23":"product-type-variable","24":"has-default-attributes"},"supplier_id":null,"supplier_sku":"","barcode":null,"atum_controlled":true,"out_stock_date":null,"out_stock_threshold":null,"inheritable":true,"inbound_stock":0,"stock_on_hold":0,"sold_today":0,"sales_last_days":0,"out_stock_days":0,"lost_sales":0,"has_location":false,"update_date":"2026-04-19T00:30:11","atum_locations":[],"atum_stock_status":"instock","restock_status":false,"low_stock_amount":"","sales_update_date":"2026-04-19T00:30:11","calc_backorders":null,"acf":[],"yoast_head":"<!-- This site is optimized with the Yoast SEO plugin v27.1.1 - https:\/\/yoast.com\/product\/yoast-seo-wordpress\/ -->\n<title>Paul Boots upcycle vabaajasaapad - Paul Berg<\/title>\n<meta name=\"description\" content=\"Otsid stiilseid ja j\u00e4tkusuutlikke saapaid? Tutvu Paul Bergi fuksiav\u00e4rvi vabaajasaabastega. Mugavad, julged ja keskkonnateadlikud.\" \/>\n<meta name=\"robots\" content=\"index, follow, max-snippet:-1, max-image-preview:large, max-video-preview:-1\" \/>\n<link rel=\"canonical\" href=\"https:\/\/paulbergoutdoors.com\/et\/product\/paul-boots-upcycle-vabaajasaapad-fuksia\/\" \/>\n<meta property=\"og:locale\" content=\"et_EE\" \/>\n<meta property=\"og:type\" content=\"article\" \/>\n<meta property=\"og:title\" content=\"Paul Boots upcycle vabaajasaapad - Paul Berg\" \/>\n<meta property=\"og:description\" content=\"Otsid stiilseid ja j\u00e4tkusuutlikke saapaid? Tutvu Paul Bergi fuksiav\u00e4rvi vabaajasaabastega. Mugavad, julged ja keskkonnateadlikud.\" \/>\n<meta property=\"og:url\" content=\"https:\/\/paulbergoutdoors.com\/et\/product\/paul-boots-upcycle-vabaajasaapad-fuksia\/\" \/>\n<meta property=\"og:site_name\" content=\"Paul Berg\" \/>\n<meta property=\"article:modified_time\" content=\"2026-04-13T09:30:26+00:00\" \/>\n<meta property=\"og:image\" content=\"https:\/\/paulbergoutdoors.com\/wp-content\/uploads\/2023\/03\/Paul-Boots_fuchsia_legs_s.jpg\" \/>\n\t<meta property=\"og:image:width\" content=\"2048\" \/>\n\t<meta property=\"og:image:height\" content=\"2048\" \/>\n\t<meta property=\"og:image:type\" content=\"image\/jpeg\" \/>\n<meta name=\"twitter:card\" content=\"summary_large_image\" \/>\n<meta name=\"twitter:label1\" content=\"Est. reading time\" \/>\n\t<meta name=\"twitter:data1\" content=\"1 minut\" \/>\n<script type=\"application\/ld+json\" class=\"yoast-schema-graph\">{\"@context\":\"https:\/\/schema.org\",\"@graph\":[{\"@type\":\"WebPage\",\"@id\":\"https:\/\/paulbergoutdoors.com\/et\/product\/paul-boots-upcycle-vabaajasaapad-fuksia\/\",\"url\":\"https:\/\/paulbergoutdoors.com\/et\/product\/paul-boots-upcycle-vabaajasaapad-fuksia\/\",\"name\":\"Paul Boots upcycle vabaajasaapad - Paul Berg\",\"isPartOf\":{\"@id\":\"https:\/\/paulbergoutdoors.com\/et\/#website\"},\"primaryImageOfPage\":{\"@id\":\"https:\/\/paulbergoutdoors.com\/et\/product\/paul-boots-upcycle-vabaajasaapad-fuksia\/#primaryimage\"},\"image\":{\"@id\":\"https:\/\/paulbergoutdoors.com\/et\/product\/paul-boots-upcycle-vabaajasaapad-fuksia\/#primaryimage\"},\"thumbnailUrl\":\"https:\/\/paulbergoutdoors.com\/wp-content\/uploads\/2023\/03\/Paul-Boots_fuchsia_legs_s.jpg\",\"datePublished\":\"2023-03-21T13:35:04+00:00\",\"dateModified\":\"2026-04-13T09:30:26+00:00\",\"description\":\"Otsid stiilseid ja j\u00e4tkusuutlikke saapaid? Tutvu Paul Bergi fuksiav\u00e4rvi vabaajasaabastega. Mugavad, julged ja keskkonnateadlikud.\",\"breadcrumb\":{\"@id\":\"https:\/\/paulbergoutdoors.com\/et\/product\/paul-boots-upcycle-vabaajasaapad-fuksia\/#breadcrumb\"},\"inLanguage\":\"et\",\"potentialAction\":[{\"@type\":\"ReadAction\",\"target\":[\"https:\/\/paulbergoutdoors.com\/et\/product\/paul-boots-upcycle-vabaajasaapad-fuksia\/\"]}]},{\"@type\":\"ImageObject\",\"inLanguage\":\"et\",\"@id\":\"https:\/\/paulbergoutdoors.com\/et\/product\/paul-boots-upcycle-vabaajasaapad-fuksia\/#primaryimage\",\"url\":\"https:\/\/paulbergoutdoors.com\/wp-content\/uploads\/2023\/03\/Paul-Boots_fuchsia_legs_s.jpg\",\"contentUrl\":\"https:\/\/paulbergoutdoors.com\/wp-content\/uploads\/2023\/03\/Paul-Boots_fuchsia_legs_s.jpg\",\"width\":2048,\"height\":2048},{\"@type\":\"BreadcrumbList\",\"@id\":\"https:\/\/paulbergoutdoors.com\/et\/product\/paul-boots-upcycle-vabaajasaapad-fuksia\/#breadcrumb\",\"itemListElement\":[{\"@type\":\"ListItem\",\"position\":1,\"name\":\"Home\",\"item\":\"https:\/\/paulbergoutdoors.com\/et\/\"},{\"@type\":\"ListItem\",\"position\":2,\"name\":\"Tooted\",\"item\":\"https:\/\/paulbergoutdoors.com\/products\/\"},{\"@type\":\"ListItem\",\"position\":3,\"name\":\"Paul Boots upcycle vabaajasaapad\"}]},{\"@type\":\"WebSite\",\"@id\":\"https:\/\/paulbergoutdoors.com\/et\/#website\",\"url\":\"https:\/\/paulbergoutdoors.com\/et\/\",\"name\":\"Paul Berg\",\"description\":\"\",\"publisher\":{\"@id\":\"https:\/\/paulbergoutdoors.com\/et\/#organization\"},\"potentialAction\":[{\"@type\":\"SearchAction\",\"target\":{\"@type\":\"EntryPoint\",\"urlTemplate\":\"https:\/\/paulbergoutdoors.com\/et\/?s={search_term_string}\"},\"query-input\":{\"@type\":\"PropertyValueSpecification\",\"valueRequired\":true,\"valueName\":\"search_term_string\"}}],\"inLanguage\":\"et\"},{\"@type\":\"Organization\",\"@id\":\"https:\/\/paulbergoutdoors.com\/et\/#organization\",\"name\":\"Paulberg\",\"url\":\"https:\/\/paulbergoutdoors.com\/et\/\",\"logo\":{\"@type\":\"ImageObject\",\"inLanguage\":\"et\",\"@id\":\"https:\/\/paulbergoutdoors.com\/et\/#\/schema\/logo\/image\/\",\"url\":\"https:\/\/paulbergoutdoors.com\/wp-content\/uploads\/2021\/05\/paul_berg_logo.svg\",\"contentUrl\":\"https:\/\/paulbergoutdoors.com\/wp-content\/uploads\/2021\/05\/paul_berg_logo.svg\",\"width\":175,\"height\":40,\"caption\":\"Paulberg\"},\"image\":{\"@id\":\"https:\/\/paulbergoutdoors.com\/et\/#\/schema\/logo\/image\/\"}}]}<\/script>\n<!-- \/ Yoast SEO plugin. -->","yoast_head_json":{"title":"Paul Boots upcycle vabaajasaapad - Paul Berg","description":"Otsid stiilseid ja j\u00e4tkusuutlikke saapaid? Tutvu Paul Bergi fuksiav\u00e4rvi vabaajasaabastega. Mugavad, julged ja keskkonnateadlikud.","robots":{"index":"index","follow":"follow","max-snippet":"max-snippet:-1","max-image-preview":"max-image-preview:large","max-video-preview":"max-video-preview:-1"},"canonical":"https:\/\/paulbergoutdoors.com\/et\/product\/paul-boots-upcycle-vabaajasaapad-fuksia\/","og_locale":"et_EE","og_type":"article","og_title":"Paul Boots upcycle vabaajasaapad - Paul Berg","og_description":"Otsid stiilseid ja j\u00e4tkusuutlikke saapaid? Tutvu Paul Bergi fuksiav\u00e4rvi vabaajasaabastega. Mugavad, julged ja keskkonnateadlikud.","og_url":"https:\/\/paulbergoutdoors.com\/et\/product\/paul-boots-upcycle-vabaajasaapad-fuksia\/","og_site_name":"Paul Berg","article_modified_time":"2026-04-13T09:30:26+00:00","og_image":[{"width":2048,"height":2048,"url":"https:\/\/paulbergoutdoors.com\/wp-content\/uploads\/2023\/03\/Paul-Boots_fuchsia_legs_s.jpg","type":"image\/jpeg"}],"twitter_card":"summary_large_image","twitter_misc":{"Est. reading time":"1 minut"},"schema":{"@context":"https:\/\/schema.org","@graph":[{"@type":"WebPage","@id":"https:\/\/paulbergoutdoors.com\/et\/product\/paul-boots-upcycle-vabaajasaapad-fuksia\/","url":"https:\/\/paulbergoutdoors.com\/et\/product\/paul-boots-upcycle-vabaajasaapad-fuksia\/","name":"Paul Boots upcycle vabaajasaapad - Paul Berg","isPartOf":{"@id":"https:\/\/paulbergoutdoors.com\/et\/#website"},"primaryImageOfPage":{"@id":"https:\/\/paulbergoutdoors.com\/et\/product\/paul-boots-upcycle-vabaajasaapad-fuksia\/#primaryimage"},"image":{"@id":"https:\/\/paulbergoutdoors.com\/et\/product\/paul-boots-upcycle-vabaajasaapad-fuksia\/#primaryimage"},"thumbnailUrl":"https:\/\/paulbergoutdoors.com\/wp-content\/uploads\/2023\/03\/Paul-Boots_fuchsia_legs_s.jpg","datePublished":"2023-03-21T13:35:04+00:00","dateModified":"2026-04-13T09:30:26+00:00","description":"Otsid stiilseid ja j\u00e4tkusuutlikke saapaid? Tutvu Paul Bergi fuksiav\u00e4rvi vabaajasaabastega. Mugavad, julged ja keskkonnateadlikud.","breadcrumb":{"@id":"https:\/\/paulbergoutdoors.com\/et\/product\/paul-boots-upcycle-vabaajasaapad-fuksia\/#breadcrumb"},"inLanguage":"et","potentialAction":[{"@type":"ReadAction","target":["https:\/\/paulbergoutdoors.com\/et\/product\/paul-boots-upcycle-vabaajasaapad-fuksia\/"]}]},{"@type":"ImageObject","inLanguage":"et","@id":"https:\/\/paulbergoutdoors.com\/et\/product\/paul-boots-upcycle-vabaajasaapad-fuksia\/#primaryimage","url":"https:\/\/paulbergoutdoors.com\/wp-content\/uploads\/2023\/03\/Paul-Boots_fuchsia_legs_s.jpg","contentUrl":"https:\/\/paulbergoutdoors.com\/wp-content\/uploads\/2023\/03\/Paul-Boots_fuchsia_legs_s.jpg","width":2048,"height":2048},{"@type":"BreadcrumbList","@id":"https:\/\/paulbergoutdoors.com\/et\/product\/paul-boots-upcycle-vabaajasaapad-fuksia\/#breadcrumb","itemListElement":[{"@type":"ListItem","position":1,"name":"Home","item":"https:\/\/paulbergoutdoors.com\/et\/"},{"@type":"ListItem","position":2,"name":"Tooted","item":"https:\/\/paulbergoutdoors.com\/products\/"},{"@type":"ListItem","position":3,"name":"Paul Boots upcycle vabaajasaapad"}]},{"@type":"WebSite","@id":"https:\/\/paulbergoutdoors.com\/et\/#website","url":"https:\/\/paulbergoutdoors.com\/et\/","name":"Paul Berg","description":"","publisher":{"@id":"https:\/\/paulbergoutdoors.com\/et\/#organization"},"potentialAction":[{"@type":"SearchAction","target":{"@type":"EntryPoint","urlTemplate":"https:\/\/paulbergoutdoors.com\/et\/?s={search_term_string}"},"query-input":{"@type":"PropertyValueSpecification","valueRequired":true,"valueName":"search_term_string"}}],"inLanguage":"et"},{"@type":"Organization","@id":"https:\/\/paulbergoutdoors.com\/et\/#organization","name":"Paulberg","url":"https:\/\/paulbergoutdoors.com\/et\/","logo":{"@type":"ImageObject","inLanguage":"et","@id":"https:\/\/paulbergoutdoors.com\/et\/#\/schema\/logo\/image\/","url":"https:\/\/paulbergoutdoors.com\/wp-content\/uploads\/2021\/05\/paul_berg_logo.svg","contentUrl":"https:\/\/paulbergoutdoors.com\/wp-content\/uploads\/2021\/05\/paul_berg_logo.svg","width":175,"height":40,"caption":"Paulberg"},"image":{"@id":"https:\/\/paulbergoutdoors.com\/et\/#\/schema\/logo\/image\/"}}]}},"jetpack_sharing_enabled":true,"_links":{"self":[{"href":"https:\/\/paulbergoutdoors.com\/et\/wp-json\/wp\/v2\/product\/3181","targetHints":{"allow":["GET"]}}],"collection":[{"href":"https:\/\/paulbergoutdoors.com\/et\/wp-json\/wp\/v2\/product"}],"about":[{"href":"https:\/\/paulbergoutdoors.com\/et\/wp-json\/wp\/v2\/types\/product"}],"wp:featuredmedia":[{"embeddable":true,"href":"https:\/\/paulbergoutdoors.com\/et\/wp-json\/wp\/v2\/media\/3124"}],"wp:attachment":[{"href":"https:\/\/paulbergoutdoors.com\/et\/wp-json\/wp\/v2\/media?parent=3181"}],"wp:term":[{"taxonomy":"product_brand","embeddable":true,"href":"https:\/\/paulbergoutdoors.com\/et\/wp-json\/wp\/v2\/product_brand?post=3181"},{"taxonomy":"product_cat","embeddable":true,"href":"https:\/\/paulbergoutdoors.com\/et\/wp-json\/wp\/v2\/product_cat?post=3181"},{"taxonomy":"product_tag","embeddable":true,"href":"https:\/\/paulbergoutdoors.com\/et\/wp-json\/wp\/v2\/product_tag?post=3181"}],"curies":[{"name":"wp","href":"https:\/\/api.w.org\/{rel}","templated":true}]}}