{"id":3322,"date":"2023-04-11T14:38:21","date_gmt":"2023-04-11T11:38:21","guid":{"rendered":"https:\/\/paulbergoutdoors.com\/?post_type=product&#038;p=3322"},"modified":"2026-04-09T14:34:53","modified_gmt":"2026-04-09T11:34:53","slug":"paul-light-jakk-sinine","status":"publish","type":"product","link":"https:\/\/paulbergoutdoors.com\/et\/product\/paul-light-jakk-sinine\/","title":{"rendered":"Paul Light jakk"},"content":{"rendered":"<p>Avara l\u00f5ikega Paul Light jakk on ideaalne igap\u00e4evane r\u00f5ivaese, mis sobib kandmiseks kevadest s\u00fcgiseni. T\u00e4nu pealiskanga tuule- ja veekindlusele ning hingavusele on m\u00f5\u00f5duka ilma kaitse tagatud. Jaki mugavustemperatuur on +5\u00b0C kuni +15\u00b0C.<\/p>\n<p>Veekindlate lukkudega k\u00fcljetaskutes saad turvaliselt hoida oma telefoni v\u00f5i pangakaarti. T\u00e4nu kahesuunalisele esilukule on jaki avamine ja sulgemine \u00fclimugav. Jakil on m\u00f5nus kinnine kapuuts ja varrukate otstes pikenduseks pehmed k\u00e4tised. Jakil on helkurdetailid, mis tagavad jaki kandja n\u00e4htavuse pimedal ajal.<\/p>\n","protected":false},"excerpt":{"rendered":"<strong>SININE<\/strong>\r\n\r\nPaul Light jakk sobib kandmiseks kevadest s\u00fcgiseni.\r\n\r\n&nbsp;","protected":false},"featured_media":3283,"template":"","meta":{"_acf_changed":false},"product_brand":[],"product_cat":[49],"product_tag":[112,104,105,107,108,109,110,111],"class_list":{"0":"post-3322","1":"product","2":"type-product","3":"status-publish","4":"has-post-thumbnail","6":"product_cat-paul-light-est","7":"product_tag-light-et","8":"product_tag-paul-berg-et","9":"product_tag-changing-robe-et","10":"product_tag-scandinavia-et","11":"product_tag-warm-et","12":"product_tag-bold-look-et","13":"product_tag-outdoor-robe-et","14":"product_tag-waterproof-et","16":"first","17":"instock","18":"taxable","19":"shipping-taxable","20":"purchasable","21":"product-type-variable","22":"has-default-attributes"},"supplier_id":null,"supplier_sku":"","barcode":null,"atum_controlled":true,"out_stock_date":null,"out_stock_threshold":null,"inheritable":true,"inbound_stock":0,"stock_on_hold":9,"sold_today":0,"sales_last_days":0,"out_stock_days":0,"lost_sales":0,"has_location":false,"update_date":"2026-04-19T00:30:06","atum_locations":[],"atum_stock_status":"instock","restock_status":false,"low_stock_amount":"","sales_update_date":"2026-04-19T00:30:06","calc_backorders":null,"acf":[],"yoast_head":"<!-- This site is optimized with the Yoast SEO plugin v27.1.1 - https:\/\/yoast.com\/product\/yoast-seo-wordpress\/ -->\n<title>Paul Light jakk - Paul Berg<\/title>\n<meta name=\"description\" content=\"Naudi v\u00e4litegevusi tuulekindla ja vihmakindla Paul Light jakiga | Paul Berg\" \/>\n<meta name=\"robots\" content=\"index, follow, max-snippet:-1, max-image-preview:large, max-video-preview:-1\" \/>\n<link rel=\"canonical\" href=\"https:\/\/paulbergoutdoors.com\/et\/product\/paul-light-jakk-sinine\/\" \/>\n<meta property=\"og:locale\" content=\"et_EE\" \/>\n<meta property=\"og:type\" content=\"article\" \/>\n<meta property=\"og:title\" content=\"Paul Light jakk - Paul Berg\" \/>\n<meta property=\"og:description\" content=\"Naudi v\u00e4litegevusi tuulekindla ja vihmakindla Paul Light jakiga | Paul Berg\" \/>\n<meta property=\"og:url\" content=\"https:\/\/paulbergoutdoors.com\/et\/product\/paul-light-jakk-sinine\/\" \/>\n<meta property=\"og:site_name\" content=\"Paul Berg\" \/>\n<meta property=\"article:modified_time\" content=\"2026-04-09T11:34:53+00:00\" \/>\n<meta property=\"og:image\" content=\"https:\/\/paulbergoutdoors.com\/wp-content\/uploads\/2023\/04\/Paul-Berg_Paul-Light_outdoor-robe_-blue_square_front.jpg\" \/>\n\t<meta property=\"og:image:width\" content=\"2048\" \/>\n\t<meta property=\"og:image:height\" content=\"2048\" \/>\n\t<meta property=\"og:image:type\" content=\"image\/jpeg\" \/>\n<meta name=\"twitter:card\" content=\"summary_large_image\" \/>\n<meta name=\"twitter:label1\" content=\"Est. reading time\" \/>\n\t<meta name=\"twitter:data1\" content=\"1 minut\" \/>\n<script type=\"application\/ld+json\" class=\"yoast-schema-graph\">{\"@context\":\"https:\/\/schema.org\",\"@graph\":[{\"@type\":\"WebPage\",\"@id\":\"https:\/\/paulbergoutdoors.com\/et\/product\/paul-light-jakk-sinine\/\",\"url\":\"https:\/\/paulbergoutdoors.com\/et\/product\/paul-light-jakk-sinine\/\",\"name\":\"Paul Light jakk - Paul Berg\",\"isPartOf\":{\"@id\":\"https:\/\/paulbergoutdoors.com\/et\/#website\"},\"primaryImageOfPage\":{\"@id\":\"https:\/\/paulbergoutdoors.com\/et\/product\/paul-light-jakk-sinine\/#primaryimage\"},\"image\":{\"@id\":\"https:\/\/paulbergoutdoors.com\/et\/product\/paul-light-jakk-sinine\/#primaryimage\"},\"thumbnailUrl\":\"https:\/\/paulbergoutdoors.com\/wp-content\/uploads\/2023\/04\/Paul-Berg_Paul-Light_outdoor-robe_-blue_square_front.jpg\",\"datePublished\":\"2023-04-11T11:38:21+00:00\",\"dateModified\":\"2026-04-09T11:34:53+00:00\",\"description\":\"Naudi v\u00e4litegevusi tuulekindla ja vihmakindla Paul Light jakiga | Paul Berg\",\"breadcrumb\":{\"@id\":\"https:\/\/paulbergoutdoors.com\/et\/product\/paul-light-jakk-sinine\/#breadcrumb\"},\"inLanguage\":\"et\",\"potentialAction\":[{\"@type\":\"ReadAction\",\"target\":[\"https:\/\/paulbergoutdoors.com\/et\/product\/paul-light-jakk-sinine\/\"]}]},{\"@type\":\"ImageObject\",\"inLanguage\":\"et\",\"@id\":\"https:\/\/paulbergoutdoors.com\/et\/product\/paul-light-jakk-sinine\/#primaryimage\",\"url\":\"https:\/\/paulbergoutdoors.com\/wp-content\/uploads\/2023\/04\/Paul-Berg_Paul-Light_outdoor-robe_-blue_square_front.jpg\",\"contentUrl\":\"https:\/\/paulbergoutdoors.com\/wp-content\/uploads\/2023\/04\/Paul-Berg_Paul-Light_outdoor-robe_-blue_square_front.jpg\",\"width\":2048,\"height\":2048},{\"@type\":\"BreadcrumbList\",\"@id\":\"https:\/\/paulbergoutdoors.com\/et\/product\/paul-light-jakk-sinine\/#breadcrumb\",\"itemListElement\":[{\"@type\":\"ListItem\",\"position\":1,\"name\":\"Home\",\"item\":\"https:\/\/paulbergoutdoors.com\/et\/\"},{\"@type\":\"ListItem\",\"position\":2,\"name\":\"Tooted\",\"item\":\"https:\/\/paulbergoutdoors.com\/products\/\"},{\"@type\":\"ListItem\",\"position\":3,\"name\":\"Paul Light jakk\"}]},{\"@type\":\"WebSite\",\"@id\":\"https:\/\/paulbergoutdoors.com\/et\/#website\",\"url\":\"https:\/\/paulbergoutdoors.com\/et\/\",\"name\":\"Paul Berg\",\"description\":\"\",\"publisher\":{\"@id\":\"https:\/\/paulbergoutdoors.com\/et\/#organization\"},\"potentialAction\":[{\"@type\":\"SearchAction\",\"target\":{\"@type\":\"EntryPoint\",\"urlTemplate\":\"https:\/\/paulbergoutdoors.com\/et\/?s={search_term_string}\"},\"query-input\":{\"@type\":\"PropertyValueSpecification\",\"valueRequired\":true,\"valueName\":\"search_term_string\"}}],\"inLanguage\":\"et\"},{\"@type\":\"Organization\",\"@id\":\"https:\/\/paulbergoutdoors.com\/et\/#organization\",\"name\":\"Paulberg\",\"url\":\"https:\/\/paulbergoutdoors.com\/et\/\",\"logo\":{\"@type\":\"ImageObject\",\"inLanguage\":\"et\",\"@id\":\"https:\/\/paulbergoutdoors.com\/et\/#\/schema\/logo\/image\/\",\"url\":\"https:\/\/paulbergoutdoors.com\/wp-content\/uploads\/2021\/05\/paul_berg_logo.svg\",\"contentUrl\":\"https:\/\/paulbergoutdoors.com\/wp-content\/uploads\/2021\/05\/paul_berg_logo.svg\",\"width\":175,\"height\":40,\"caption\":\"Paulberg\"},\"image\":{\"@id\":\"https:\/\/paulbergoutdoors.com\/et\/#\/schema\/logo\/image\/\"}}]}<\/script>\n<!-- \/ Yoast SEO plugin. -->","yoast_head_json":{"title":"Paul Light jakk - Paul Berg","description":"Naudi v\u00e4litegevusi tuulekindla ja vihmakindla Paul Light jakiga | Paul Berg","robots":{"index":"index","follow":"follow","max-snippet":"max-snippet:-1","max-image-preview":"max-image-preview:large","max-video-preview":"max-video-preview:-1"},"canonical":"https:\/\/paulbergoutdoors.com\/et\/product\/paul-light-jakk-sinine\/","og_locale":"et_EE","og_type":"article","og_title":"Paul Light jakk - Paul Berg","og_description":"Naudi v\u00e4litegevusi tuulekindla ja vihmakindla Paul Light jakiga | Paul Berg","og_url":"https:\/\/paulbergoutdoors.com\/et\/product\/paul-light-jakk-sinine\/","og_site_name":"Paul Berg","article_modified_time":"2026-04-09T11:34:53+00:00","og_image":[{"width":2048,"height":2048,"url":"https:\/\/paulbergoutdoors.com\/wp-content\/uploads\/2023\/04\/Paul-Berg_Paul-Light_outdoor-robe_-blue_square_front.jpg","type":"image\/jpeg"}],"twitter_card":"summary_large_image","twitter_misc":{"Est. reading time":"1 minut"},"schema":{"@context":"https:\/\/schema.org","@graph":[{"@type":"WebPage","@id":"https:\/\/paulbergoutdoors.com\/et\/product\/paul-light-jakk-sinine\/","url":"https:\/\/paulbergoutdoors.com\/et\/product\/paul-light-jakk-sinine\/","name":"Paul Light jakk - Paul Berg","isPartOf":{"@id":"https:\/\/paulbergoutdoors.com\/et\/#website"},"primaryImageOfPage":{"@id":"https:\/\/paulbergoutdoors.com\/et\/product\/paul-light-jakk-sinine\/#primaryimage"},"image":{"@id":"https:\/\/paulbergoutdoors.com\/et\/product\/paul-light-jakk-sinine\/#primaryimage"},"thumbnailUrl":"https:\/\/paulbergoutdoors.com\/wp-content\/uploads\/2023\/04\/Paul-Berg_Paul-Light_outdoor-robe_-blue_square_front.jpg","datePublished":"2023-04-11T11:38:21+00:00","dateModified":"2026-04-09T11:34:53+00:00","description":"Naudi v\u00e4litegevusi tuulekindla ja vihmakindla Paul Light jakiga | Paul Berg","breadcrumb":{"@id":"https:\/\/paulbergoutdoors.com\/et\/product\/paul-light-jakk-sinine\/#breadcrumb"},"inLanguage":"et","potentialAction":[{"@type":"ReadAction","target":["https:\/\/paulbergoutdoors.com\/et\/product\/paul-light-jakk-sinine\/"]}]},{"@type":"ImageObject","inLanguage":"et","@id":"https:\/\/paulbergoutdoors.com\/et\/product\/paul-light-jakk-sinine\/#primaryimage","url":"https:\/\/paulbergoutdoors.com\/wp-content\/uploads\/2023\/04\/Paul-Berg_Paul-Light_outdoor-robe_-blue_square_front.jpg","contentUrl":"https:\/\/paulbergoutdoors.com\/wp-content\/uploads\/2023\/04\/Paul-Berg_Paul-Light_outdoor-robe_-blue_square_front.jpg","width":2048,"height":2048},{"@type":"BreadcrumbList","@id":"https:\/\/paulbergoutdoors.com\/et\/product\/paul-light-jakk-sinine\/#breadcrumb","itemListElement":[{"@type":"ListItem","position":1,"name":"Home","item":"https:\/\/paulbergoutdoors.com\/et\/"},{"@type":"ListItem","position":2,"name":"Tooted","item":"https:\/\/paulbergoutdoors.com\/products\/"},{"@type":"ListItem","position":3,"name":"Paul Light jakk"}]},{"@type":"WebSite","@id":"https:\/\/paulbergoutdoors.com\/et\/#website","url":"https:\/\/paulbergoutdoors.com\/et\/","name":"Paul Berg","description":"","publisher":{"@id":"https:\/\/paulbergoutdoors.com\/et\/#organization"},"potentialAction":[{"@type":"SearchAction","target":{"@type":"EntryPoint","urlTemplate":"https:\/\/paulbergoutdoors.com\/et\/?s={search_term_string}"},"query-input":{"@type":"PropertyValueSpecification","valueRequired":true,"valueName":"search_term_string"}}],"inLanguage":"et"},{"@type":"Organization","@id":"https:\/\/paulbergoutdoors.com\/et\/#organization","name":"Paulberg","url":"https:\/\/paulbergoutdoors.com\/et\/","logo":{"@type":"ImageObject","inLanguage":"et","@id":"https:\/\/paulbergoutdoors.com\/et\/#\/schema\/logo\/image\/","url":"https:\/\/paulbergoutdoors.com\/wp-content\/uploads\/2021\/05\/paul_berg_logo.svg","contentUrl":"https:\/\/paulbergoutdoors.com\/wp-content\/uploads\/2021\/05\/paul_berg_logo.svg","width":175,"height":40,"caption":"Paulberg"},"image":{"@id":"https:\/\/paulbergoutdoors.com\/et\/#\/schema\/logo\/image\/"}}]}},"jetpack_sharing_enabled":true,"_links":{"self":[{"href":"https:\/\/paulbergoutdoors.com\/et\/wp-json\/wp\/v2\/product\/3322","targetHints":{"allow":["GET"]}}],"collection":[{"href":"https:\/\/paulbergoutdoors.com\/et\/wp-json\/wp\/v2\/product"}],"about":[{"href":"https:\/\/paulbergoutdoors.com\/et\/wp-json\/wp\/v2\/types\/product"}],"wp:featuredmedia":[{"embeddable":true,"href":"https:\/\/paulbergoutdoors.com\/et\/wp-json\/wp\/v2\/media\/3283"}],"wp:attachment":[{"href":"https:\/\/paulbergoutdoors.com\/et\/wp-json\/wp\/v2\/media?parent=3322"}],"wp:term":[{"taxonomy":"product_brand","embeddable":true,"href":"https:\/\/paulbergoutdoors.com\/et\/wp-json\/wp\/v2\/product_brand?post=3322"},{"taxonomy":"product_cat","embeddable":true,"href":"https:\/\/paulbergoutdoors.com\/et\/wp-json\/wp\/v2\/product_cat?post=3322"},{"taxonomy":"product_tag","embeddable":true,"href":"https:\/\/paulbergoutdoors.com\/et\/wp-json\/wp\/v2\/product_tag?post=3322"}],"curies":[{"name":"wp","href":"https:\/\/api.w.org\/{rel}","templated":true}]}}