{"id":3835,"date":"2024-01-22T21:33:37","date_gmt":"2024-01-22T18:33:37","guid":{"rendered":"https:\/\/paulbergoutdoors.com\/?post_type=product&#038;p=3835"},"modified":"2026-01-01T18:26:21","modified_gmt":"2026-01-01T15:26:21","slug":"paul-weekend-kott-oliivroheline","status":"publish","type":"product","link":"https:\/\/paulbergoutdoors.com\/et\/product\/paul-weekend-kott-oliivroheline\/","title":{"rendered":"Paul Weekend kott oliivroheline"},"content":{"rendered":"<p>Paul Berg\u2019s 40L \u00f5lakott on valmistatud Paul Nordicu kanga \u00fclej\u00e4\u00e4kidest ja l\u00f5ikekadudest. Oleme \u00e4ra kasutanud v\u00e4limise kanga, voodrikarva ning seisma j\u00e4\u00e4nud suured kahepoolsed lukud.<\/p>\n","protected":false},"excerpt":{"rendered":"Paul Weekend mahukas \u00f5lakott on sobilik erinevates olukordades ning oma materjalivaliku t\u00f5ttu vastupidav heitlikele ilmastikuoludele.","protected":false},"featured_media":3840,"template":"","meta":{"_acf_changed":false},"product_brand":[],"product_cat":[48],"product_tag":[],"class_list":{"0":"post-3835","1":"product","2":"type-product","3":"status-publish","4":"has-post-thumbnail","6":"product_cat-aksessuaarid","8":"first","9":"outofstock","10":"taxable","11":"shipping-taxable","12":"purchasable","13":"product-type-variable","14":"has-default-attributes"},"supplier_id":null,"supplier_sku":"","barcode":null,"atum_controlled":true,"out_stock_date":null,"out_stock_threshold":null,"inheritable":true,"inbound_stock":0,"stock_on_hold":0,"sold_today":0,"sales_last_days":0,"out_stock_days":0,"lost_sales":0,"has_location":false,"update_date":"2026-04-19T00:30:04","atum_locations":[],"atum_stock_status":"instock","restock_status":false,"low_stock_amount":"","sales_update_date":"2026-04-19T00:30:04","calc_backorders":null,"acf":[],"yoast_head":"<!-- This site is optimized with the Yoast SEO plugin v27.1.1 - https:\/\/yoast.com\/product\/yoast-seo-wordpress\/ -->\n<title>Paul Weekend kott oliivroheline - Paul Berg<\/title>\n<meta name=\"description\" content=\"Tee oma puhkus erilises Paul Weekend kandekotiga - j\u00e4tkusuutlik, stiilne ja mahukas. Valmistatud Paul Nordic jaki \u00fclej\u00e4\u00e4kidest. Ootab sind seiklusteks!\" \/>\n<meta name=\"robots\" content=\"index, follow, max-snippet:-1, max-image-preview:large, max-video-preview:-1\" \/>\n<link rel=\"canonical\" href=\"https:\/\/paulbergoutdoors.com\/et\/product\/paul-weekend-kott-oliivroheline\/\" \/>\n<meta property=\"og:locale\" content=\"et_EE\" \/>\n<meta property=\"og:type\" content=\"article\" \/>\n<meta property=\"og:title\" content=\"Paul Weekend kott oliivroheline - Paul Berg\" \/>\n<meta property=\"og:description\" content=\"Tee oma puhkus erilises Paul Weekend kandekotiga - j\u00e4tkusuutlik, stiilne ja mahukas. Valmistatud Paul Nordic jaki \u00fclej\u00e4\u00e4kidest. Ootab sind seiklusteks!\" \/>\n<meta property=\"og:url\" content=\"https:\/\/paulbergoutdoors.com\/et\/product\/paul-weekend-kott-oliivroheline\/\" \/>\n<meta property=\"og:site_name\" content=\"Paul Berg\" \/>\n<meta property=\"article:modified_time\" content=\"2026-01-01T15:26:21+00:00\" \/>\n<meta property=\"og:image\" content=\"https:\/\/paulbergoutdoors.com\/wp-content\/uploads\/2024\/01\/Paul_Weekend_bag_cover.jpg\" \/>\n\t<meta property=\"og:image:width\" content=\"2421\" \/>\n\t<meta property=\"og:image:height\" content=\"2433\" \/>\n\t<meta property=\"og:image:type\" content=\"image\/jpeg\" \/>\n<meta name=\"twitter:card\" content=\"summary_large_image\" \/>\n<meta name=\"twitter:label1\" content=\"Est. reading time\" \/>\n\t<meta name=\"twitter:data1\" content=\"1 minut\" \/>\n<script type=\"application\/ld+json\" class=\"yoast-schema-graph\">{\"@context\":\"https:\/\/schema.org\",\"@graph\":[{\"@type\":\"WebPage\",\"@id\":\"https:\/\/paulbergoutdoors.com\/et\/product\/paul-weekend-kott-oliivroheline\/\",\"url\":\"https:\/\/paulbergoutdoors.com\/et\/product\/paul-weekend-kott-oliivroheline\/\",\"name\":\"Paul Weekend kott oliivroheline - Paul Berg\",\"isPartOf\":{\"@id\":\"https:\/\/paulbergoutdoors.com\/et\/#website\"},\"primaryImageOfPage\":{\"@id\":\"https:\/\/paulbergoutdoors.com\/et\/product\/paul-weekend-kott-oliivroheline\/#primaryimage\"},\"image\":{\"@id\":\"https:\/\/paulbergoutdoors.com\/et\/product\/paul-weekend-kott-oliivroheline\/#primaryimage\"},\"thumbnailUrl\":\"https:\/\/paulbergoutdoors.com\/wp-content\/uploads\/2024\/01\/Paul_Weekend_bag_cover.jpg\",\"datePublished\":\"2024-01-22T18:33:37+00:00\",\"dateModified\":\"2026-01-01T15:26:21+00:00\",\"description\":\"Tee oma puhkus erilises Paul Weekend kandekotiga - j\u00e4tkusuutlik, stiilne ja mahukas. Valmistatud Paul Nordic jaki \u00fclej\u00e4\u00e4kidest. Ootab sind seiklusteks!\",\"breadcrumb\":{\"@id\":\"https:\/\/paulbergoutdoors.com\/et\/product\/paul-weekend-kott-oliivroheline\/#breadcrumb\"},\"inLanguage\":\"et\",\"potentialAction\":[{\"@type\":\"ReadAction\",\"target\":[\"https:\/\/paulbergoutdoors.com\/et\/product\/paul-weekend-kott-oliivroheline\/\"]}]},{\"@type\":\"ImageObject\",\"inLanguage\":\"et\",\"@id\":\"https:\/\/paulbergoutdoors.com\/et\/product\/paul-weekend-kott-oliivroheline\/#primaryimage\",\"url\":\"https:\/\/paulbergoutdoors.com\/wp-content\/uploads\/2024\/01\/Paul_Weekend_bag_cover.jpg\",\"contentUrl\":\"https:\/\/paulbergoutdoors.com\/wp-content\/uploads\/2024\/01\/Paul_Weekend_bag_cover.jpg\",\"width\":2421,\"height\":2433},{\"@type\":\"BreadcrumbList\",\"@id\":\"https:\/\/paulbergoutdoors.com\/et\/product\/paul-weekend-kott-oliivroheline\/#breadcrumb\",\"itemListElement\":[{\"@type\":\"ListItem\",\"position\":1,\"name\":\"Home\",\"item\":\"https:\/\/paulbergoutdoors.com\/et\/\"},{\"@type\":\"ListItem\",\"position\":2,\"name\":\"Tooted\",\"item\":\"https:\/\/paulbergoutdoors.com\/products\/\"},{\"@type\":\"ListItem\",\"position\":3,\"name\":\"Paul Weekend kott oliivroheline\"}]},{\"@type\":\"WebSite\",\"@id\":\"https:\/\/paulbergoutdoors.com\/et\/#website\",\"url\":\"https:\/\/paulbergoutdoors.com\/et\/\",\"name\":\"Paul Berg\",\"description\":\"\",\"publisher\":{\"@id\":\"https:\/\/paulbergoutdoors.com\/et\/#organization\"},\"potentialAction\":[{\"@type\":\"SearchAction\",\"target\":{\"@type\":\"EntryPoint\",\"urlTemplate\":\"https:\/\/paulbergoutdoors.com\/et\/?s={search_term_string}\"},\"query-input\":{\"@type\":\"PropertyValueSpecification\",\"valueRequired\":true,\"valueName\":\"search_term_string\"}}],\"inLanguage\":\"et\"},{\"@type\":\"Organization\",\"@id\":\"https:\/\/paulbergoutdoors.com\/et\/#organization\",\"name\":\"Paulberg\",\"url\":\"https:\/\/paulbergoutdoors.com\/et\/\",\"logo\":{\"@type\":\"ImageObject\",\"inLanguage\":\"et\",\"@id\":\"https:\/\/paulbergoutdoors.com\/et\/#\/schema\/logo\/image\/\",\"url\":\"https:\/\/paulbergoutdoors.com\/wp-content\/uploads\/2021\/05\/paul_berg_logo.svg\",\"contentUrl\":\"https:\/\/paulbergoutdoors.com\/wp-content\/uploads\/2021\/05\/paul_berg_logo.svg\",\"width\":175,\"height\":40,\"caption\":\"Paulberg\"},\"image\":{\"@id\":\"https:\/\/paulbergoutdoors.com\/et\/#\/schema\/logo\/image\/\"}}]}<\/script>\n<!-- \/ Yoast SEO plugin. -->","yoast_head_json":{"title":"Paul Weekend kott oliivroheline - Paul Berg","description":"Tee oma puhkus erilises Paul Weekend kandekotiga - j\u00e4tkusuutlik, stiilne ja mahukas. Valmistatud Paul Nordic jaki \u00fclej\u00e4\u00e4kidest. Ootab sind seiklusteks!","robots":{"index":"index","follow":"follow","max-snippet":"max-snippet:-1","max-image-preview":"max-image-preview:large","max-video-preview":"max-video-preview:-1"},"canonical":"https:\/\/paulbergoutdoors.com\/et\/product\/paul-weekend-kott-oliivroheline\/","og_locale":"et_EE","og_type":"article","og_title":"Paul Weekend kott oliivroheline - Paul Berg","og_description":"Tee oma puhkus erilises Paul Weekend kandekotiga - j\u00e4tkusuutlik, stiilne ja mahukas. Valmistatud Paul Nordic jaki \u00fclej\u00e4\u00e4kidest. Ootab sind seiklusteks!","og_url":"https:\/\/paulbergoutdoors.com\/et\/product\/paul-weekend-kott-oliivroheline\/","og_site_name":"Paul Berg","article_modified_time":"2026-01-01T15:26:21+00:00","og_image":[{"width":2421,"height":2433,"url":"https:\/\/paulbergoutdoors.com\/wp-content\/uploads\/2024\/01\/Paul_Weekend_bag_cover.jpg","type":"image\/jpeg"}],"twitter_card":"summary_large_image","twitter_misc":{"Est. reading time":"1 minut"},"schema":{"@context":"https:\/\/schema.org","@graph":[{"@type":"WebPage","@id":"https:\/\/paulbergoutdoors.com\/et\/product\/paul-weekend-kott-oliivroheline\/","url":"https:\/\/paulbergoutdoors.com\/et\/product\/paul-weekend-kott-oliivroheline\/","name":"Paul Weekend kott oliivroheline - Paul Berg","isPartOf":{"@id":"https:\/\/paulbergoutdoors.com\/et\/#website"},"primaryImageOfPage":{"@id":"https:\/\/paulbergoutdoors.com\/et\/product\/paul-weekend-kott-oliivroheline\/#primaryimage"},"image":{"@id":"https:\/\/paulbergoutdoors.com\/et\/product\/paul-weekend-kott-oliivroheline\/#primaryimage"},"thumbnailUrl":"https:\/\/paulbergoutdoors.com\/wp-content\/uploads\/2024\/01\/Paul_Weekend_bag_cover.jpg","datePublished":"2024-01-22T18:33:37+00:00","dateModified":"2026-01-01T15:26:21+00:00","description":"Tee oma puhkus erilises Paul Weekend kandekotiga - j\u00e4tkusuutlik, stiilne ja mahukas. Valmistatud Paul Nordic jaki \u00fclej\u00e4\u00e4kidest. Ootab sind seiklusteks!","breadcrumb":{"@id":"https:\/\/paulbergoutdoors.com\/et\/product\/paul-weekend-kott-oliivroheline\/#breadcrumb"},"inLanguage":"et","potentialAction":[{"@type":"ReadAction","target":["https:\/\/paulbergoutdoors.com\/et\/product\/paul-weekend-kott-oliivroheline\/"]}]},{"@type":"ImageObject","inLanguage":"et","@id":"https:\/\/paulbergoutdoors.com\/et\/product\/paul-weekend-kott-oliivroheline\/#primaryimage","url":"https:\/\/paulbergoutdoors.com\/wp-content\/uploads\/2024\/01\/Paul_Weekend_bag_cover.jpg","contentUrl":"https:\/\/paulbergoutdoors.com\/wp-content\/uploads\/2024\/01\/Paul_Weekend_bag_cover.jpg","width":2421,"height":2433},{"@type":"BreadcrumbList","@id":"https:\/\/paulbergoutdoors.com\/et\/product\/paul-weekend-kott-oliivroheline\/#breadcrumb","itemListElement":[{"@type":"ListItem","position":1,"name":"Home","item":"https:\/\/paulbergoutdoors.com\/et\/"},{"@type":"ListItem","position":2,"name":"Tooted","item":"https:\/\/paulbergoutdoors.com\/products\/"},{"@type":"ListItem","position":3,"name":"Paul Weekend kott oliivroheline"}]},{"@type":"WebSite","@id":"https:\/\/paulbergoutdoors.com\/et\/#website","url":"https:\/\/paulbergoutdoors.com\/et\/","name":"Paul Berg","description":"","publisher":{"@id":"https:\/\/paulbergoutdoors.com\/et\/#organization"},"potentialAction":[{"@type":"SearchAction","target":{"@type":"EntryPoint","urlTemplate":"https:\/\/paulbergoutdoors.com\/et\/?s={search_term_string}"},"query-input":{"@type":"PropertyValueSpecification","valueRequired":true,"valueName":"search_term_string"}}],"inLanguage":"et"},{"@type":"Organization","@id":"https:\/\/paulbergoutdoors.com\/et\/#organization","name":"Paulberg","url":"https:\/\/paulbergoutdoors.com\/et\/","logo":{"@type":"ImageObject","inLanguage":"et","@id":"https:\/\/paulbergoutdoors.com\/et\/#\/schema\/logo\/image\/","url":"https:\/\/paulbergoutdoors.com\/wp-content\/uploads\/2021\/05\/paul_berg_logo.svg","contentUrl":"https:\/\/paulbergoutdoors.com\/wp-content\/uploads\/2021\/05\/paul_berg_logo.svg","width":175,"height":40,"caption":"Paulberg"},"image":{"@id":"https:\/\/paulbergoutdoors.com\/et\/#\/schema\/logo\/image\/"}}]}},"jetpack_sharing_enabled":true,"_links":{"self":[{"href":"https:\/\/paulbergoutdoors.com\/et\/wp-json\/wp\/v2\/product\/3835","targetHints":{"allow":["GET"]}}],"collection":[{"href":"https:\/\/paulbergoutdoors.com\/et\/wp-json\/wp\/v2\/product"}],"about":[{"href":"https:\/\/paulbergoutdoors.com\/et\/wp-json\/wp\/v2\/types\/product"}],"wp:featuredmedia":[{"embeddable":true,"href":"https:\/\/paulbergoutdoors.com\/et\/wp-json\/wp\/v2\/media\/3840"}],"wp:attachment":[{"href":"https:\/\/paulbergoutdoors.com\/et\/wp-json\/wp\/v2\/media?parent=3835"}],"wp:term":[{"taxonomy":"product_brand","embeddable":true,"href":"https:\/\/paulbergoutdoors.com\/et\/wp-json\/wp\/v2\/product_brand?post=3835"},{"taxonomy":"product_cat","embeddable":true,"href":"https:\/\/paulbergoutdoors.com\/et\/wp-json\/wp\/v2\/product_cat?post=3835"},{"taxonomy":"product_tag","embeddable":true,"href":"https:\/\/paulbergoutdoors.com\/et\/wp-json\/wp\/v2\/product_tag?post=3835"}],"curies":[{"name":"wp","href":"https:\/\/api.w.org\/{rel}","templated":true}]}}