{"id":3954,"date":"2024-02-28T00:29:59","date_gmt":"2024-02-27T21:29:59","guid":{"rendered":"https:\/\/paulbergoutdoors.com\/?post_type=product&#038;p=3954"},"modified":"2026-02-06T14:47:12","modified_gmt":"2026-02-06T11:47:12","slug":"paul-fisherman-muts-oliivroheline","status":"publish","type":"product","link":"https:\/\/paulbergoutdoors.com\/et\/product\/paul-fisherman-muts-oliivroheline\/","title":{"rendered":"Paul Fisherman m\u00fcts oliivroheline"},"content":{"rendered":"<p>Ainulaadne Paul Fisherman m\u00fcts on valmistatud vastutustundlikult, kasutades Paul Nordic jaki tootmise \u00fclej\u00e4\u00e4ke. Koost\u00f6\u00f6s disainer Dina Alleriga oleme loonud keskkonnas\u00f5braliku kollektsiooni, kasutades erinevaid kanga kadusid. See m\u00fcts r\u00f5hutab kohalikku disaini ja tootmist, pakkudes stiili ja keskkonnas\u00f5bralikkust. Ideaalne valik neile, kes hindavad kvaliteeti, j\u00e4tkusuutlikkust ja individuaalsust.<\/p>\n","protected":false},"excerpt":{"rendered":"Paul Fisherman m\u00fcts sobib ideaalselt vabaajar\u00f5ivaks. <span data-sheets-value=\"{&quot;1&quot;:2,&quot;2&quot;:&quot;Saadaval erinevates v\u00e4rmides ja \u00fches suuruses.&quot;}\" data-sheets-userformat=\"{&quot;2&quot;:6723,&quot;3&quot;:{&quot;1&quot;:0},&quot;4&quot;:{&quot;1&quot;:2,&quot;2&quot;:16777215},&quot;9&quot;:0,&quot;12&quot;:0,&quot;14&quot;:{&quot;1&quot;:2,&quot;2&quot;:0},&quot;15&quot;:&quot;Arial&quot;}\">Piltidel oleva naismodelli pea\u00fcmberm\u00f5\u00f5t on 56cm.\u00a0<\/span>","protected":false},"featured_media":3963,"template":"","meta":{"_acf_changed":false},"product_brand":[],"product_cat":[48,40],"product_tag":[111],"class_list":{"0":"post-3954","1":"product","2":"type-product","3":"status-publish","4":"has-post-thumbnail","6":"product_cat-aksessuaarid","7":"product_cat-paul_nordic-est","8":"product_tag-waterproof-et","10":"first","11":"instock","12":"taxable","13":"shipping-taxable","14":"purchasable","15":"product-type-variable","16":"has-default-attributes"},"supplier_id":null,"supplier_sku":"","barcode":null,"atum_controlled":true,"out_stock_date":null,"out_stock_threshold":null,"inheritable":true,"inbound_stock":0,"stock_on_hold":0,"sold_today":0,"sales_last_days":0,"out_stock_days":0,"lost_sales":0,"has_location":false,"update_date":"2026-04-19T00:30:06","atum_locations":[],"atum_stock_status":"instock","restock_status":false,"low_stock_amount":"","sales_update_date":"2026-04-19T00:30:06","calc_backorders":null,"acf":[],"yoast_head":"<!-- This site is optimized with the Yoast SEO plugin v27.1.1 - https:\/\/yoast.com\/product\/yoast-seo-wordpress\/ -->\n<title>Paul Fisherman m\u00fcts oliivroheline - Paul Berg<\/title>\n<meta name=\"description\" content=\"Paul Fisherman - keskkonnas\u00f5bralik m\u00fcts, mis r\u00f5hutab kohalikku disaini ja tootmist. Stiilne ja j\u00e4tkusuutlik valik neile, kes hindavad kvaliteeti ja individuaalsust.\" \/>\n<meta name=\"robots\" content=\"index, follow, max-snippet:-1, max-image-preview:large, max-video-preview:-1\" \/>\n<link rel=\"canonical\" href=\"https:\/\/paulbergoutdoors.com\/et\/product\/paul-fisherman-muts-oliivroheline\/\" \/>\n<meta property=\"og:locale\" content=\"et_EE\" \/>\n<meta property=\"og:type\" content=\"article\" \/>\n<meta property=\"og:title\" content=\"Paul Fisherman m\u00fcts oliivroheline - Paul Berg\" \/>\n<meta property=\"og:description\" content=\"Paul Fisherman - keskkonnas\u00f5bralik m\u00fcts, mis r\u00f5hutab kohalikku disaini ja tootmist. Stiilne ja j\u00e4tkusuutlik valik neile, kes hindavad kvaliteeti ja individuaalsust.\" \/>\n<meta property=\"og:url\" content=\"https:\/\/paulbergoutdoors.com\/et\/product\/paul-fisherman-muts-oliivroheline\/\" \/>\n<meta property=\"og:site_name\" content=\"Paul Berg\" \/>\n<meta property=\"article:modified_time\" content=\"2026-02-06T11:47:12+00:00\" \/>\n<meta property=\"og:image\" content=\"https:\/\/paulbergoutdoors.com\/wp-content\/uploads\/2024\/02\/Paul_Fisherman_hats_colors-scaled.jpg\" \/>\n\t<meta property=\"og:image:width\" content=\"2560\" \/>\n\t<meta property=\"og:image:height\" content=\"2093\" \/>\n\t<meta property=\"og:image:type\" content=\"image\/jpeg\" \/>\n<meta name=\"twitter:card\" content=\"summary_large_image\" \/>\n<meta name=\"twitter:label1\" content=\"Est. reading time\" \/>\n\t<meta name=\"twitter:data1\" content=\"1 minut\" \/>\n<script type=\"application\/ld+json\" class=\"yoast-schema-graph\">{\"@context\":\"https:\/\/schema.org\",\"@graph\":[{\"@type\":\"WebPage\",\"@id\":\"https:\/\/paulbergoutdoors.com\/et\/product\/paul-fisherman-muts-oliivroheline\/\",\"url\":\"https:\/\/paulbergoutdoors.com\/et\/product\/paul-fisherman-muts-oliivroheline\/\",\"name\":\"Paul Fisherman m\u00fcts oliivroheline - Paul Berg\",\"isPartOf\":{\"@id\":\"https:\/\/paulbergoutdoors.com\/et\/#website\"},\"primaryImageOfPage\":{\"@id\":\"https:\/\/paulbergoutdoors.com\/et\/product\/paul-fisherman-muts-oliivroheline\/#primaryimage\"},\"image\":{\"@id\":\"https:\/\/paulbergoutdoors.com\/et\/product\/paul-fisherman-muts-oliivroheline\/#primaryimage\"},\"thumbnailUrl\":\"https:\/\/paulbergoutdoors.com\/wp-content\/uploads\/2024\/02\/Paul_Fisherman_hats_colors-scaled.jpg\",\"datePublished\":\"2024-02-27T21:29:59+00:00\",\"dateModified\":\"2026-02-06T11:47:12+00:00\",\"description\":\"Paul Fisherman - keskkonnas\u00f5bralik m\u00fcts, mis r\u00f5hutab kohalikku disaini ja tootmist. Stiilne ja j\u00e4tkusuutlik valik neile, kes hindavad kvaliteeti ja individuaalsust.\",\"breadcrumb\":{\"@id\":\"https:\/\/paulbergoutdoors.com\/et\/product\/paul-fisherman-muts-oliivroheline\/#breadcrumb\"},\"inLanguage\":\"et\",\"potentialAction\":[{\"@type\":\"ReadAction\",\"target\":[\"https:\/\/paulbergoutdoors.com\/et\/product\/paul-fisherman-muts-oliivroheline\/\"]}]},{\"@type\":\"ImageObject\",\"inLanguage\":\"et\",\"@id\":\"https:\/\/paulbergoutdoors.com\/et\/product\/paul-fisherman-muts-oliivroheline\/#primaryimage\",\"url\":\"https:\/\/paulbergoutdoors.com\/wp-content\/uploads\/2024\/02\/Paul_Fisherman_hats_colors-scaled.jpg\",\"contentUrl\":\"https:\/\/paulbergoutdoors.com\/wp-content\/uploads\/2024\/02\/Paul_Fisherman_hats_colors-scaled.jpg\",\"width\":2560,\"height\":2093},{\"@type\":\"BreadcrumbList\",\"@id\":\"https:\/\/paulbergoutdoors.com\/et\/product\/paul-fisherman-muts-oliivroheline\/#breadcrumb\",\"itemListElement\":[{\"@type\":\"ListItem\",\"position\":1,\"name\":\"Home\",\"item\":\"https:\/\/paulbergoutdoors.com\/et\/\"},{\"@type\":\"ListItem\",\"position\":2,\"name\":\"Tooted\",\"item\":\"https:\/\/paulbergoutdoors.com\/products\/\"},{\"@type\":\"ListItem\",\"position\":3,\"name\":\"Paul Fisherman m\u00fcts oliivroheline\"}]},{\"@type\":\"WebSite\",\"@id\":\"https:\/\/paulbergoutdoors.com\/et\/#website\",\"url\":\"https:\/\/paulbergoutdoors.com\/et\/\",\"name\":\"Paul Berg\",\"description\":\"\",\"publisher\":{\"@id\":\"https:\/\/paulbergoutdoors.com\/et\/#organization\"},\"potentialAction\":[{\"@type\":\"SearchAction\",\"target\":{\"@type\":\"EntryPoint\",\"urlTemplate\":\"https:\/\/paulbergoutdoors.com\/et\/?s={search_term_string}\"},\"query-input\":{\"@type\":\"PropertyValueSpecification\",\"valueRequired\":true,\"valueName\":\"search_term_string\"}}],\"inLanguage\":\"et\"},{\"@type\":\"Organization\",\"@id\":\"https:\/\/paulbergoutdoors.com\/et\/#organization\",\"name\":\"Paulberg\",\"url\":\"https:\/\/paulbergoutdoors.com\/et\/\",\"logo\":{\"@type\":\"ImageObject\",\"inLanguage\":\"et\",\"@id\":\"https:\/\/paulbergoutdoors.com\/et\/#\/schema\/logo\/image\/\",\"url\":\"https:\/\/paulbergoutdoors.com\/wp-content\/uploads\/2021\/05\/paul_berg_logo.svg\",\"contentUrl\":\"https:\/\/paulbergoutdoors.com\/wp-content\/uploads\/2021\/05\/paul_berg_logo.svg\",\"width\":175,\"height\":40,\"caption\":\"Paulberg\"},\"image\":{\"@id\":\"https:\/\/paulbergoutdoors.com\/et\/#\/schema\/logo\/image\/\"}}]}<\/script>\n<!-- \/ Yoast SEO plugin. -->","yoast_head_json":{"title":"Paul Fisherman m\u00fcts oliivroheline - Paul Berg","description":"Paul Fisherman - keskkonnas\u00f5bralik m\u00fcts, mis r\u00f5hutab kohalikku disaini ja tootmist. Stiilne ja j\u00e4tkusuutlik valik neile, kes hindavad kvaliteeti ja individuaalsust.","robots":{"index":"index","follow":"follow","max-snippet":"max-snippet:-1","max-image-preview":"max-image-preview:large","max-video-preview":"max-video-preview:-1"},"canonical":"https:\/\/paulbergoutdoors.com\/et\/product\/paul-fisherman-muts-oliivroheline\/","og_locale":"et_EE","og_type":"article","og_title":"Paul Fisherman m\u00fcts oliivroheline - Paul Berg","og_description":"Paul Fisherman - keskkonnas\u00f5bralik m\u00fcts, mis r\u00f5hutab kohalikku disaini ja tootmist. Stiilne ja j\u00e4tkusuutlik valik neile, kes hindavad kvaliteeti ja individuaalsust.","og_url":"https:\/\/paulbergoutdoors.com\/et\/product\/paul-fisherman-muts-oliivroheline\/","og_site_name":"Paul Berg","article_modified_time":"2026-02-06T11:47:12+00:00","og_image":[{"width":2560,"height":2093,"url":"https:\/\/paulbergoutdoors.com\/wp-content\/uploads\/2024\/02\/Paul_Fisherman_hats_colors-scaled.jpg","type":"image\/jpeg"}],"twitter_card":"summary_large_image","twitter_misc":{"Est. reading time":"1 minut"},"schema":{"@context":"https:\/\/schema.org","@graph":[{"@type":"WebPage","@id":"https:\/\/paulbergoutdoors.com\/et\/product\/paul-fisherman-muts-oliivroheline\/","url":"https:\/\/paulbergoutdoors.com\/et\/product\/paul-fisherman-muts-oliivroheline\/","name":"Paul Fisherman m\u00fcts oliivroheline - Paul Berg","isPartOf":{"@id":"https:\/\/paulbergoutdoors.com\/et\/#website"},"primaryImageOfPage":{"@id":"https:\/\/paulbergoutdoors.com\/et\/product\/paul-fisherman-muts-oliivroheline\/#primaryimage"},"image":{"@id":"https:\/\/paulbergoutdoors.com\/et\/product\/paul-fisherman-muts-oliivroheline\/#primaryimage"},"thumbnailUrl":"https:\/\/paulbergoutdoors.com\/wp-content\/uploads\/2024\/02\/Paul_Fisherman_hats_colors-scaled.jpg","datePublished":"2024-02-27T21:29:59+00:00","dateModified":"2026-02-06T11:47:12+00:00","description":"Paul Fisherman - keskkonnas\u00f5bralik m\u00fcts, mis r\u00f5hutab kohalikku disaini ja tootmist. Stiilne ja j\u00e4tkusuutlik valik neile, kes hindavad kvaliteeti ja individuaalsust.","breadcrumb":{"@id":"https:\/\/paulbergoutdoors.com\/et\/product\/paul-fisherman-muts-oliivroheline\/#breadcrumb"},"inLanguage":"et","potentialAction":[{"@type":"ReadAction","target":["https:\/\/paulbergoutdoors.com\/et\/product\/paul-fisherman-muts-oliivroheline\/"]}]},{"@type":"ImageObject","inLanguage":"et","@id":"https:\/\/paulbergoutdoors.com\/et\/product\/paul-fisherman-muts-oliivroheline\/#primaryimage","url":"https:\/\/paulbergoutdoors.com\/wp-content\/uploads\/2024\/02\/Paul_Fisherman_hats_colors-scaled.jpg","contentUrl":"https:\/\/paulbergoutdoors.com\/wp-content\/uploads\/2024\/02\/Paul_Fisherman_hats_colors-scaled.jpg","width":2560,"height":2093},{"@type":"BreadcrumbList","@id":"https:\/\/paulbergoutdoors.com\/et\/product\/paul-fisherman-muts-oliivroheline\/#breadcrumb","itemListElement":[{"@type":"ListItem","position":1,"name":"Home","item":"https:\/\/paulbergoutdoors.com\/et\/"},{"@type":"ListItem","position":2,"name":"Tooted","item":"https:\/\/paulbergoutdoors.com\/products\/"},{"@type":"ListItem","position":3,"name":"Paul Fisherman m\u00fcts oliivroheline"}]},{"@type":"WebSite","@id":"https:\/\/paulbergoutdoors.com\/et\/#website","url":"https:\/\/paulbergoutdoors.com\/et\/","name":"Paul Berg","description":"","publisher":{"@id":"https:\/\/paulbergoutdoors.com\/et\/#organization"},"potentialAction":[{"@type":"SearchAction","target":{"@type":"EntryPoint","urlTemplate":"https:\/\/paulbergoutdoors.com\/et\/?s={search_term_string}"},"query-input":{"@type":"PropertyValueSpecification","valueRequired":true,"valueName":"search_term_string"}}],"inLanguage":"et"},{"@type":"Organization","@id":"https:\/\/paulbergoutdoors.com\/et\/#organization","name":"Paulberg","url":"https:\/\/paulbergoutdoors.com\/et\/","logo":{"@type":"ImageObject","inLanguage":"et","@id":"https:\/\/paulbergoutdoors.com\/et\/#\/schema\/logo\/image\/","url":"https:\/\/paulbergoutdoors.com\/wp-content\/uploads\/2021\/05\/paul_berg_logo.svg","contentUrl":"https:\/\/paulbergoutdoors.com\/wp-content\/uploads\/2021\/05\/paul_berg_logo.svg","width":175,"height":40,"caption":"Paulberg"},"image":{"@id":"https:\/\/paulbergoutdoors.com\/et\/#\/schema\/logo\/image\/"}}]}},"jetpack_sharing_enabled":true,"_links":{"self":[{"href":"https:\/\/paulbergoutdoors.com\/et\/wp-json\/wp\/v2\/product\/3954","targetHints":{"allow":["GET"]}}],"collection":[{"href":"https:\/\/paulbergoutdoors.com\/et\/wp-json\/wp\/v2\/product"}],"about":[{"href":"https:\/\/paulbergoutdoors.com\/et\/wp-json\/wp\/v2\/types\/product"}],"wp:featuredmedia":[{"embeddable":true,"href":"https:\/\/paulbergoutdoors.com\/et\/wp-json\/wp\/v2\/media\/3963"}],"wp:attachment":[{"href":"https:\/\/paulbergoutdoors.com\/et\/wp-json\/wp\/v2\/media?parent=3954"}],"wp:term":[{"taxonomy":"product_brand","embeddable":true,"href":"https:\/\/paulbergoutdoors.com\/et\/wp-json\/wp\/v2\/product_brand?post=3954"},{"taxonomy":"product_cat","embeddable":true,"href":"https:\/\/paulbergoutdoors.com\/et\/wp-json\/wp\/v2\/product_cat?post=3954"},{"taxonomy":"product_tag","embeddable":true,"href":"https:\/\/paulbergoutdoors.com\/et\/wp-json\/wp\/v2\/product_tag?post=3954"}],"curies":[{"name":"wp","href":"https:\/\/api.w.org\/{rel}","templated":true}]}}