{"id":4363,"date":"2024-09-25T22:30:49","date_gmt":"2024-09-25T19:30:49","guid":{"rendered":"https:\/\/paulbergoutdoors.com\/?post_type=product&#038;p=4363"},"modified":"2026-02-02T14:18:29","modified_gmt":"2026-02-02T11:18:29","slug":"labakindad","status":"publish","type":"product","link":"https:\/\/paulbergoutdoors.com\/et\/product\/labakindad\/","title":{"rendered":"Paul Labakindad"},"content":{"rendered":"<p>Ainulaadsed Paul Labakindad on valmistatud vastutustundlikult, kasutades Paul Nordic jaki tootmise \u00fclej\u00e4\u00e4ke. Koost\u00f6\u00f6s disainer Dina Alleriga oleme loonud keskkonnas\u00f5braliku kollektsiooni, kasutades erinevaid kanga kadusid. Need kindad r\u00f5hutavad kohalikku disaini ja tootmist, pakkudes stiili ja keskkonnas\u00f5bralikkust. Ideaalne valik neile, kes hindavad kvaliteeti, soojust, j\u00e4tkusuutlikkust ja individuaalsust.<\/p>\n","protected":false},"excerpt":{"rendered":"Paul Labakindad sobivad ideaalselt vabaajar\u00f5ivaste juurde. Kontrollige suurus M ja L sobivust m\u00f5\u00f5dutabelist.","protected":false},"featured_media":4487,"template":"","meta":{"_acf_changed":false},"product_brand":[],"product_cat":[48],"product_tag":[111,236],"class_list":{"0":"post-4363","1":"product","2":"type-product","3":"status-publish","4":"has-post-thumbnail","6":"product_cat-aksessuaarid","7":"product_tag-waterproof-et","8":"product_tag-gloves-et","10":"first","11":"instock","12":"taxable","13":"shipping-taxable","14":"purchasable","15":"product-type-variable"},"supplier_id":null,"supplier_sku":"","barcode":null,"atum_controlled":true,"out_stock_date":null,"out_stock_threshold":null,"inheritable":true,"inbound_stock":0,"stock_on_hold":1,"sold_today":0,"sales_last_days":0,"out_stock_days":0,"lost_sales":0,"has_location":false,"update_date":"2026-04-19T00:30:06","atum_locations":[],"atum_stock_status":"instock","restock_status":false,"low_stock_amount":"","sales_update_date":"2026-04-19T00:30:06","calc_backorders":null,"acf":[],"yoast_head":"<!-- This site is optimized with the Yoast SEO plugin v27.1.1 - https:\/\/yoast.com\/product\/yoast-seo-wordpress\/ -->\n<title>Paul Labakindad - Paul Berg<\/title>\n<meta name=\"description\" content=\"Paul Labakindad - keskkonnas\u00f5bralikud kindad, mis r\u00f5hutavad kohalikku disaini ja tootmist. Stiilne ja j\u00e4tkusuutlik valik neile, kes hindavad kvaliteeti ja individuaalsust.\" \/>\n<meta name=\"robots\" content=\"index, follow, max-snippet:-1, max-image-preview:large, max-video-preview:-1\" \/>\n<link rel=\"canonical\" href=\"https:\/\/paulbergoutdoors.com\/et\/product\/labakindad\/\" \/>\n<meta property=\"og:locale\" content=\"et_EE\" \/>\n<meta property=\"og:type\" content=\"article\" \/>\n<meta property=\"og:title\" content=\"Paul Labakindad - Paul Berg\" \/>\n<meta property=\"og:description\" content=\"Paul Labakindad - keskkonnas\u00f5bralikud kindad, mis r\u00f5hutavad kohalikku disaini ja tootmist. Stiilne ja j\u00e4tkusuutlik valik neile, kes hindavad kvaliteeti ja individuaalsust.\" \/>\n<meta property=\"og:url\" content=\"https:\/\/paulbergoutdoors.com\/et\/product\/labakindad\/\" \/>\n<meta property=\"og:site_name\" content=\"Paul Berg\" \/>\n<meta property=\"article:modified_time\" content=\"2026-02-02T11:18:29+00:00\" \/>\n<meta property=\"og:image\" content=\"https:\/\/paulbergoutdoors.com\/wp-content\/uploads\/2024\/09\/DSC_8689.jpg\" \/>\n\t<meta property=\"og:image:width\" content=\"1365\" \/>\n\t<meta property=\"og:image:height\" content=\"2048\" \/>\n\t<meta property=\"og:image:type\" content=\"image\/jpeg\" \/>\n<meta name=\"twitter:card\" content=\"summary_large_image\" \/>\n<meta name=\"twitter:label1\" content=\"Est. reading time\" \/>\n\t<meta name=\"twitter:data1\" content=\"1 minut\" \/>\n<script type=\"application\/ld+json\" class=\"yoast-schema-graph\">{\"@context\":\"https:\/\/schema.org\",\"@graph\":[{\"@type\":\"WebPage\",\"@id\":\"https:\/\/paulbergoutdoors.com\/et\/product\/labakindad\/\",\"url\":\"https:\/\/paulbergoutdoors.com\/et\/product\/labakindad\/\",\"name\":\"Paul Labakindad - Paul Berg\",\"isPartOf\":{\"@id\":\"https:\/\/paulbergoutdoors.com\/et\/#website\"},\"primaryImageOfPage\":{\"@id\":\"https:\/\/paulbergoutdoors.com\/et\/product\/labakindad\/#primaryimage\"},\"image\":{\"@id\":\"https:\/\/paulbergoutdoors.com\/et\/product\/labakindad\/#primaryimage\"},\"thumbnailUrl\":\"https:\/\/paulbergoutdoors.com\/wp-content\/uploads\/2024\/09\/DSC_8689.jpg\",\"datePublished\":\"2024-09-25T19:30:49+00:00\",\"dateModified\":\"2026-02-02T11:18:29+00:00\",\"description\":\"Paul Labakindad - keskkonnas\u00f5bralikud kindad, mis r\u00f5hutavad kohalikku disaini ja tootmist. Stiilne ja j\u00e4tkusuutlik valik neile, kes hindavad kvaliteeti ja individuaalsust.\",\"breadcrumb\":{\"@id\":\"https:\/\/paulbergoutdoors.com\/et\/product\/labakindad\/#breadcrumb\"},\"inLanguage\":\"et\",\"potentialAction\":[{\"@type\":\"ReadAction\",\"target\":[\"https:\/\/paulbergoutdoors.com\/et\/product\/labakindad\/\"]}]},{\"@type\":\"ImageObject\",\"inLanguage\":\"et\",\"@id\":\"https:\/\/paulbergoutdoors.com\/et\/product\/labakindad\/#primaryimage\",\"url\":\"https:\/\/paulbergoutdoors.com\/wp-content\/uploads\/2024\/09\/DSC_8689.jpg\",\"contentUrl\":\"https:\/\/paulbergoutdoors.com\/wp-content\/uploads\/2024\/09\/DSC_8689.jpg\",\"width\":1365,\"height\":2048},{\"@type\":\"BreadcrumbList\",\"@id\":\"https:\/\/paulbergoutdoors.com\/et\/product\/labakindad\/#breadcrumb\",\"itemListElement\":[{\"@type\":\"ListItem\",\"position\":1,\"name\":\"Home\",\"item\":\"https:\/\/paulbergoutdoors.com\/et\/\"},{\"@type\":\"ListItem\",\"position\":2,\"name\":\"Tooted\",\"item\":\"https:\/\/paulbergoutdoors.com\/products\/\"},{\"@type\":\"ListItem\",\"position\":3,\"name\":\"Paul Labakindad\"}]},{\"@type\":\"WebSite\",\"@id\":\"https:\/\/paulbergoutdoors.com\/et\/#website\",\"url\":\"https:\/\/paulbergoutdoors.com\/et\/\",\"name\":\"Paul Berg\",\"description\":\"\",\"publisher\":{\"@id\":\"https:\/\/paulbergoutdoors.com\/et\/#organization\"},\"potentialAction\":[{\"@type\":\"SearchAction\",\"target\":{\"@type\":\"EntryPoint\",\"urlTemplate\":\"https:\/\/paulbergoutdoors.com\/et\/?s={search_term_string}\"},\"query-input\":{\"@type\":\"PropertyValueSpecification\",\"valueRequired\":true,\"valueName\":\"search_term_string\"}}],\"inLanguage\":\"et\"},{\"@type\":\"Organization\",\"@id\":\"https:\/\/paulbergoutdoors.com\/et\/#organization\",\"name\":\"Paulberg\",\"url\":\"https:\/\/paulbergoutdoors.com\/et\/\",\"logo\":{\"@type\":\"ImageObject\",\"inLanguage\":\"et\",\"@id\":\"https:\/\/paulbergoutdoors.com\/et\/#\/schema\/logo\/image\/\",\"url\":\"https:\/\/paulbergoutdoors.com\/wp-content\/uploads\/2021\/05\/paul_berg_logo.svg\",\"contentUrl\":\"https:\/\/paulbergoutdoors.com\/wp-content\/uploads\/2021\/05\/paul_berg_logo.svg\",\"width\":175,\"height\":40,\"caption\":\"Paulberg\"},\"image\":{\"@id\":\"https:\/\/paulbergoutdoors.com\/et\/#\/schema\/logo\/image\/\"}}]}<\/script>\n<!-- \/ Yoast SEO plugin. -->","yoast_head_json":{"title":"Paul Labakindad - Paul Berg","description":"Paul Labakindad - keskkonnas\u00f5bralikud kindad, mis r\u00f5hutavad kohalikku disaini ja tootmist. Stiilne ja j\u00e4tkusuutlik valik neile, kes hindavad kvaliteeti ja individuaalsust.","robots":{"index":"index","follow":"follow","max-snippet":"max-snippet:-1","max-image-preview":"max-image-preview:large","max-video-preview":"max-video-preview:-1"},"canonical":"https:\/\/paulbergoutdoors.com\/et\/product\/labakindad\/","og_locale":"et_EE","og_type":"article","og_title":"Paul Labakindad - Paul Berg","og_description":"Paul Labakindad - keskkonnas\u00f5bralikud kindad, mis r\u00f5hutavad kohalikku disaini ja tootmist. Stiilne ja j\u00e4tkusuutlik valik neile, kes hindavad kvaliteeti ja individuaalsust.","og_url":"https:\/\/paulbergoutdoors.com\/et\/product\/labakindad\/","og_site_name":"Paul Berg","article_modified_time":"2026-02-02T11:18:29+00:00","og_image":[{"width":1365,"height":2048,"url":"https:\/\/paulbergoutdoors.com\/wp-content\/uploads\/2024\/09\/DSC_8689.jpg","type":"image\/jpeg"}],"twitter_card":"summary_large_image","twitter_misc":{"Est. reading time":"1 minut"},"schema":{"@context":"https:\/\/schema.org","@graph":[{"@type":"WebPage","@id":"https:\/\/paulbergoutdoors.com\/et\/product\/labakindad\/","url":"https:\/\/paulbergoutdoors.com\/et\/product\/labakindad\/","name":"Paul Labakindad - Paul Berg","isPartOf":{"@id":"https:\/\/paulbergoutdoors.com\/et\/#website"},"primaryImageOfPage":{"@id":"https:\/\/paulbergoutdoors.com\/et\/product\/labakindad\/#primaryimage"},"image":{"@id":"https:\/\/paulbergoutdoors.com\/et\/product\/labakindad\/#primaryimage"},"thumbnailUrl":"https:\/\/paulbergoutdoors.com\/wp-content\/uploads\/2024\/09\/DSC_8689.jpg","datePublished":"2024-09-25T19:30:49+00:00","dateModified":"2026-02-02T11:18:29+00:00","description":"Paul Labakindad - keskkonnas\u00f5bralikud kindad, mis r\u00f5hutavad kohalikku disaini ja tootmist. Stiilne ja j\u00e4tkusuutlik valik neile, kes hindavad kvaliteeti ja individuaalsust.","breadcrumb":{"@id":"https:\/\/paulbergoutdoors.com\/et\/product\/labakindad\/#breadcrumb"},"inLanguage":"et","potentialAction":[{"@type":"ReadAction","target":["https:\/\/paulbergoutdoors.com\/et\/product\/labakindad\/"]}]},{"@type":"ImageObject","inLanguage":"et","@id":"https:\/\/paulbergoutdoors.com\/et\/product\/labakindad\/#primaryimage","url":"https:\/\/paulbergoutdoors.com\/wp-content\/uploads\/2024\/09\/DSC_8689.jpg","contentUrl":"https:\/\/paulbergoutdoors.com\/wp-content\/uploads\/2024\/09\/DSC_8689.jpg","width":1365,"height":2048},{"@type":"BreadcrumbList","@id":"https:\/\/paulbergoutdoors.com\/et\/product\/labakindad\/#breadcrumb","itemListElement":[{"@type":"ListItem","position":1,"name":"Home","item":"https:\/\/paulbergoutdoors.com\/et\/"},{"@type":"ListItem","position":2,"name":"Tooted","item":"https:\/\/paulbergoutdoors.com\/products\/"},{"@type":"ListItem","position":3,"name":"Paul Labakindad"}]},{"@type":"WebSite","@id":"https:\/\/paulbergoutdoors.com\/et\/#website","url":"https:\/\/paulbergoutdoors.com\/et\/","name":"Paul Berg","description":"","publisher":{"@id":"https:\/\/paulbergoutdoors.com\/et\/#organization"},"potentialAction":[{"@type":"SearchAction","target":{"@type":"EntryPoint","urlTemplate":"https:\/\/paulbergoutdoors.com\/et\/?s={search_term_string}"},"query-input":{"@type":"PropertyValueSpecification","valueRequired":true,"valueName":"search_term_string"}}],"inLanguage":"et"},{"@type":"Organization","@id":"https:\/\/paulbergoutdoors.com\/et\/#organization","name":"Paulberg","url":"https:\/\/paulbergoutdoors.com\/et\/","logo":{"@type":"ImageObject","inLanguage":"et","@id":"https:\/\/paulbergoutdoors.com\/et\/#\/schema\/logo\/image\/","url":"https:\/\/paulbergoutdoors.com\/wp-content\/uploads\/2021\/05\/paul_berg_logo.svg","contentUrl":"https:\/\/paulbergoutdoors.com\/wp-content\/uploads\/2021\/05\/paul_berg_logo.svg","width":175,"height":40,"caption":"Paulberg"},"image":{"@id":"https:\/\/paulbergoutdoors.com\/et\/#\/schema\/logo\/image\/"}}]}},"jetpack_sharing_enabled":true,"_links":{"self":[{"href":"https:\/\/paulbergoutdoors.com\/et\/wp-json\/wp\/v2\/product\/4363","targetHints":{"allow":["GET"]}}],"collection":[{"href":"https:\/\/paulbergoutdoors.com\/et\/wp-json\/wp\/v2\/product"}],"about":[{"href":"https:\/\/paulbergoutdoors.com\/et\/wp-json\/wp\/v2\/types\/product"}],"wp:featuredmedia":[{"embeddable":true,"href":"https:\/\/paulbergoutdoors.com\/et\/wp-json\/wp\/v2\/media\/4487"}],"wp:attachment":[{"href":"https:\/\/paulbergoutdoors.com\/et\/wp-json\/wp\/v2\/media?parent=4363"}],"wp:term":[{"taxonomy":"product_brand","embeddable":true,"href":"https:\/\/paulbergoutdoors.com\/et\/wp-json\/wp\/v2\/product_brand?post=4363"},{"taxonomy":"product_cat","embeddable":true,"href":"https:\/\/paulbergoutdoors.com\/et\/wp-json\/wp\/v2\/product_cat?post=4363"},{"taxonomy":"product_tag","embeddable":true,"href":"https:\/\/paulbergoutdoors.com\/et\/wp-json\/wp\/v2\/product_tag?post=4363"}],"curies":[{"name":"wp","href":"https:\/\/api.w.org\/{rel}","templated":true}]}}