{"id":6076,"date":"2026-01-08T16:54:55","date_gmt":"2026-01-08T13:54:55","guid":{"rendered":"https:\/\/paulbergoutdoors.com\/?post_type=product&#038;p=6076"},"modified":"2026-03-10T11:50:34","modified_gmt":"2026-03-10T08:50:34","slug":"paul-beanie-kollane-meriino-copy","status":"publish","type":"product","link":"https:\/\/paulbergoutdoors.com\/et\/product\/paul-beanie-kollane-meriino-copy\/","title":{"rendered":"Paul Beanie Meriino (soonikkoes)"},"content":{"rendered":"<p>Paul Bergi 100% meriinovillast topelt soonikkootud m\u00fcts on suvasooline ja sobib suurep\u00e4raselt meie kliimas elluj\u00e4\u00e4miseks. Kasutame puhast meriinovilla, mis on t\u00e4ielikult taaskasutatav. Meriinovill mitte ainult ei hoia sooja, vaid juhib ka soojust ning omab antistaatilisi omadusi. Toodetud Eestis, sest meie kliima ei ole mingi nali ja me teame, kuidas asju \u00f5igesti teha! Saadaval \u00fches suuruses, kuid erinevates v\u00e4rvides.<\/p>\n","protected":false},"excerpt":{"rendered":"Paul Bergi m\u00fcts sobib ideaalselt vabaajar\u00f5ivaks. <span data-sheets-value=\"{&quot;1&quot;:2,&quot;2&quot;:&quot;Saadaval erinevates v\u00e4rmides ja \u00fches suuruses.&quot;}\" data-sheets-userformat=\"{&quot;2&quot;:6723,&quot;3&quot;:{&quot;1&quot;:0},&quot;4&quot;:{&quot;1&quot;:2,&quot;2&quot;:16777215},&quot;9&quot;:0,&quot;12&quot;:0,&quot;14&quot;:{&quot;1&quot;:2,&quot;2&quot;:0},&quot;15&quot;:&quot;Arial&quot;}\">Pildil oleva naismodelli pea\u00fcmberm\u00f5\u00f5t on 56cm.<\/span>","protected":false},"featured_media":6071,"template":"","meta":{"_acf_changed":false},"product_brand":[],"product_cat":[48,40],"product_tag":[209,208],"class_list":{"0":"post-6076","1":"product","2":"type-product","3":"status-publish","4":"has-post-thumbnail","6":"product_cat-aksessuaarid","7":"product_cat-paul_nordic-est","8":"product_tag-merino-et","9":"product_tag-beanie-et","11":"first","12":"instock","13":"taxable","14":"shipping-taxable","15":"purchasable","16":"product-type-variable","17":"has-default-attributes"},"supplier_id":null,"supplier_sku":"","barcode":null,"atum_controlled":true,"out_stock_date":null,"out_stock_threshold":null,"inheritable":true,"inbound_stock":0,"stock_on_hold":0,"sold_today":0,"sales_last_days":0,"out_stock_days":0,"lost_sales":0,"has_location":false,"update_date":"2026-04-19T00:30:05","atum_locations":[],"atum_stock_status":"instock","restock_status":false,"low_stock_amount":"","sales_update_date":"2026-04-19T00:30:05","calc_backorders":null,"acf":[],"yoast_head":"<!-- This site is optimized with the Yoast SEO plugin v27.1.1 - https:\/\/yoast.com\/product\/yoast-seo-wordpress\/ -->\n<title>Paul Beanie Meriino (soonikkoes) - Paul Berg<\/title>\n<meta name=\"description\" content=\"Paul Beanie - Kvaliteetne ja stiilne meriinost peakate looduses liikumiseks | Paul Berg\" \/>\n<meta name=\"robots\" content=\"index, follow, max-snippet:-1, max-image-preview:large, max-video-preview:-1\" \/>\n<link rel=\"canonical\" href=\"https:\/\/paulbergoutdoors.com\/et\/product\/paul-beanie-kollane-meriino-copy\/\" \/>\n<meta property=\"og:locale\" content=\"et_EE\" \/>\n<meta property=\"og:type\" content=\"article\" \/>\n<meta property=\"og:title\" content=\"Paul Beanie Meriino (soonikkoes) - Paul Berg\" \/>\n<meta property=\"og:description\" content=\"Paul Beanie - Kvaliteetne ja stiilne meriinost peakate looduses liikumiseks | Paul Berg\" \/>\n<meta property=\"og:url\" content=\"https:\/\/paulbergoutdoors.com\/et\/product\/paul-beanie-kollane-meriino-copy\/\" \/>\n<meta property=\"og:site_name\" content=\"Paul Berg\" \/>\n<meta property=\"article:modified_time\" content=\"2026-03-10T08:50:34+00:00\" \/>\n<meta property=\"og:image\" content=\"https:\/\/paulbergoutdoors.com\/wp-content\/uploads\/2026\/01\/Paulberg_rib-knitted_beanies.png\" \/>\n\t<meta property=\"og:image:width\" content=\"768\" \/>\n\t<meta property=\"og:image:height\" content=\"1024\" \/>\n\t<meta property=\"og:image:type\" content=\"image\/png\" \/>\n<meta name=\"twitter:card\" content=\"summary_large_image\" \/>\n<meta name=\"twitter:label1\" content=\"Est. reading time\" \/>\n\t<meta name=\"twitter:data1\" content=\"1 minut\" \/>\n<script type=\"application\/ld+json\" class=\"yoast-schema-graph\">{\"@context\":\"https:\/\/schema.org\",\"@graph\":[{\"@type\":\"WebPage\",\"@id\":\"https:\/\/paulbergoutdoors.com\/et\/product\/paul-beanie-kollane-meriino-copy\/\",\"url\":\"https:\/\/paulbergoutdoors.com\/et\/product\/paul-beanie-kollane-meriino-copy\/\",\"name\":\"Paul Beanie Meriino (soonikkoes) - Paul Berg\",\"isPartOf\":{\"@id\":\"https:\/\/paulbergoutdoors.com\/et\/#website\"},\"primaryImageOfPage\":{\"@id\":\"https:\/\/paulbergoutdoors.com\/et\/product\/paul-beanie-kollane-meriino-copy\/#primaryimage\"},\"image\":{\"@id\":\"https:\/\/paulbergoutdoors.com\/et\/product\/paul-beanie-kollane-meriino-copy\/#primaryimage\"},\"thumbnailUrl\":\"https:\/\/paulbergoutdoors.com\/wp-content\/uploads\/2026\/01\/Paulberg_rib-knitted_beanies.png\",\"datePublished\":\"2026-01-08T13:54:55+00:00\",\"dateModified\":\"2026-03-10T08:50:34+00:00\",\"description\":\"Paul Beanie - Kvaliteetne ja stiilne meriinost peakate looduses liikumiseks | Paul Berg\",\"breadcrumb\":{\"@id\":\"https:\/\/paulbergoutdoors.com\/et\/product\/paul-beanie-kollane-meriino-copy\/#breadcrumb\"},\"inLanguage\":\"et\",\"potentialAction\":[{\"@type\":\"ReadAction\",\"target\":[\"https:\/\/paulbergoutdoors.com\/et\/product\/paul-beanie-kollane-meriino-copy\/\"]}]},{\"@type\":\"ImageObject\",\"inLanguage\":\"et\",\"@id\":\"https:\/\/paulbergoutdoors.com\/et\/product\/paul-beanie-kollane-meriino-copy\/#primaryimage\",\"url\":\"https:\/\/paulbergoutdoors.com\/wp-content\/uploads\/2026\/01\/Paulberg_rib-knitted_beanies.png\",\"contentUrl\":\"https:\/\/paulbergoutdoors.com\/wp-content\/uploads\/2026\/01\/Paulberg_rib-knitted_beanies.png\",\"width\":1704,\"height\":2272},{\"@type\":\"BreadcrumbList\",\"@id\":\"https:\/\/paulbergoutdoors.com\/et\/product\/paul-beanie-kollane-meriino-copy\/#breadcrumb\",\"itemListElement\":[{\"@type\":\"ListItem\",\"position\":1,\"name\":\"Home\",\"item\":\"https:\/\/paulbergoutdoors.com\/et\/\"},{\"@type\":\"ListItem\",\"position\":2,\"name\":\"Tooted\",\"item\":\"https:\/\/paulbergoutdoors.com\/products\/\"},{\"@type\":\"ListItem\",\"position\":3,\"name\":\"Paul Beanie Meriino (soonikkoes)\"}]},{\"@type\":\"WebSite\",\"@id\":\"https:\/\/paulbergoutdoors.com\/et\/#website\",\"url\":\"https:\/\/paulbergoutdoors.com\/et\/\",\"name\":\"Paul Berg\",\"description\":\"\",\"publisher\":{\"@id\":\"https:\/\/paulbergoutdoors.com\/et\/#organization\"},\"potentialAction\":[{\"@type\":\"SearchAction\",\"target\":{\"@type\":\"EntryPoint\",\"urlTemplate\":\"https:\/\/paulbergoutdoors.com\/et\/?s={search_term_string}\"},\"query-input\":{\"@type\":\"PropertyValueSpecification\",\"valueRequired\":true,\"valueName\":\"search_term_string\"}}],\"inLanguage\":\"et\"},{\"@type\":\"Organization\",\"@id\":\"https:\/\/paulbergoutdoors.com\/et\/#organization\",\"name\":\"Paulberg\",\"url\":\"https:\/\/paulbergoutdoors.com\/et\/\",\"logo\":{\"@type\":\"ImageObject\",\"inLanguage\":\"et\",\"@id\":\"https:\/\/paulbergoutdoors.com\/et\/#\/schema\/logo\/image\/\",\"url\":\"https:\/\/paulbergoutdoors.com\/wp-content\/uploads\/2021\/05\/paul_berg_logo.svg\",\"contentUrl\":\"https:\/\/paulbergoutdoors.com\/wp-content\/uploads\/2021\/05\/paul_berg_logo.svg\",\"width\":175,\"height\":40,\"caption\":\"Paulberg\"},\"image\":{\"@id\":\"https:\/\/paulbergoutdoors.com\/et\/#\/schema\/logo\/image\/\"}}]}<\/script>\n<!-- \/ Yoast SEO plugin. -->","yoast_head_json":{"title":"Paul Beanie Meriino (soonikkoes) - Paul Berg","description":"Paul Beanie - Kvaliteetne ja stiilne meriinost peakate looduses liikumiseks | Paul Berg","robots":{"index":"index","follow":"follow","max-snippet":"max-snippet:-1","max-image-preview":"max-image-preview:large","max-video-preview":"max-video-preview:-1"},"canonical":"https:\/\/paulbergoutdoors.com\/et\/product\/paul-beanie-kollane-meriino-copy\/","og_locale":"et_EE","og_type":"article","og_title":"Paul Beanie Meriino (soonikkoes) - Paul Berg","og_description":"Paul Beanie - Kvaliteetne ja stiilne meriinost peakate looduses liikumiseks | Paul Berg","og_url":"https:\/\/paulbergoutdoors.com\/et\/product\/paul-beanie-kollane-meriino-copy\/","og_site_name":"Paul Berg","article_modified_time":"2026-03-10T08:50:34+00:00","og_image":[{"url":"https:\/\/paulbergoutdoors.com\/wp-content\/uploads\/2026\/01\/Paulberg_rib-knitted_beanies.png","width":768,"height":1024,"type":"image\/png"}],"twitter_card":"summary_large_image","twitter_misc":{"Est. reading time":"1 minut"},"schema":{"@context":"https:\/\/schema.org","@graph":[{"@type":"WebPage","@id":"https:\/\/paulbergoutdoors.com\/et\/product\/paul-beanie-kollane-meriino-copy\/","url":"https:\/\/paulbergoutdoors.com\/et\/product\/paul-beanie-kollane-meriino-copy\/","name":"Paul Beanie Meriino (soonikkoes) - Paul Berg","isPartOf":{"@id":"https:\/\/paulbergoutdoors.com\/et\/#website"},"primaryImageOfPage":{"@id":"https:\/\/paulbergoutdoors.com\/et\/product\/paul-beanie-kollane-meriino-copy\/#primaryimage"},"image":{"@id":"https:\/\/paulbergoutdoors.com\/et\/product\/paul-beanie-kollane-meriino-copy\/#primaryimage"},"thumbnailUrl":"https:\/\/paulbergoutdoors.com\/wp-content\/uploads\/2026\/01\/Paulberg_rib-knitted_beanies.png","datePublished":"2026-01-08T13:54:55+00:00","dateModified":"2026-03-10T08:50:34+00:00","description":"Paul Beanie - Kvaliteetne ja stiilne meriinost peakate looduses liikumiseks | Paul Berg","breadcrumb":{"@id":"https:\/\/paulbergoutdoors.com\/et\/product\/paul-beanie-kollane-meriino-copy\/#breadcrumb"},"inLanguage":"et","potentialAction":[{"@type":"ReadAction","target":["https:\/\/paulbergoutdoors.com\/et\/product\/paul-beanie-kollane-meriino-copy\/"]}]},{"@type":"ImageObject","inLanguage":"et","@id":"https:\/\/paulbergoutdoors.com\/et\/product\/paul-beanie-kollane-meriino-copy\/#primaryimage","url":"https:\/\/paulbergoutdoors.com\/wp-content\/uploads\/2026\/01\/Paulberg_rib-knitted_beanies.png","contentUrl":"https:\/\/paulbergoutdoors.com\/wp-content\/uploads\/2026\/01\/Paulberg_rib-knitted_beanies.png","width":1704,"height":2272},{"@type":"BreadcrumbList","@id":"https:\/\/paulbergoutdoors.com\/et\/product\/paul-beanie-kollane-meriino-copy\/#breadcrumb","itemListElement":[{"@type":"ListItem","position":1,"name":"Home","item":"https:\/\/paulbergoutdoors.com\/et\/"},{"@type":"ListItem","position":2,"name":"Tooted","item":"https:\/\/paulbergoutdoors.com\/products\/"},{"@type":"ListItem","position":3,"name":"Paul Beanie Meriino (soonikkoes)"}]},{"@type":"WebSite","@id":"https:\/\/paulbergoutdoors.com\/et\/#website","url":"https:\/\/paulbergoutdoors.com\/et\/","name":"Paul Berg","description":"","publisher":{"@id":"https:\/\/paulbergoutdoors.com\/et\/#organization"},"potentialAction":[{"@type":"SearchAction","target":{"@type":"EntryPoint","urlTemplate":"https:\/\/paulbergoutdoors.com\/et\/?s={search_term_string}"},"query-input":{"@type":"PropertyValueSpecification","valueRequired":true,"valueName":"search_term_string"}}],"inLanguage":"et"},{"@type":"Organization","@id":"https:\/\/paulbergoutdoors.com\/et\/#organization","name":"Paulberg","url":"https:\/\/paulbergoutdoors.com\/et\/","logo":{"@type":"ImageObject","inLanguage":"et","@id":"https:\/\/paulbergoutdoors.com\/et\/#\/schema\/logo\/image\/","url":"https:\/\/paulbergoutdoors.com\/wp-content\/uploads\/2021\/05\/paul_berg_logo.svg","contentUrl":"https:\/\/paulbergoutdoors.com\/wp-content\/uploads\/2021\/05\/paul_berg_logo.svg","width":175,"height":40,"caption":"Paulberg"},"image":{"@id":"https:\/\/paulbergoutdoors.com\/et\/#\/schema\/logo\/image\/"}}]}},"jetpack_sharing_enabled":true,"_links":{"self":[{"href":"https:\/\/paulbergoutdoors.com\/et\/wp-json\/wp\/v2\/product\/6076","targetHints":{"allow":["GET"]}}],"collection":[{"href":"https:\/\/paulbergoutdoors.com\/et\/wp-json\/wp\/v2\/product"}],"about":[{"href":"https:\/\/paulbergoutdoors.com\/et\/wp-json\/wp\/v2\/types\/product"}],"wp:featuredmedia":[{"embeddable":true,"href":"https:\/\/paulbergoutdoors.com\/et\/wp-json\/wp\/v2\/media\/6071"}],"wp:attachment":[{"href":"https:\/\/paulbergoutdoors.com\/et\/wp-json\/wp\/v2\/media?parent=6076"}],"wp:term":[{"taxonomy":"product_brand","embeddable":true,"href":"https:\/\/paulbergoutdoors.com\/et\/wp-json\/wp\/v2\/product_brand?post=6076"},{"taxonomy":"product_cat","embeddable":true,"href":"https:\/\/paulbergoutdoors.com\/et\/wp-json\/wp\/v2\/product_cat?post=6076"},{"taxonomy":"product_tag","embeddable":true,"href":"https:\/\/paulbergoutdoors.com\/et\/wp-json\/wp\/v2\/product_tag?post=6076"}],"curies":[{"name":"wp","href":"https:\/\/api.w.org\/{rel}","templated":true}]}}