{"id":6165,"date":"2026-02-09T17:40:50","date_gmt":"2026-02-09T14:40:50","guid":{"rendered":"https:\/\/paulbergoutdoors.com\/?post_type=product&#038;p=6165"},"modified":"2026-03-30T13:04:12","modified_gmt":"2026-03-30T10:04:12","slug":"paul-nordic-vahetusjakk-copy","status":"publish","type":"product","link":"https:\/\/paulbergoutdoors.com\/et\/product\/paul-nordic-vahetusjakk-copy\/","title":{"rendered":"Paul Nordic vahetusjakk"},"content":{"rendered":"<p>Paul Nordic vahetusjakk sobib kandmiseks aastaringselt. T\u00e4nu pealiskanga vee- ja tuulekindlusele ning lambavillalaadsele karvasele voodrikangale on soojapidavus ja ilmastikukaitse tagatud. Fliisvoodrist rinna- ja k\u00fcljetaskud hoiavad soojas su k\u00e4ed, lukuga p\u00f5uetaskusse saad aga turvaliselt poetada oma telefoni v\u00f5i pangakaardi. Vahetuspesu saad hoida voodri k\u00fclge \u00f5mmeldud salataskus. Lisadetailina on varrukate all\u00e4\u00e4rde kinnitatud karabiiniga eemaldatavad fliisist labakindad. T\u00e4nu suurtele lukkudele on jope avamine ja sulgemine \u00fclimugav.<\/p>\n<p>NB! Paul Berg vahetusjakid on spetsiaalselt v\u00e4lja t\u00f6\u00f6tatud riiete vahetamiseks enne ja p\u00e4rast talisuplust (v\u00f5i m\u00f5ne muu v\u00e4lispordiala harrastamisel), mist\u00f5ttu on see v\u00e4ga avara l\u00f5ikega. Kui sa soovid seda pigem kasutada m\u00f5nusa sooja \u00fcleriidena (mis on ka t\u00e4iega lahe!), siis soovitame sul valida sinu tavap\u00e4rasest r\u00f5ivasuurusest \u00fche numbri v\u00f5rra v\u00e4iksema mudeli.<\/p>\n","protected":false},"excerpt":{"rendered":"<strong>METALLIKSININE<\/strong>\r\n\r\nPaul Nordic vahetusjakk sobib kandmiseks aastaringselt.","protected":false},"featured_media":6378,"template":"","meta":{"_acf_changed":false},"product_brand":[],"product_cat":[40],"product_tag":[287,104,105,107,108,109],"class_list":{"0":"post-6165","1":"product","2":"type-product","3":"status-publish","4":"has-post-thumbnail","6":"product_cat-paul_nordic-est","7":"product_tag-royal-blue","8":"product_tag-paul-berg-et","9":"product_tag-changing-robe-et","10":"product_tag-scandinavia-et","11":"product_tag-warm-et","12":"product_tag-bold-look-et","14":"first","15":"instock","16":"taxable","17":"shipping-taxable","18":"purchasable","19":"product-type-variable","20":"has-default-attributes"},"supplier_id":null,"supplier_sku":"","barcode":null,"atum_controlled":true,"out_stock_date":null,"out_stock_threshold":null,"inheritable":true,"inbound_stock":0,"stock_on_hold":0,"sold_today":0,"sales_last_days":0,"out_stock_days":0,"lost_sales":0,"has_location":false,"update_date":"2026-04-14T00:20:09","atum_locations":[],"atum_stock_status":"instock","restock_status":false,"low_stock_amount":"","sales_update_date":"2026-04-14T00:20:09","calc_backorders":null,"acf":[],"yoast_head":"<!-- This site is optimized with the Yoast SEO plugin v27.1.1 - https:\/\/yoast.com\/product\/yoast-seo-wordpress\/ -->\n<title>Paul Nordic vahetusjakk - Paul Berg<\/title>\n<meta name=\"description\" content=\"Paul Nordicu talvised vahetusjakid: veekindel ja tuulekindel, madala intensiivsusega tegevusteks, lai v\u00e4rvivalik.\" \/>\n<meta name=\"robots\" content=\"index, follow, max-snippet:-1, max-image-preview:large, max-video-preview:-1\" \/>\n<link rel=\"canonical\" href=\"https:\/\/paulbergoutdoors.com\/et\/product\/paul-nordic-vahetusjakk-copy\/\" \/>\n<meta property=\"og:locale\" content=\"et_EE\" \/>\n<meta property=\"og:type\" content=\"article\" \/>\n<meta property=\"og:title\" content=\"Paul Nordic vahetusjakk - Paul Berg\" \/>\n<meta property=\"og:description\" content=\"Paul Nordicu talvised vahetusjakid: veekindel ja tuulekindel, madala intensiivsusega tegevusteks, lai v\u00e4rvivalik.\" \/>\n<meta property=\"og:url\" content=\"https:\/\/paulbergoutdoors.com\/et\/product\/paul-nordic-vahetusjakk-copy\/\" \/>\n<meta property=\"og:site_name\" content=\"Paul Berg\" \/>\n<meta property=\"article:modified_time\" content=\"2026-03-30T10:04:12+00:00\" \/>\n<meta property=\"og:image\" content=\"https:\/\/paulbergoutdoors.com\/wp-content\/uploads\/2026\/03\/Paul-Nordic_royalblue_front2.jpg\" \/>\n\t<meta property=\"og:image:width\" content=\"2048\" \/>\n\t<meta property=\"og:image:height\" content=\"2048\" \/>\n\t<meta property=\"og:image:type\" content=\"image\/jpeg\" \/>\n<meta name=\"twitter:card\" content=\"summary_large_image\" \/>\n<meta name=\"twitter:label1\" content=\"Est. reading time\" \/>\n\t<meta name=\"twitter:data1\" content=\"1 minut\" \/>\n<script type=\"application\/ld+json\" class=\"yoast-schema-graph\">{\"@context\":\"https:\/\/schema.org\",\"@graph\":[{\"@type\":\"WebPage\",\"@id\":\"https:\/\/paulbergoutdoors.com\/et\/product\/paul-nordic-vahetusjakk-copy\/\",\"url\":\"https:\/\/paulbergoutdoors.com\/et\/product\/paul-nordic-vahetusjakk-copy\/\",\"name\":\"Paul Nordic vahetusjakk - Paul Berg\",\"isPartOf\":{\"@id\":\"https:\/\/paulbergoutdoors.com\/et\/#website\"},\"primaryImageOfPage\":{\"@id\":\"https:\/\/paulbergoutdoors.com\/et\/product\/paul-nordic-vahetusjakk-copy\/#primaryimage\"},\"image\":{\"@id\":\"https:\/\/paulbergoutdoors.com\/et\/product\/paul-nordic-vahetusjakk-copy\/#primaryimage\"},\"thumbnailUrl\":\"https:\/\/paulbergoutdoors.com\/wp-content\/uploads\/2026\/03\/Paul-Nordic_royalblue_front2.jpg\",\"datePublished\":\"2026-02-09T14:40:50+00:00\",\"dateModified\":\"2026-03-30T10:04:12+00:00\",\"description\":\"Paul Nordicu talvised vahetusjakid: veekindel ja tuulekindel, madala intensiivsusega tegevusteks, lai v\u00e4rvivalik.\",\"breadcrumb\":{\"@id\":\"https:\/\/paulbergoutdoors.com\/et\/product\/paul-nordic-vahetusjakk-copy\/#breadcrumb\"},\"inLanguage\":\"et\",\"potentialAction\":[{\"@type\":\"ReadAction\",\"target\":[\"https:\/\/paulbergoutdoors.com\/et\/product\/paul-nordic-vahetusjakk-copy\/\"]}]},{\"@type\":\"ImageObject\",\"inLanguage\":\"et\",\"@id\":\"https:\/\/paulbergoutdoors.com\/et\/product\/paul-nordic-vahetusjakk-copy\/#primaryimage\",\"url\":\"https:\/\/paulbergoutdoors.com\/wp-content\/uploads\/2026\/03\/Paul-Nordic_royalblue_front2.jpg\",\"contentUrl\":\"https:\/\/paulbergoutdoors.com\/wp-content\/uploads\/2026\/03\/Paul-Nordic_royalblue_front2.jpg\",\"width\":2048,\"height\":2048},{\"@type\":\"BreadcrumbList\",\"@id\":\"https:\/\/paulbergoutdoors.com\/et\/product\/paul-nordic-vahetusjakk-copy\/#breadcrumb\",\"itemListElement\":[{\"@type\":\"ListItem\",\"position\":1,\"name\":\"Home\",\"item\":\"https:\/\/paulbergoutdoors.com\/et\/\"},{\"@type\":\"ListItem\",\"position\":2,\"name\":\"Tooted\",\"item\":\"https:\/\/paulbergoutdoors.com\/products\/\"},{\"@type\":\"ListItem\",\"position\":3,\"name\":\"Paul Nordic vahetusjakk\"}]},{\"@type\":\"WebSite\",\"@id\":\"https:\/\/paulbergoutdoors.com\/et\/#website\",\"url\":\"https:\/\/paulbergoutdoors.com\/et\/\",\"name\":\"Paul Berg\",\"description\":\"\",\"publisher\":{\"@id\":\"https:\/\/paulbergoutdoors.com\/et\/#organization\"},\"potentialAction\":[{\"@type\":\"SearchAction\",\"target\":{\"@type\":\"EntryPoint\",\"urlTemplate\":\"https:\/\/paulbergoutdoors.com\/et\/?s={search_term_string}\"},\"query-input\":{\"@type\":\"PropertyValueSpecification\",\"valueRequired\":true,\"valueName\":\"search_term_string\"}}],\"inLanguage\":\"et\"},{\"@type\":\"Organization\",\"@id\":\"https:\/\/paulbergoutdoors.com\/et\/#organization\",\"name\":\"Paulberg\",\"url\":\"https:\/\/paulbergoutdoors.com\/et\/\",\"logo\":{\"@type\":\"ImageObject\",\"inLanguage\":\"et\",\"@id\":\"https:\/\/paulbergoutdoors.com\/et\/#\/schema\/logo\/image\/\",\"url\":\"https:\/\/paulbergoutdoors.com\/wp-content\/uploads\/2021\/05\/paul_berg_logo.svg\",\"contentUrl\":\"https:\/\/paulbergoutdoors.com\/wp-content\/uploads\/2021\/05\/paul_berg_logo.svg\",\"width\":175,\"height\":40,\"caption\":\"Paulberg\"},\"image\":{\"@id\":\"https:\/\/paulbergoutdoors.com\/et\/#\/schema\/logo\/image\/\"}}]}<\/script>\n<!-- \/ Yoast SEO plugin. -->","yoast_head_json":{"title":"Paul Nordic vahetusjakk - Paul Berg","description":"Paul Nordicu talvised vahetusjakid: veekindel ja tuulekindel, madala intensiivsusega tegevusteks, lai v\u00e4rvivalik.","robots":{"index":"index","follow":"follow","max-snippet":"max-snippet:-1","max-image-preview":"max-image-preview:large","max-video-preview":"max-video-preview:-1"},"canonical":"https:\/\/paulbergoutdoors.com\/et\/product\/paul-nordic-vahetusjakk-copy\/","og_locale":"et_EE","og_type":"article","og_title":"Paul Nordic vahetusjakk - Paul Berg","og_description":"Paul Nordicu talvised vahetusjakid: veekindel ja tuulekindel, madala intensiivsusega tegevusteks, lai v\u00e4rvivalik.","og_url":"https:\/\/paulbergoutdoors.com\/et\/product\/paul-nordic-vahetusjakk-copy\/","og_site_name":"Paul Berg","article_modified_time":"2026-03-30T10:04:12+00:00","og_image":[{"width":2048,"height":2048,"url":"https:\/\/paulbergoutdoors.com\/wp-content\/uploads\/2026\/03\/Paul-Nordic_royalblue_front2.jpg","type":"image\/jpeg"}],"twitter_card":"summary_large_image","twitter_misc":{"Est. reading time":"1 minut"},"schema":{"@context":"https:\/\/schema.org","@graph":[{"@type":"WebPage","@id":"https:\/\/paulbergoutdoors.com\/et\/product\/paul-nordic-vahetusjakk-copy\/","url":"https:\/\/paulbergoutdoors.com\/et\/product\/paul-nordic-vahetusjakk-copy\/","name":"Paul Nordic vahetusjakk - Paul Berg","isPartOf":{"@id":"https:\/\/paulbergoutdoors.com\/et\/#website"},"primaryImageOfPage":{"@id":"https:\/\/paulbergoutdoors.com\/et\/product\/paul-nordic-vahetusjakk-copy\/#primaryimage"},"image":{"@id":"https:\/\/paulbergoutdoors.com\/et\/product\/paul-nordic-vahetusjakk-copy\/#primaryimage"},"thumbnailUrl":"https:\/\/paulbergoutdoors.com\/wp-content\/uploads\/2026\/03\/Paul-Nordic_royalblue_front2.jpg","datePublished":"2026-02-09T14:40:50+00:00","dateModified":"2026-03-30T10:04:12+00:00","description":"Paul Nordicu talvised vahetusjakid: veekindel ja tuulekindel, madala intensiivsusega tegevusteks, lai v\u00e4rvivalik.","breadcrumb":{"@id":"https:\/\/paulbergoutdoors.com\/et\/product\/paul-nordic-vahetusjakk-copy\/#breadcrumb"},"inLanguage":"et","potentialAction":[{"@type":"ReadAction","target":["https:\/\/paulbergoutdoors.com\/et\/product\/paul-nordic-vahetusjakk-copy\/"]}]},{"@type":"ImageObject","inLanguage":"et","@id":"https:\/\/paulbergoutdoors.com\/et\/product\/paul-nordic-vahetusjakk-copy\/#primaryimage","url":"https:\/\/paulbergoutdoors.com\/wp-content\/uploads\/2026\/03\/Paul-Nordic_royalblue_front2.jpg","contentUrl":"https:\/\/paulbergoutdoors.com\/wp-content\/uploads\/2026\/03\/Paul-Nordic_royalblue_front2.jpg","width":2048,"height":2048},{"@type":"BreadcrumbList","@id":"https:\/\/paulbergoutdoors.com\/et\/product\/paul-nordic-vahetusjakk-copy\/#breadcrumb","itemListElement":[{"@type":"ListItem","position":1,"name":"Home","item":"https:\/\/paulbergoutdoors.com\/et\/"},{"@type":"ListItem","position":2,"name":"Tooted","item":"https:\/\/paulbergoutdoors.com\/products\/"},{"@type":"ListItem","position":3,"name":"Paul Nordic vahetusjakk"}]},{"@type":"WebSite","@id":"https:\/\/paulbergoutdoors.com\/et\/#website","url":"https:\/\/paulbergoutdoors.com\/et\/","name":"Paul Berg","description":"","publisher":{"@id":"https:\/\/paulbergoutdoors.com\/et\/#organization"},"potentialAction":[{"@type":"SearchAction","target":{"@type":"EntryPoint","urlTemplate":"https:\/\/paulbergoutdoors.com\/et\/?s={search_term_string}"},"query-input":{"@type":"PropertyValueSpecification","valueRequired":true,"valueName":"search_term_string"}}],"inLanguage":"et"},{"@type":"Organization","@id":"https:\/\/paulbergoutdoors.com\/et\/#organization","name":"Paulberg","url":"https:\/\/paulbergoutdoors.com\/et\/","logo":{"@type":"ImageObject","inLanguage":"et","@id":"https:\/\/paulbergoutdoors.com\/et\/#\/schema\/logo\/image\/","url":"https:\/\/paulbergoutdoors.com\/wp-content\/uploads\/2021\/05\/paul_berg_logo.svg","contentUrl":"https:\/\/paulbergoutdoors.com\/wp-content\/uploads\/2021\/05\/paul_berg_logo.svg","width":175,"height":40,"caption":"Paulberg"},"image":{"@id":"https:\/\/paulbergoutdoors.com\/et\/#\/schema\/logo\/image\/"}}]}},"jetpack_sharing_enabled":true,"_links":{"self":[{"href":"https:\/\/paulbergoutdoors.com\/et\/wp-json\/wp\/v2\/product\/6165","targetHints":{"allow":["GET"]}}],"collection":[{"href":"https:\/\/paulbergoutdoors.com\/et\/wp-json\/wp\/v2\/product"}],"about":[{"href":"https:\/\/paulbergoutdoors.com\/et\/wp-json\/wp\/v2\/types\/product"}],"wp:featuredmedia":[{"embeddable":true,"href":"https:\/\/paulbergoutdoors.com\/et\/wp-json\/wp\/v2\/media\/6378"}],"wp:attachment":[{"href":"https:\/\/paulbergoutdoors.com\/et\/wp-json\/wp\/v2\/media?parent=6165"}],"wp:term":[{"taxonomy":"product_brand","embeddable":true,"href":"https:\/\/paulbergoutdoors.com\/et\/wp-json\/wp\/v2\/product_brand?post=6165"},{"taxonomy":"product_cat","embeddable":true,"href":"https:\/\/paulbergoutdoors.com\/et\/wp-json\/wp\/v2\/product_cat?post=6165"},{"taxonomy":"product_tag","embeddable":true,"href":"https:\/\/paulbergoutdoors.com\/et\/wp-json\/wp\/v2\/product_tag?post=6165"}],"curies":[{"name":"wp","href":"https:\/\/api.w.org\/{rel}","templated":true}]}}