{"id":6403,"date":"2026-03-17T05:45:22","date_gmt":"2026-03-17T02:45:22","guid":{"rendered":"https:\/\/paulbergoutdoors.com\/?post_type=product&#038;p=6403"},"modified":"2026-04-14T14:52:25","modified_gmt":"2026-04-14T11:52:25","slug":"paul-t-sark","status":"publish","type":"product","link":"https:\/\/paulbergoutdoors.com\/et\/product\/paul-t-sark\/","title":{"rendered":"T-s\u00e4rk"},"content":{"rendered":"<p>Suvasooline avara l\u00f5ikega k\u00f5rge kaelusega T-s\u00e4rk, millel on pikendatud \u00f5lajoon.<\/p>\n","protected":false},"excerpt":{"rendered":"<strong>MUST<\/strong>\r\n\r\nSee unisex t-s\u00e4rk sobib igap\u00e4evaseks kandmiseks.\r\n\r\n&nbsp;","protected":false},"featured_media":6392,"template":"","meta":{"_acf_changed":false},"product_brand":[],"product_cat":[],"product_tag":[185,104,107,109],"class_list":{"0":"post-6403","1":"product","2":"type-product","3":"status-publish","4":"has-post-thumbnail","6":"product_tag-black-et","7":"product_tag-paul-berg-et","8":"product_tag-scandinavia-et","9":"product_tag-bold-look-et","11":"first","12":"instock","13":"featured","14":"taxable","15":"shipping-taxable","16":"purchasable","17":"product-type-variable"},"supplier_id":null,"supplier_sku":"","barcode":null,"atum_controlled":true,"out_stock_date":null,"out_stock_threshold":null,"inheritable":true,"inbound_stock":0,"stock_on_hold":0,"sold_today":0,"sales_last_days":0,"out_stock_days":0,"lost_sales":0,"has_location":false,"update_date":"2026-04-19T00:30:11","atum_locations":[],"atum_stock_status":"instock","restock_status":false,"low_stock_amount":"","sales_update_date":"2026-04-19T00:30:11","calc_backorders":null,"acf":[],"yoast_head":"<!-- This site is optimized with the Yoast SEO plugin v27.1.1 - https:\/\/yoast.com\/product\/yoast-seo-wordpress\/ -->\n<title>T-s\u00e4rk - Paul Berg<\/title>\n<meta name=\"description\" content=\"Avara l\u00f5ikega Paul Light jakk sobib kandmiseks kevadest s\u00fcgiseni. T\u00e4nu pealiskanga tuule- ja veekindlusele ning hingavusele on m\u00f5\u00f5duka ilma kaitse tagatud. Jaki mugavustemperatuur on +5\u00b0C kuni +15\u00b0C.\" \/>\n<meta name=\"robots\" content=\"index, follow, max-snippet:-1, max-image-preview:large, max-video-preview:-1\" \/>\n<link rel=\"canonical\" href=\"https:\/\/paulbergoutdoors.com\/et\/product\/paul-t-sark\/\" \/>\n<meta property=\"og:locale\" content=\"et_EE\" \/>\n<meta property=\"og:type\" content=\"article\" \/>\n<meta property=\"og:title\" content=\"T-s\u00e4rk - Paul Berg\" \/>\n<meta property=\"og:description\" content=\"Avara l\u00f5ikega Paul Light jakk sobib kandmiseks kevadest s\u00fcgiseni. T\u00e4nu pealiskanga tuule- ja veekindlusele ning hingavusele on m\u00f5\u00f5duka ilma kaitse tagatud. Jaki mugavustemperatuur on +5\u00b0C kuni +15\u00b0C.\" \/>\n<meta property=\"og:url\" content=\"https:\/\/paulbergoutdoors.com\/et\/product\/paul-t-sark\/\" \/>\n<meta property=\"og:site_name\" content=\"Paul Berg\" \/>\n<meta property=\"article:modified_time\" content=\"2026-04-14T11:52:25+00:00\" \/>\n<meta property=\"og:image\" content=\"https:\/\/paulbergoutdoors.com\/wp-content\/uploads\/2026\/03\/Paul-Shirt_black_front_back.jpg\" \/>\n\t<meta property=\"og:image:width\" content=\"1024\" \/>\n\t<meta property=\"og:image:height\" content=\"1024\" \/>\n\t<meta property=\"og:image:type\" content=\"image\/jpeg\" \/>\n<meta name=\"twitter:card\" content=\"summary_large_image\" \/>\n<meta name=\"twitter:label1\" content=\"Est. reading time\" \/>\n\t<meta name=\"twitter:data1\" content=\"1 minut\" \/>\n<script type=\"application\/ld+json\" class=\"yoast-schema-graph\">{\"@context\":\"https:\/\/schema.org\",\"@graph\":[{\"@type\":\"WebPage\",\"@id\":\"https:\/\/paulbergoutdoors.com\/et\/product\/paul-t-sark\/\",\"url\":\"https:\/\/paulbergoutdoors.com\/et\/product\/paul-t-sark\/\",\"name\":\"T-s\u00e4rk - Paul Berg\",\"isPartOf\":{\"@id\":\"https:\/\/paulbergoutdoors.com\/et\/#website\"},\"primaryImageOfPage\":{\"@id\":\"https:\/\/paulbergoutdoors.com\/et\/product\/paul-t-sark\/#primaryimage\"},\"image\":{\"@id\":\"https:\/\/paulbergoutdoors.com\/et\/product\/paul-t-sark\/#primaryimage\"},\"thumbnailUrl\":\"https:\/\/paulbergoutdoors.com\/wp-content\/uploads\/2026\/03\/Paul-Shirt_black_front_back.jpg\",\"datePublished\":\"2026-03-17T02:45:22+00:00\",\"dateModified\":\"2026-04-14T11:52:25+00:00\",\"description\":\"Avara l\u00f5ikega Paul Light jakk sobib kandmiseks kevadest s\u00fcgiseni. T\u00e4nu pealiskanga tuule- ja veekindlusele ning hingavusele on m\u00f5\u00f5duka ilma kaitse tagatud. Jaki mugavustemperatuur on +5\u00b0C kuni +15\u00b0C.\",\"breadcrumb\":{\"@id\":\"https:\/\/paulbergoutdoors.com\/et\/product\/paul-t-sark\/#breadcrumb\"},\"inLanguage\":\"et\",\"potentialAction\":[{\"@type\":\"ReadAction\",\"target\":[\"https:\/\/paulbergoutdoors.com\/et\/product\/paul-t-sark\/\"]}]},{\"@type\":\"ImageObject\",\"inLanguage\":\"et\",\"@id\":\"https:\/\/paulbergoutdoors.com\/et\/product\/paul-t-sark\/#primaryimage\",\"url\":\"https:\/\/paulbergoutdoors.com\/wp-content\/uploads\/2026\/03\/Paul-Shirt_black_front_back.jpg\",\"contentUrl\":\"https:\/\/paulbergoutdoors.com\/wp-content\/uploads\/2026\/03\/Paul-Shirt_black_front_back.jpg\",\"width\":2048,\"height\":2048},{\"@type\":\"BreadcrumbList\",\"@id\":\"https:\/\/paulbergoutdoors.com\/et\/product\/paul-t-sark\/#breadcrumb\",\"itemListElement\":[{\"@type\":\"ListItem\",\"position\":1,\"name\":\"Home\",\"item\":\"https:\/\/paulbergoutdoors.com\/et\/\"},{\"@type\":\"ListItem\",\"position\":2,\"name\":\"Tooted\",\"item\":\"https:\/\/paulbergoutdoors.com\/products\/\"},{\"@type\":\"ListItem\",\"position\":3,\"name\":\"T-s\u00e4rk\"}]},{\"@type\":\"WebSite\",\"@id\":\"https:\/\/paulbergoutdoors.com\/et\/#website\",\"url\":\"https:\/\/paulbergoutdoors.com\/et\/\",\"name\":\"Paul Berg\",\"description\":\"\",\"publisher\":{\"@id\":\"https:\/\/paulbergoutdoors.com\/et\/#organization\"},\"potentialAction\":[{\"@type\":\"SearchAction\",\"target\":{\"@type\":\"EntryPoint\",\"urlTemplate\":\"https:\/\/paulbergoutdoors.com\/et\/?s={search_term_string}\"},\"query-input\":{\"@type\":\"PropertyValueSpecification\",\"valueRequired\":true,\"valueName\":\"search_term_string\"}}],\"inLanguage\":\"et\"},{\"@type\":\"Organization\",\"@id\":\"https:\/\/paulbergoutdoors.com\/et\/#organization\",\"name\":\"Paulberg\",\"url\":\"https:\/\/paulbergoutdoors.com\/et\/\",\"logo\":{\"@type\":\"ImageObject\",\"inLanguage\":\"et\",\"@id\":\"https:\/\/paulbergoutdoors.com\/et\/#\/schema\/logo\/image\/\",\"url\":\"https:\/\/paulbergoutdoors.com\/wp-content\/uploads\/2021\/05\/paul_berg_logo.svg\",\"contentUrl\":\"https:\/\/paulbergoutdoors.com\/wp-content\/uploads\/2021\/05\/paul_berg_logo.svg\",\"width\":175,\"height\":40,\"caption\":\"Paulberg\"},\"image\":{\"@id\":\"https:\/\/paulbergoutdoors.com\/et\/#\/schema\/logo\/image\/\"}}]}<\/script>\n<!-- \/ Yoast SEO plugin. -->","yoast_head_json":{"title":"T-s\u00e4rk - Paul Berg","description":"Avara l\u00f5ikega Paul Light jakk sobib kandmiseks kevadest s\u00fcgiseni. T\u00e4nu pealiskanga tuule- ja veekindlusele ning hingavusele on m\u00f5\u00f5duka ilma kaitse tagatud. Jaki mugavustemperatuur on +5\u00b0C kuni +15\u00b0C.","robots":{"index":"index","follow":"follow","max-snippet":"max-snippet:-1","max-image-preview":"max-image-preview:large","max-video-preview":"max-video-preview:-1"},"canonical":"https:\/\/paulbergoutdoors.com\/et\/product\/paul-t-sark\/","og_locale":"et_EE","og_type":"article","og_title":"T-s\u00e4rk - Paul Berg","og_description":"Avara l\u00f5ikega Paul Light jakk sobib kandmiseks kevadest s\u00fcgiseni. T\u00e4nu pealiskanga tuule- ja veekindlusele ning hingavusele on m\u00f5\u00f5duka ilma kaitse tagatud. Jaki mugavustemperatuur on +5\u00b0C kuni +15\u00b0C.","og_url":"https:\/\/paulbergoutdoors.com\/et\/product\/paul-t-sark\/","og_site_name":"Paul Berg","article_modified_time":"2026-04-14T11:52:25+00:00","og_image":[{"url":"https:\/\/paulbergoutdoors.com\/wp-content\/uploads\/2026\/03\/Paul-Shirt_black_front_back.jpg","width":1024,"height":1024,"type":"image\/jpeg"}],"twitter_card":"summary_large_image","twitter_misc":{"Est. reading time":"1 minut"},"schema":{"@context":"https:\/\/schema.org","@graph":[{"@type":"WebPage","@id":"https:\/\/paulbergoutdoors.com\/et\/product\/paul-t-sark\/","url":"https:\/\/paulbergoutdoors.com\/et\/product\/paul-t-sark\/","name":"T-s\u00e4rk - Paul Berg","isPartOf":{"@id":"https:\/\/paulbergoutdoors.com\/et\/#website"},"primaryImageOfPage":{"@id":"https:\/\/paulbergoutdoors.com\/et\/product\/paul-t-sark\/#primaryimage"},"image":{"@id":"https:\/\/paulbergoutdoors.com\/et\/product\/paul-t-sark\/#primaryimage"},"thumbnailUrl":"https:\/\/paulbergoutdoors.com\/wp-content\/uploads\/2026\/03\/Paul-Shirt_black_front_back.jpg","datePublished":"2026-03-17T02:45:22+00:00","dateModified":"2026-04-14T11:52:25+00:00","description":"Avara l\u00f5ikega Paul Light jakk sobib kandmiseks kevadest s\u00fcgiseni. T\u00e4nu pealiskanga tuule- ja veekindlusele ning hingavusele on m\u00f5\u00f5duka ilma kaitse tagatud. Jaki mugavustemperatuur on +5\u00b0C kuni +15\u00b0C.","breadcrumb":{"@id":"https:\/\/paulbergoutdoors.com\/et\/product\/paul-t-sark\/#breadcrumb"},"inLanguage":"et","potentialAction":[{"@type":"ReadAction","target":["https:\/\/paulbergoutdoors.com\/et\/product\/paul-t-sark\/"]}]},{"@type":"ImageObject","inLanguage":"et","@id":"https:\/\/paulbergoutdoors.com\/et\/product\/paul-t-sark\/#primaryimage","url":"https:\/\/paulbergoutdoors.com\/wp-content\/uploads\/2026\/03\/Paul-Shirt_black_front_back.jpg","contentUrl":"https:\/\/paulbergoutdoors.com\/wp-content\/uploads\/2026\/03\/Paul-Shirt_black_front_back.jpg","width":2048,"height":2048},{"@type":"BreadcrumbList","@id":"https:\/\/paulbergoutdoors.com\/et\/product\/paul-t-sark\/#breadcrumb","itemListElement":[{"@type":"ListItem","position":1,"name":"Home","item":"https:\/\/paulbergoutdoors.com\/et\/"},{"@type":"ListItem","position":2,"name":"Tooted","item":"https:\/\/paulbergoutdoors.com\/products\/"},{"@type":"ListItem","position":3,"name":"T-s\u00e4rk"}]},{"@type":"WebSite","@id":"https:\/\/paulbergoutdoors.com\/et\/#website","url":"https:\/\/paulbergoutdoors.com\/et\/","name":"Paul Berg","description":"","publisher":{"@id":"https:\/\/paulbergoutdoors.com\/et\/#organization"},"potentialAction":[{"@type":"SearchAction","target":{"@type":"EntryPoint","urlTemplate":"https:\/\/paulbergoutdoors.com\/et\/?s={search_term_string}"},"query-input":{"@type":"PropertyValueSpecification","valueRequired":true,"valueName":"search_term_string"}}],"inLanguage":"et"},{"@type":"Organization","@id":"https:\/\/paulbergoutdoors.com\/et\/#organization","name":"Paulberg","url":"https:\/\/paulbergoutdoors.com\/et\/","logo":{"@type":"ImageObject","inLanguage":"et","@id":"https:\/\/paulbergoutdoors.com\/et\/#\/schema\/logo\/image\/","url":"https:\/\/paulbergoutdoors.com\/wp-content\/uploads\/2021\/05\/paul_berg_logo.svg","contentUrl":"https:\/\/paulbergoutdoors.com\/wp-content\/uploads\/2021\/05\/paul_berg_logo.svg","width":175,"height":40,"caption":"Paulberg"},"image":{"@id":"https:\/\/paulbergoutdoors.com\/et\/#\/schema\/logo\/image\/"}}]}},"jetpack_sharing_enabled":true,"_links":{"self":[{"href":"https:\/\/paulbergoutdoors.com\/et\/wp-json\/wp\/v2\/product\/6403","targetHints":{"allow":["GET"]}}],"collection":[{"href":"https:\/\/paulbergoutdoors.com\/et\/wp-json\/wp\/v2\/product"}],"about":[{"href":"https:\/\/paulbergoutdoors.com\/et\/wp-json\/wp\/v2\/types\/product"}],"wp:featuredmedia":[{"embeddable":true,"href":"https:\/\/paulbergoutdoors.com\/et\/wp-json\/wp\/v2\/media\/6392"}],"wp:attachment":[{"href":"https:\/\/paulbergoutdoors.com\/et\/wp-json\/wp\/v2\/media?parent=6403"}],"wp:term":[{"taxonomy":"product_brand","embeddable":true,"href":"https:\/\/paulbergoutdoors.com\/et\/wp-json\/wp\/v2\/product_brand?post=6403"},{"taxonomy":"product_cat","embeddable":true,"href":"https:\/\/paulbergoutdoors.com\/et\/wp-json\/wp\/v2\/product_cat?post=6403"},{"taxonomy":"product_tag","embeddable":true,"href":"https:\/\/paulbergoutdoors.com\/et\/wp-json\/wp\/v2\/product_tag?post=6403"}],"curies":[{"name":"wp","href":"https:\/\/api.w.org\/{rel}","templated":true}]}}